{"id":1038,"date":"2024-08-14T20:54:49","date_gmt":"2024-08-14T18:54:49","guid":{"rendered":"https:\/\/bulle-d-or.fr\/?page_id=1038"},"modified":"2024-08-14T21:24:59","modified_gmt":"2024-08-14T19:24:59","slug":"raclette-sous-bulle-a-la-bougie-une-experience-gourmande-et-conviviale-en-hiver","status":"publish","type":"page","link":"https:\/\/bulle-d-or.fr\/index.php\/raclette-sous-bulle-a-la-bougie-une-experience-gourmande-et-conviviale-en-hiver\/","title":{"rendered":"Raclette sous Bulle \u00e0 la bougie"},"content":{"rendered":"\n<h2 class=\"wp-block-heading\"><strong>Qu&rsquo;est-ce que la raclette sous bulle \u00e0 la bougie ?<\/strong><\/h2>\n\n\n\n<p>La raclette sous bulle \u00e0 la bougie est une exp\u00e9rience unique o\u00f9 vous pouvez savourer un repas chaud et r\u00e9confortant en pleine nature, tout en \u00e9tant prot\u00e9g\u00e9 des \u00e9l\u00e9ments par notre bulle transparente. <\/p>\n\n\n\n<p>Profitez de la beaut\u00e9 hivernale tout en partageant une raclette traditionnelle avec vos proches.<\/p>\n\n\n\n<figure class=\"wp-block-image aligncenter size-full is-resized\"><img loading=\"lazy\" decoding=\"async\" width=\"894\" height=\"894\" src=\"https:\/\/bulle-d-or.fr\/wp-content\/uploads\/2024\/08\/81JbZBV50HL._AC_UF8941000_QL80_.jpg\" alt=\"\" class=\"wp-image-1045\" style=\"width:538px;height:auto\" srcset=\"https:\/\/bulle-d-or.fr\/wp-content\/uploads\/2024\/08\/81JbZBV50HL._AC_UF8941000_QL80_.jpg 894w, https:\/\/bulle-d-or.fr\/wp-content\/uploads\/2024\/08\/81JbZBV50HL._AC_UF8941000_QL80_-300x300.jpg 300w, https:\/\/bulle-d-or.fr\/wp-content\/uploads\/2024\/08\/81JbZBV50HL._AC_UF8941000_QL80_-150x150.jpg 150w, https:\/\/bulle-d-or.fr\/wp-content\/uploads\/2024\/08\/81JbZBV50HL._AC_UF8941000_QL80_-768x768.jpg 768w\" sizes=\"auto, (max-width: 894px) 100vw, 894px\" \/><\/figure>\n\n\n\n<p><\/p>\n\n\n\n<h2 class=\"wp-block-heading\">Comment se d\u00e9roule une raclette \u00e0 la bougie sous bulle ?<\/h2>\n\n\n\n<p>Organiser une raclette sous bulle est simple.<\/p>\n\n\n\n<p>Vous r\u00e9servez la bulle pour la date de votre choix, et je m&rsquo;occupe du reste.<\/p>\n\n\n\n<p>Une fois install\u00e9 dans la bulle, vous pourrez d\u00e9guster une raclette accompagn\u00e9e de charcuteries, pommes de terre, et autres d\u00e9lices, le tout dans une ambiance chaleureuse et conviviale.<\/p>\n\n\n\n<figure class=\"wp-block-image size-large\"><img loading=\"lazy\" decoding=\"async\" width=\"1024\" height=\"448\" src=\"https:\/\/bulle-d-or.fr\/wp-content\/uploads\/2024\/08\/raclette_bougie-1024x448.jpg\" alt=\"\" class=\"wp-image-1043\" srcset=\"https:\/\/bulle-d-or.fr\/wp-content\/uploads\/2024\/08\/raclette_bougie-1024x448.jpg 1024w, https:\/\/bulle-d-or.fr\/wp-content\/uploads\/2024\/08\/raclette_bougie-300x131.jpg 300w, https:\/\/bulle-d-or.fr\/wp-content\/uploads\/2024\/08\/raclette_bougie-768x336.jpg 768w, https:\/\/bulle-d-or.fr\/wp-content\/uploads\/2024\/08\/raclette_bougie.jpg 1050w\" sizes=\"auto, (max-width: 1024px) 100vw, 1024px\" \/><\/figure>\n\n\n\n<p><\/p>\n\n\n\n<h2 class=\"wp-block-heading\">Quels sont les avantages de la raclette sous bulle ?<\/h2>\n\n\n\n<p><strong>Confort en pleine nature<\/strong> : Profitez d&rsquo;une exp\u00e9rience en plein air tout en \u00e9tant prot\u00e9g\u00e9 du froid et du vent.<\/p>\n\n\n\n<p><strong>Ambiance chaleureuse<\/strong> : La bulle est d\u00e9cor\u00e9e pour cr\u00e9er une atmosph\u00e8re cozy et festive.<\/p>\n\n\n\n<p><strong>Service tout inclus<\/strong> : Je fournis tout le mat\u00e9riel n\u00e9cessaire pour une raclette r\u00e9ussie, vous n&rsquo;avez qu&rsquo;\u00e0 vous installer et profiter.<\/p>\n\n\n\n<p><strong>Moments inoubliables<\/strong> : La raclette sous bulle est une fa\u00e7on originale et m\u00e9morable de passer un moment en famille ou entre amis.<\/p>\n","protected":false},"excerpt":{"rendered":"<p>Qu&rsquo;est-ce que la raclette sous bulle \u00e0 la bougie ? La raclette sous bulle \u00e0 [&hellip;]<\/p>\n","protected":false},"author":1,"featured_media":0,"parent":0,"menu_order":0,"comment_status":"closed","ping_status":"closed","template":"","meta":{"footnotes":""},"class_list":["post-1038","page","type-page","status-publish","hentry"],"yoast_head":"<!-- This site is optimized with the Yoast SEO plugin v27.5 - https:\/\/yoast.com\/product\/yoast-seo-wordpress\/ -->\n<title>Raclette sous Bulle \u00e0 la bougie - Bulle Or<\/title>\n<meta name=\"robots\" content=\"index, follow, max-snippet:-1, max-image-preview:large, max-video-preview:-1\" \/>\n<link rel=\"canonical\" href=\"https:\/\/bulle-d-or.fr\/index.php\/raclette-sous-bulle-a-la-bougie-une-experience-gourmande-et-conviviale-en-hiver\/\" \/>\n<meta property=\"og:locale\" content=\"fr_FR\" \/>\n<meta property=\"og:type\" content=\"article\" \/>\n<meta property=\"og:title\" content=\"Raclette sous Bulle \u00e0 la bougie - Bulle Or\" \/>\n<meta property=\"og:description\" content=\"Qu&rsquo;est-ce que la raclette sous bulle \u00e0 la bougie ? La raclette sous bulle \u00e0 [&hellip;]\" \/>\n<meta property=\"og:url\" content=\"https:\/\/bulle-d-or.fr\/index.php\/raclette-sous-bulle-a-la-bougie-une-experience-gourmande-et-conviviale-en-hiver\/\" \/>\n<meta property=\"og:site_name\" content=\"Bulle Or\" \/>\n<meta property=\"article:modified_time\" content=\"2024-08-14T19:24:59+00:00\" \/>\n<meta property=\"og:image\" content=\"https:\/\/bulle-d-or.fr\/wp-content\/uploads\/2024\/08\/81JbZBV50HL._AC_UF8941000_QL80_.jpg\" \/>\n\t<meta property=\"og:image:width\" content=\"894\" \/>\n\t<meta property=\"og:image:height\" content=\"894\" \/>\n\t<meta property=\"og:image:type\" content=\"image\/jpeg\" \/>\n<meta name=\"twitter:card\" content=\"summary_large_image\" \/>\n<meta name=\"twitter:label1\" content=\"Dur\u00e9e de lecture estim\u00e9e\" \/>\n\t<meta name=\"twitter:data1\" content=\"1 minute\" \/>\n<script type=\"application\/ld+json\" class=\"yoast-schema-graph\">{\"@context\":\"https:\\\/\\\/schema.org\",\"@graph\":[{\"@type\":\"WebPage\",\"@id\":\"https:\\\/\\\/bulle-d-or.fr\\\/index.php\\\/raclette-sous-bulle-a-la-bougie-une-experience-gourmande-et-conviviale-en-hiver\\\/\",\"url\":\"https:\\\/\\\/bulle-d-or.fr\\\/index.php\\\/raclette-sous-bulle-a-la-bougie-une-experience-gourmande-et-conviviale-en-hiver\\\/\",\"name\":\"Raclette sous Bulle \u00e0 la bougie - Bulle Or\",\"isPartOf\":{\"@id\":\"https:\\\/\\\/bulle-d-or.fr\\\/#website\"},\"primaryImageOfPage\":{\"@id\":\"https:\\\/\\\/bulle-d-or.fr\\\/index.php\\\/raclette-sous-bulle-a-la-bougie-une-experience-gourmande-et-conviviale-en-hiver\\\/#primaryimage\"},\"image\":{\"@id\":\"https:\\\/\\\/bulle-d-or.fr\\\/index.php\\\/raclette-sous-bulle-a-la-bougie-une-experience-gourmande-et-conviviale-en-hiver\\\/#primaryimage\"},\"thumbnailUrl\":\"https:\\\/\\\/bulle-d-or.fr\\\/wp-content\\\/uploads\\\/2024\\\/08\\\/81JbZBV50HL._AC_UF8941000_QL80_.jpg\",\"datePublished\":\"2024-08-14T18:54:49+00:00\",\"dateModified\":\"2024-08-14T19:24:59+00:00\",\"breadcrumb\":{\"@id\":\"https:\\\/\\\/bulle-d-or.fr\\\/index.php\\\/raclette-sous-bulle-a-la-bougie-une-experience-gourmande-et-conviviale-en-hiver\\\/#breadcrumb\"},\"inLanguage\":\"fr-FR\",\"potentialAction\":[{\"@type\":\"ReadAction\",\"target\":[\"https:\\\/\\\/bulle-d-or.fr\\\/index.php\\\/raclette-sous-bulle-a-la-bougie-une-experience-gourmande-et-conviviale-en-hiver\\\/\"]}]},{\"@type\":\"ImageObject\",\"inLanguage\":\"fr-FR\",\"@id\":\"https:\\\/\\\/bulle-d-or.fr\\\/index.php\\\/raclette-sous-bulle-a-la-bougie-une-experience-gourmande-et-conviviale-en-hiver\\\/#primaryimage\",\"url\":\"https:\\\/\\\/bulle-d-or.fr\\\/wp-content\\\/uploads\\\/2024\\\/08\\\/81JbZBV50HL._AC_UF8941000_QL80_.jpg\",\"contentUrl\":\"https:\\\/\\\/bulle-d-or.fr\\\/wp-content\\\/uploads\\\/2024\\\/08\\\/81JbZBV50HL._AC_UF8941000_QL80_.jpg\",\"width\":894,\"height\":894},{\"@type\":\"BreadcrumbList\",\"@id\":\"https:\\\/\\\/bulle-d-or.fr\\\/index.php\\\/raclette-sous-bulle-a-la-bougie-une-experience-gourmande-et-conviviale-en-hiver\\\/#breadcrumb\",\"itemListElement\":[{\"@type\":\"ListItem\",\"position\":1,\"name\":\"Home\",\"item\":\"https:\\\/\\\/bulle-d-or.fr\\\/\"},{\"@type\":\"ListItem\",\"position\":2,\"name\":\"Raclette sous Bulle \u00e0 la bougie\"}]},{\"@type\":\"WebSite\",\"@id\":\"https:\\\/\\\/bulle-d-or.fr\\\/#website\",\"url\":\"https:\\\/\\\/bulle-d-or.fr\\\/\",\"name\":\"Bulle Or\",\"description\":\"Activit\u00e9 insolite de Pique-Nique Chic sous Bulle Transparente dans le Gr\u00e9sivaudan pr\u00e9s de Grenoble\",\"publisher\":{\"@id\":\"https:\\\/\\\/bulle-d-or.fr\\\/#organization\"},\"alternateName\":\"Exp\u00e9rience de Pique-Nique Chic sous Bulle Transparente dans le Gr\u00e9sivaudan\",\"potentialAction\":[{\"@type\":\"SearchAction\",\"target\":{\"@type\":\"EntryPoint\",\"urlTemplate\":\"https:\\\/\\\/bulle-d-or.fr\\\/?s={search_term_string}\"},\"query-input\":{\"@type\":\"PropertyValueSpecification\",\"valueRequired\":true,\"valueName\":\"search_term_string\"}}],\"inLanguage\":\"fr-FR\"},{\"@type\":\"Organization\",\"@id\":\"https:\\\/\\\/bulle-d-or.fr\\\/#organization\",\"name\":\"Bulle Or\",\"url\":\"https:\\\/\\\/bulle-d-or.fr\\\/\",\"logo\":{\"@type\":\"ImageObject\",\"inLanguage\":\"fr-FR\",\"@id\":\"https:\\\/\\\/bulle-d-or.fr\\\/#\\\/schema\\\/logo\\\/image\\\/\",\"url\":\"https:\\\/\\\/bulle-d-or.fr\\\/wp-content\\\/uploads\\\/2024\\\/02\\\/bulle-d-or.png\",\"contentUrl\":\"https:\\\/\\\/bulle-d-or.fr\\\/wp-content\\\/uploads\\\/2024\\\/02\\\/bulle-d-or.png\",\"width\":927,\"height\":343,\"caption\":\"Bulle Or\"},\"image\":{\"@id\":\"https:\\\/\\\/bulle-d-or.fr\\\/#\\\/schema\\\/logo\\\/image\\\/\"}}]}<\/script>\n<!-- \/ Yoast SEO plugin. -->","yoast_head_json":{"title":"Raclette sous Bulle \u00e0 la bougie - Bulle Or","robots":{"index":"index","follow":"follow","max-snippet":"max-snippet:-1","max-image-preview":"max-image-preview:large","max-video-preview":"max-video-preview:-1"},"canonical":"https:\/\/bulle-d-or.fr\/index.php\/raclette-sous-bulle-a-la-bougie-une-experience-gourmande-et-conviviale-en-hiver\/","og_locale":"fr_FR","og_type":"article","og_title":"Raclette sous Bulle \u00e0 la bougie - Bulle Or","og_description":"Qu&rsquo;est-ce que la raclette sous bulle \u00e0 la bougie ? La raclette sous bulle \u00e0 [&hellip;]","og_url":"https:\/\/bulle-d-or.fr\/index.php\/raclette-sous-bulle-a-la-bougie-une-experience-gourmande-et-conviviale-en-hiver\/","og_site_name":"Bulle Or","article_modified_time":"2024-08-14T19:24:59+00:00","og_image":[{"width":894,"height":894,"url":"https:\/\/bulle-d-or.fr\/wp-content\/uploads\/2024\/08\/81JbZBV50HL._AC_UF8941000_QL80_.jpg","type":"image\/jpeg"}],"twitter_card":"summary_large_image","twitter_misc":{"Dur\u00e9e de lecture estim\u00e9e":"1 minute"},"schema":{"@context":"https:\/\/schema.org","@graph":[{"@type":"WebPage","@id":"https:\/\/bulle-d-or.fr\/index.php\/raclette-sous-bulle-a-la-bougie-une-experience-gourmande-et-conviviale-en-hiver\/","url":"https:\/\/bulle-d-or.fr\/index.php\/raclette-sous-bulle-a-la-bougie-une-experience-gourmande-et-conviviale-en-hiver\/","name":"Raclette sous Bulle \u00e0 la bougie - Bulle Or","isPartOf":{"@id":"https:\/\/bulle-d-or.fr\/#website"},"primaryImageOfPage":{"@id":"https:\/\/bulle-d-or.fr\/index.php\/raclette-sous-bulle-a-la-bougie-une-experience-gourmande-et-conviviale-en-hiver\/#primaryimage"},"image":{"@id":"https:\/\/bulle-d-or.fr\/index.php\/raclette-sous-bulle-a-la-bougie-une-experience-gourmande-et-conviviale-en-hiver\/#primaryimage"},"thumbnailUrl":"https:\/\/bulle-d-or.fr\/wp-content\/uploads\/2024\/08\/81JbZBV50HL._AC_UF8941000_QL80_.jpg","datePublished":"2024-08-14T18:54:49+00:00","dateModified":"2024-08-14T19:24:59+00:00","breadcrumb":{"@id":"https:\/\/bulle-d-or.fr\/index.php\/raclette-sous-bulle-a-la-bougie-une-experience-gourmande-et-conviviale-en-hiver\/#breadcrumb"},"inLanguage":"fr-FR","potentialAction":[{"@type":"ReadAction","target":["https:\/\/bulle-d-or.fr\/index.php\/raclette-sous-bulle-a-la-bougie-une-experience-gourmande-et-conviviale-en-hiver\/"]}]},{"@type":"ImageObject","inLanguage":"fr-FR","@id":"https:\/\/bulle-d-or.fr\/index.php\/raclette-sous-bulle-a-la-bougie-une-experience-gourmande-et-conviviale-en-hiver\/#primaryimage","url":"https:\/\/bulle-d-or.fr\/wp-content\/uploads\/2024\/08\/81JbZBV50HL._AC_UF8941000_QL80_.jpg","contentUrl":"https:\/\/bulle-d-or.fr\/wp-content\/uploads\/2024\/08\/81JbZBV50HL._AC_UF8941000_QL80_.jpg","width":894,"height":894},{"@type":"BreadcrumbList","@id":"https:\/\/bulle-d-or.fr\/index.php\/raclette-sous-bulle-a-la-bougie-une-experience-gourmande-et-conviviale-en-hiver\/#breadcrumb","itemListElement":[{"@type":"ListItem","position":1,"name":"Home","item":"https:\/\/bulle-d-or.fr\/"},{"@type":"ListItem","position":2,"name":"Raclette sous Bulle \u00e0 la bougie"}]},{"@type":"WebSite","@id":"https:\/\/bulle-d-or.fr\/#website","url":"https:\/\/bulle-d-or.fr\/","name":"Bulle Or","description":"Activit\u00e9 insolite de Pique-Nique Chic sous Bulle Transparente dans le Gr\u00e9sivaudan pr\u00e9s de Grenoble","publisher":{"@id":"https:\/\/bulle-d-or.fr\/#organization"},"alternateName":"Exp\u00e9rience de Pique-Nique Chic sous Bulle Transparente dans le Gr\u00e9sivaudan","potentialAction":[{"@type":"SearchAction","target":{"@type":"EntryPoint","urlTemplate":"https:\/\/bulle-d-or.fr\/?s={search_term_string}"},"query-input":{"@type":"PropertyValueSpecification","valueRequired":true,"valueName":"search_term_string"}}],"inLanguage":"fr-FR"},{"@type":"Organization","@id":"https:\/\/bulle-d-or.fr\/#organization","name":"Bulle Or","url":"https:\/\/bulle-d-or.fr\/","logo":{"@type":"ImageObject","inLanguage":"fr-FR","@id":"https:\/\/bulle-d-or.fr\/#\/schema\/logo\/image\/","url":"https:\/\/bulle-d-or.fr\/wp-content\/uploads\/2024\/02\/bulle-d-or.png","contentUrl":"https:\/\/bulle-d-or.fr\/wp-content\/uploads\/2024\/02\/bulle-d-or.png","width":927,"height":343,"caption":"Bulle Or"},"image":{"@id":"https:\/\/bulle-d-or.fr\/#\/schema\/logo\/image\/"}}]}},"_links":{"self":[{"href":"https:\/\/bulle-d-or.fr\/index.php\/wp-json\/wp\/v2\/pages\/1038","targetHints":{"allow":["GET"]}}],"collection":[{"href":"https:\/\/bulle-d-or.fr\/index.php\/wp-json\/wp\/v2\/pages"}],"about":[{"href":"https:\/\/bulle-d-or.fr\/index.php\/wp-json\/wp\/v2\/types\/page"}],"author":[{"embeddable":true,"href":"https:\/\/bulle-d-or.fr\/index.php\/wp-json\/wp\/v2\/users\/1"}],"replies":[{"embeddable":true,"href":"https:\/\/bulle-d-or.fr\/index.php\/wp-json\/wp\/v2\/comments?post=1038"}],"version-history":[{"count":8,"href":"https:\/\/bulle-d-or.fr\/index.php\/wp-json\/wp\/v2\/pages\/1038\/revisions"}],"predecessor-version":[{"id":1057,"href":"https:\/\/bulle-d-or.fr\/index.php\/wp-json\/wp\/v2\/pages\/1038\/revisions\/1057"}],"wp:attachment":[{"href":"https:\/\/bulle-d-or.fr\/index.php\/wp-json\/wp\/v2\/media?parent=1038"}],"curies":[{"name":"wp","href":"https:\/\/api.w.org\/{rel}","templated":true}]}}