{"id":1058,"date":"2024-08-14T21:30:19","date_gmt":"2024-08-14T19:30:19","guid":{"rendered":"https:\/\/bulle-d-or.fr\/?page_id=1058"},"modified":"2024-08-14T22:12:25","modified_gmt":"2024-08-14T20:12:25","slug":"selon-les-saisons","status":"publish","type":"page","link":"https:\/\/bulle-d-or.fr\/index.php\/selon-les-saisons\/","title":{"rendered":"Selon les saisons"},"content":{"rendered":"\n<p>Je vous propose selon les saisons des bulles aux ambiances diff\u00e9rentes.<\/p>\n\n\n\n<h2 class=\"wp-block-heading\">Bulle d&rsquo;Hiver \/ Automne<\/h2>\n\n\n\n<p>En hiver pour une ambiance chaleureuse et conviviale, quoi de plus appr\u00e9ciable que de d\u00e9guster une <a href=\"https:\/\/bulle-d-or.fr\/index.php\/raclette-sous-bulle-a-la-bougie-une-experience-gourmande-et-conviviale-en-hiver\/\" data-type=\"page\" data-id=\"1038\">raclette \u00e0 la bougie<\/a> \u00e0 l&rsquo;abris du froid pour r\u00e9chauffer les c\u0153urs et les estomacs&#8230;<\/p>\n\n\n\n<p>Un nouveau th\u00e8me \u00e0 l&rsquo;ambiance chalet cocooning sera disponible avant l&rsquo;hiver 2024\/2025<\/p>\n\n\n\n<figure class=\"wp-block-image aligncenter size-full is-resized\"><a href=\"https:\/\/bulle-d-or.fr\/index.php\/raclette-sous-bulle-a-la-bougie-une-experience-gourmande-et-conviviale-en-hiver\/\"><img loading=\"lazy\" decoding=\"async\" width=\"480\" height=\"480\" src=\"https:\/\/bulle-d-or.fr\/wp-content\/uploads\/2024\/08\/Tente.jpg\" alt=\"\" class=\"wp-image-1075\" style=\"width:650px;height:auto\" srcset=\"https:\/\/bulle-d-or.fr\/wp-content\/uploads\/2024\/08\/Tente.jpg 480w, https:\/\/bulle-d-or.fr\/wp-content\/uploads\/2024\/08\/Tente-300x300.jpg 300w, https:\/\/bulle-d-or.fr\/wp-content\/uploads\/2024\/08\/Tente-150x150.jpg 150w\" sizes=\"auto, (max-width: 480px) 100vw, 480px\" \/><\/a><\/figure>\n\n\n\n<h2 class=\"wp-block-heading\">Bulle d&rsquo;<strong>\u00c9<\/strong>t\u00e9 \/ Printemps<\/h2>\n\n\n\n<p>Pendant la p\u00e9riode d&rsquo;\u00e9t\u00e9 et printemps, profitez de la bulle pour des pique-nique chics entre amis en profitant de <a href=\"https:\/\/bulle-d-or.fr\/index.php\/tarifs\/\" data-type=\"page\" data-id=\"84\">nos plateaux repas<\/a> constitu\u00e9s de produits locaux.  <\/p>\n\n\n\n<p>Vous pourrez appr\u00e9cier des moments magiques lors de longues soir\u00e9es d&rsquo;\u00e9t\u00e9<\/p>\n\n\n\n<figure class=\"wp-block-image aligncenter size-large is-resized\"><img loading=\"lazy\" decoding=\"async\" width=\"1024\" height=\"974\" src=\"https:\/\/bulle-d-or.fr\/wp-content\/uploads\/2024\/08\/FB_IMG_1721984477305-1-1024x974.jpg\" alt=\"\" class=\"wp-image-1085\" style=\"width:650px\" srcset=\"https:\/\/bulle-d-or.fr\/wp-content\/uploads\/2024\/08\/FB_IMG_1721984477305-1-1024x974.jpg 1024w, https:\/\/bulle-d-or.fr\/wp-content\/uploads\/2024\/08\/FB_IMG_1721984477305-1-300x285.jpg 300w, https:\/\/bulle-d-or.fr\/wp-content\/uploads\/2024\/08\/FB_IMG_1721984477305-1-768x730.jpg 768w, https:\/\/bulle-d-or.fr\/wp-content\/uploads\/2024\/08\/FB_IMG_1721984477305-1.jpg 1080w\" sizes=\"auto, (max-width: 1024px) 100vw, 1024px\" \/><\/figure>\n\n\n\n<p>Contactez moi pour la moindre demande<\/p>\n","protected":false},"excerpt":{"rendered":"<p>Je vous propose selon les saisons des bulles aux ambiances diff\u00e9rentes. Bulle d&rsquo;Hiver \/ Automne [&hellip;]<\/p>\n","protected":false},"author":1,"featured_media":0,"parent":0,"menu_order":0,"comment_status":"closed","ping_status":"closed","template":"","meta":{"footnotes":""},"class_list":["post-1058","page","type-page","status-publish","hentry"],"yoast_head":"<!-- This site is optimized with the Yoast SEO plugin v27.5 - https:\/\/yoast.com\/product\/yoast-seo-wordpress\/ -->\n<title>Selon les saisons - Bulle Or<\/title>\n<meta name=\"robots\" content=\"index, follow, max-snippet:-1, max-image-preview:large, max-video-preview:-1\" \/>\n<link rel=\"canonical\" href=\"https:\/\/bulle-d-or.fr\/index.php\/selon-les-saisons\/\" \/>\n<meta property=\"og:locale\" content=\"fr_FR\" \/>\n<meta property=\"og:type\" content=\"article\" \/>\n<meta property=\"og:title\" content=\"Selon les saisons - Bulle Or\" \/>\n<meta property=\"og:description\" content=\"Je vous propose selon les saisons des bulles aux ambiances diff\u00e9rentes. Bulle d&rsquo;Hiver \/ Automne [&hellip;]\" \/>\n<meta property=\"og:url\" content=\"https:\/\/bulle-d-or.fr\/index.php\/selon-les-saisons\/\" \/>\n<meta property=\"og:site_name\" content=\"Bulle Or\" \/>\n<meta property=\"article:modified_time\" content=\"2024-08-14T20:12:25+00:00\" \/>\n<meta property=\"og:image\" content=\"https:\/\/bulle-d-or.fr\/wp-content\/uploads\/2024\/08\/Tente.jpg\" \/>\n\t<meta property=\"og:image:width\" content=\"480\" \/>\n\t<meta property=\"og:image:height\" content=\"480\" \/>\n\t<meta property=\"og:image:type\" content=\"image\/jpeg\" \/>\n<meta name=\"twitter:card\" content=\"summary_large_image\" \/>\n<meta name=\"twitter:label1\" content=\"Dur\u00e9e de lecture estim\u00e9e\" \/>\n\t<meta name=\"twitter:data1\" content=\"1 minute\" \/>\n<script type=\"application\/ld+json\" class=\"yoast-schema-graph\">{\"@context\":\"https:\\\/\\\/schema.org\",\"@graph\":[{\"@type\":\"WebPage\",\"@id\":\"https:\\\/\\\/bulle-d-or.fr\\\/index.php\\\/selon-les-saisons\\\/\",\"url\":\"https:\\\/\\\/bulle-d-or.fr\\\/index.php\\\/selon-les-saisons\\\/\",\"name\":\"Selon les saisons - Bulle Or\",\"isPartOf\":{\"@id\":\"https:\\\/\\\/bulle-d-or.fr\\\/#website\"},\"primaryImageOfPage\":{\"@id\":\"https:\\\/\\\/bulle-d-or.fr\\\/index.php\\\/selon-les-saisons\\\/#primaryimage\"},\"image\":{\"@id\":\"https:\\\/\\\/bulle-d-or.fr\\\/index.php\\\/selon-les-saisons\\\/#primaryimage\"},\"thumbnailUrl\":\"https:\\\/\\\/bulle-d-or.fr\\\/wp-content\\\/uploads\\\/2024\\\/08\\\/Tente.jpg\",\"datePublished\":\"2024-08-14T19:30:19+00:00\",\"dateModified\":\"2024-08-14T20:12:25+00:00\",\"breadcrumb\":{\"@id\":\"https:\\\/\\\/bulle-d-or.fr\\\/index.php\\\/selon-les-saisons\\\/#breadcrumb\"},\"inLanguage\":\"fr-FR\",\"potentialAction\":[{\"@type\":\"ReadAction\",\"target\":[\"https:\\\/\\\/bulle-d-or.fr\\\/index.php\\\/selon-les-saisons\\\/\"]}]},{\"@type\":\"ImageObject\",\"inLanguage\":\"fr-FR\",\"@id\":\"https:\\\/\\\/bulle-d-or.fr\\\/index.php\\\/selon-les-saisons\\\/#primaryimage\",\"url\":\"https:\\\/\\\/bulle-d-or.fr\\\/wp-content\\\/uploads\\\/2024\\\/08\\\/Tente.jpg\",\"contentUrl\":\"https:\\\/\\\/bulle-d-or.fr\\\/wp-content\\\/uploads\\\/2024\\\/08\\\/Tente.jpg\",\"width\":480,\"height\":480},{\"@type\":\"BreadcrumbList\",\"@id\":\"https:\\\/\\\/bulle-d-or.fr\\\/index.php\\\/selon-les-saisons\\\/#breadcrumb\",\"itemListElement\":[{\"@type\":\"ListItem\",\"position\":1,\"name\":\"Home\",\"item\":\"https:\\\/\\\/bulle-d-or.fr\\\/\"},{\"@type\":\"ListItem\",\"position\":2,\"name\":\"Selon les saisons\"}]},{\"@type\":\"WebSite\",\"@id\":\"https:\\\/\\\/bulle-d-or.fr\\\/#website\",\"url\":\"https:\\\/\\\/bulle-d-or.fr\\\/\",\"name\":\"Bulle Or\",\"description\":\"Activit\u00e9 insolite de Pique-Nique Chic sous Bulle Transparente dans le Gr\u00e9sivaudan pr\u00e9s de Grenoble\",\"publisher\":{\"@id\":\"https:\\\/\\\/bulle-d-or.fr\\\/#organization\"},\"alternateName\":\"Exp\u00e9rience de Pique-Nique Chic sous Bulle Transparente dans le Gr\u00e9sivaudan\",\"potentialAction\":[{\"@type\":\"SearchAction\",\"target\":{\"@type\":\"EntryPoint\",\"urlTemplate\":\"https:\\\/\\\/bulle-d-or.fr\\\/?s={search_term_string}\"},\"query-input\":{\"@type\":\"PropertyValueSpecification\",\"valueRequired\":true,\"valueName\":\"search_term_string\"}}],\"inLanguage\":\"fr-FR\"},{\"@type\":\"Organization\",\"@id\":\"https:\\\/\\\/bulle-d-or.fr\\\/#organization\",\"name\":\"Bulle Or\",\"url\":\"https:\\\/\\\/bulle-d-or.fr\\\/\",\"logo\":{\"@type\":\"ImageObject\",\"inLanguage\":\"fr-FR\",\"@id\":\"https:\\\/\\\/bulle-d-or.fr\\\/#\\\/schema\\\/logo\\\/image\\\/\",\"url\":\"https:\\\/\\\/bulle-d-or.fr\\\/wp-content\\\/uploads\\\/2024\\\/02\\\/bulle-d-or.png\",\"contentUrl\":\"https:\\\/\\\/bulle-d-or.fr\\\/wp-content\\\/uploads\\\/2024\\\/02\\\/bulle-d-or.png\",\"width\":927,\"height\":343,\"caption\":\"Bulle Or\"},\"image\":{\"@id\":\"https:\\\/\\\/bulle-d-or.fr\\\/#\\\/schema\\\/logo\\\/image\\\/\"}}]}<\/script>\n<!-- \/ Yoast SEO plugin. -->","yoast_head_json":{"title":"Selon les saisons - Bulle Or","robots":{"index":"index","follow":"follow","max-snippet":"max-snippet:-1","max-image-preview":"max-image-preview:large","max-video-preview":"max-video-preview:-1"},"canonical":"https:\/\/bulle-d-or.fr\/index.php\/selon-les-saisons\/","og_locale":"fr_FR","og_type":"article","og_title":"Selon les saisons - Bulle Or","og_description":"Je vous propose selon les saisons des bulles aux ambiances diff\u00e9rentes. Bulle d&rsquo;Hiver \/ Automne [&hellip;]","og_url":"https:\/\/bulle-d-or.fr\/index.php\/selon-les-saisons\/","og_site_name":"Bulle Or","article_modified_time":"2024-08-14T20:12:25+00:00","og_image":[{"width":480,"height":480,"url":"https:\/\/bulle-d-or.fr\/wp-content\/uploads\/2024\/08\/Tente.jpg","type":"image\/jpeg"}],"twitter_card":"summary_large_image","twitter_misc":{"Dur\u00e9e de lecture estim\u00e9e":"1 minute"},"schema":{"@context":"https:\/\/schema.org","@graph":[{"@type":"WebPage","@id":"https:\/\/bulle-d-or.fr\/index.php\/selon-les-saisons\/","url":"https:\/\/bulle-d-or.fr\/index.php\/selon-les-saisons\/","name":"Selon les saisons - Bulle Or","isPartOf":{"@id":"https:\/\/bulle-d-or.fr\/#website"},"primaryImageOfPage":{"@id":"https:\/\/bulle-d-or.fr\/index.php\/selon-les-saisons\/#primaryimage"},"image":{"@id":"https:\/\/bulle-d-or.fr\/index.php\/selon-les-saisons\/#primaryimage"},"thumbnailUrl":"https:\/\/bulle-d-or.fr\/wp-content\/uploads\/2024\/08\/Tente.jpg","datePublished":"2024-08-14T19:30:19+00:00","dateModified":"2024-08-14T20:12:25+00:00","breadcrumb":{"@id":"https:\/\/bulle-d-or.fr\/index.php\/selon-les-saisons\/#breadcrumb"},"inLanguage":"fr-FR","potentialAction":[{"@type":"ReadAction","target":["https:\/\/bulle-d-or.fr\/index.php\/selon-les-saisons\/"]}]},{"@type":"ImageObject","inLanguage":"fr-FR","@id":"https:\/\/bulle-d-or.fr\/index.php\/selon-les-saisons\/#primaryimage","url":"https:\/\/bulle-d-or.fr\/wp-content\/uploads\/2024\/08\/Tente.jpg","contentUrl":"https:\/\/bulle-d-or.fr\/wp-content\/uploads\/2024\/08\/Tente.jpg","width":480,"height":480},{"@type":"BreadcrumbList","@id":"https:\/\/bulle-d-or.fr\/index.php\/selon-les-saisons\/#breadcrumb","itemListElement":[{"@type":"ListItem","position":1,"name":"Home","item":"https:\/\/bulle-d-or.fr\/"},{"@type":"ListItem","position":2,"name":"Selon les saisons"}]},{"@type":"WebSite","@id":"https:\/\/bulle-d-or.fr\/#website","url":"https:\/\/bulle-d-or.fr\/","name":"Bulle Or","description":"Activit\u00e9 insolite de Pique-Nique Chic sous Bulle Transparente dans le Gr\u00e9sivaudan pr\u00e9s de Grenoble","publisher":{"@id":"https:\/\/bulle-d-or.fr\/#organization"},"alternateName":"Exp\u00e9rience de Pique-Nique Chic sous Bulle Transparente dans le Gr\u00e9sivaudan","potentialAction":[{"@type":"SearchAction","target":{"@type":"EntryPoint","urlTemplate":"https:\/\/bulle-d-or.fr\/?s={search_term_string}"},"query-input":{"@type":"PropertyValueSpecification","valueRequired":true,"valueName":"search_term_string"}}],"inLanguage":"fr-FR"},{"@type":"Organization","@id":"https:\/\/bulle-d-or.fr\/#organization","name":"Bulle Or","url":"https:\/\/bulle-d-or.fr\/","logo":{"@type":"ImageObject","inLanguage":"fr-FR","@id":"https:\/\/bulle-d-or.fr\/#\/schema\/logo\/image\/","url":"https:\/\/bulle-d-or.fr\/wp-content\/uploads\/2024\/02\/bulle-d-or.png","contentUrl":"https:\/\/bulle-d-or.fr\/wp-content\/uploads\/2024\/02\/bulle-d-or.png","width":927,"height":343,"caption":"Bulle Or"},"image":{"@id":"https:\/\/bulle-d-or.fr\/#\/schema\/logo\/image\/"}}]}},"_links":{"self":[{"href":"https:\/\/bulle-d-or.fr\/index.php\/wp-json\/wp\/v2\/pages\/1058","targetHints":{"allow":["GET"]}}],"collection":[{"href":"https:\/\/bulle-d-or.fr\/index.php\/wp-json\/wp\/v2\/pages"}],"about":[{"href":"https:\/\/bulle-d-or.fr\/index.php\/wp-json\/wp\/v2\/types\/page"}],"author":[{"embeddable":true,"href":"https:\/\/bulle-d-or.fr\/index.php\/wp-json\/wp\/v2\/users\/1"}],"replies":[{"embeddable":true,"href":"https:\/\/bulle-d-or.fr\/index.php\/wp-json\/wp\/v2\/comments?post=1058"}],"version-history":[{"count":9,"href":"https:\/\/bulle-d-or.fr\/index.php\/wp-json\/wp\/v2\/pages\/1058\/revisions"}],"predecessor-version":[{"id":1087,"href":"https:\/\/bulle-d-or.fr\/index.php\/wp-json\/wp\/v2\/pages\/1058\/revisions\/1087"}],"wp:attachment":[{"href":"https:\/\/bulle-d-or.fr\/index.php\/wp-json\/wp\/v2\/media?parent=1058"}],"curies":[{"name":"wp","href":"https:\/\/api.w.org\/{rel}","templated":true}]}}