{"id":1104,"date":"2024-09-16T20:20:39","date_gmt":"2024-09-16T18:20:39","guid":{"rendered":"https:\/\/bulle-d-or.fr\/?page_id=1104"},"modified":"2024-09-16T20:26:39","modified_gmt":"2024-09-16T18:26:39","slug":"theme-automne","status":"publish","type":"page","link":"https:\/\/bulle-d-or.fr\/index.php\/theme-automne\/","title":{"rendered":"Th\u00e8me Automne"},"content":{"rendered":"\n<h2 class=\"wp-block-heading\">Une Immersion Totale dans l&rsquo;Automne<\/h2>\n\n\n\n<p>Dans notre <strong>bulle d\u2019automne<\/strong>, laissez-vous emporter par l\u2019atmosph\u00e8re calme et sereine des bois en cette saison de transition. Profitez des paysages changeants o\u00f9 les couleurs flamboyantes se m\u00ealent aux senteurs de la nature. Chaque d\u00e9tail de la d\u00e9coration int\u00e9rieure est pens\u00e9 pour vous offrir un v\u00e9ritable moment d\u2019\u00e9vasion et de bien-\u00eatre.<\/p>\n\n\n\n<figure class=\"wp-block-gallery has-nested-images columns-default is-cropped wp-block-gallery-1 is-layout-flex wp-block-gallery-is-layout-flex\">\n<figure class=\"wp-block-image size-large\"><img loading=\"lazy\" decoding=\"async\" width=\"794\" height=\"1024\" data-id=\"1105\" src=\"https:\/\/bulle-d-or.fr\/wp-content\/uploads\/2024\/09\/PXL_20240916_0808448662-794x1024.jpg\" alt=\"\" class=\"wp-image-1105\" srcset=\"https:\/\/bulle-d-or.fr\/wp-content\/uploads\/2024\/09\/PXL_20240916_0808448662-794x1024.jpg 794w, https:\/\/bulle-d-or.fr\/wp-content\/uploads\/2024\/09\/PXL_20240916_0808448662-233x300.jpg 233w, https:\/\/bulle-d-or.fr\/wp-content\/uploads\/2024\/09\/PXL_20240916_0808448662-768x990.jpg 768w, https:\/\/bulle-d-or.fr\/wp-content\/uploads\/2024\/09\/PXL_20240916_0808448662.jpg 908w\" sizes=\"auto, (max-width: 794px) 100vw, 794px\" \/><\/figure>\n\n\n\n<figure class=\"wp-block-image size-large\"><img loading=\"lazy\" decoding=\"async\" width=\"671\" height=\"1024\" data-id=\"1106\" src=\"https:\/\/bulle-d-or.fr\/wp-content\/uploads\/2024\/09\/PXL_20240916_080558193.NIGHT2_-671x1024.jpg\" alt=\"\" class=\"wp-image-1106\" srcset=\"https:\/\/bulle-d-or.fr\/wp-content\/uploads\/2024\/09\/PXL_20240916_080558193.NIGHT2_-671x1024.jpg 671w, https:\/\/bulle-d-or.fr\/wp-content\/uploads\/2024\/09\/PXL_20240916_080558193.NIGHT2_-197x300.jpg 197w, https:\/\/bulle-d-or.fr\/wp-content\/uploads\/2024\/09\/PXL_20240916_080558193.NIGHT2_-768x1171.jpg 768w, https:\/\/bulle-d-or.fr\/wp-content\/uploads\/2024\/09\/PXL_20240916_080558193.NIGHT2_.jpg 908w\" sizes=\"auto, (max-width: 671px) 100vw, 671px\" \/><\/figure>\n\n\n\n<figure class=\"wp-block-image size-large\"><img loading=\"lazy\" decoding=\"async\" width=\"652\" height=\"1024\" data-id=\"1107\" src=\"https:\/\/bulle-d-or.fr\/wp-content\/uploads\/2024\/09\/PXL_20240916_0803436882-652x1024.jpg\" alt=\"\" class=\"wp-image-1107\" srcset=\"https:\/\/bulle-d-or.fr\/wp-content\/uploads\/2024\/09\/PXL_20240916_0803436882-652x1024.jpg 652w, https:\/\/bulle-d-or.fr\/wp-content\/uploads\/2024\/09\/PXL_20240916_0803436882-191x300.jpg 191w, https:\/\/bulle-d-or.fr\/wp-content\/uploads\/2024\/09\/PXL_20240916_0803436882-768x1205.jpg 768w, https:\/\/bulle-d-or.fr\/wp-content\/uploads\/2024\/09\/PXL_20240916_0803436882.jpg 908w\" sizes=\"auto, (max-width: 652px) 100vw, 652px\" \/><\/figure>\n\n\n\n<figure class=\"wp-block-image size-large\"><img loading=\"lazy\" decoding=\"async\" width=\"576\" height=\"1024\" data-id=\"1108\" src=\"https:\/\/bulle-d-or.fr\/wp-content\/uploads\/2024\/09\/PXL_20240916_080742773-576x1024.jpg\" alt=\"\" class=\"wp-image-1108\" srcset=\"https:\/\/bulle-d-or.fr\/wp-content\/uploads\/2024\/09\/PXL_20240916_080742773-576x1024.jpg 576w, https:\/\/bulle-d-or.fr\/wp-content\/uploads\/2024\/09\/PXL_20240916_080742773-169x300.jpg 169w, https:\/\/bulle-d-or.fr\/wp-content\/uploads\/2024\/09\/PXL_20240916_080742773-768x1364.jpg 768w, https:\/\/bulle-d-or.fr\/wp-content\/uploads\/2024\/09\/PXL_20240916_080742773-865x1536.jpg 865w, https:\/\/bulle-d-or.fr\/wp-content\/uploads\/2024\/09\/PXL_20240916_080742773.jpg 908w\" sizes=\"auto, (max-width: 576px) 100vw, 576px\" \/><\/figure>\n<\/figure>\n\n\n\n<p><\/p>\n\n\n\n<h2 class=\"wp-block-heading\">Une exp\u00e9rience \u00e0 ne pas manquer<\/h2>\n\n\n\n<p>Le <strong>Th\u00e8me d&rsquo;Automne<\/strong> est l&rsquo;occasion parfaite pour ralentir le rythme et vous reconnecter \u00e0 la nature dans un cadre qui allie confort et simplicit\u00e9. Venez vivre un moment hors du temps, dans une bulle con\u00e7ue pour sublimer les merveilles de l&rsquo;automne.<\/p>\n\n\n\n<p>R\u00e9servez d\u00e8s maintenant votre s\u00e9jour dans notre bulle automnale et laissez-vous s\u00e9duire par l\u2019\u00e9l\u00e9gance et la douceur de cette saison si particuli\u00e8re.<\/p>\n\n\n\n<p><\/p>\n\n\n\n<h2 class=\"wp-block-heading\">Carton d&rsquo;invitation Automne<\/h2>\n\n\n\n<p>Nous vous offrons une carte d&rsquo;invitation personnalis\u00e9e num\u00e9rique \u00e0 envoyer \u00e0 vos convives<\/p>\n\n\n\n<p><\/p>\n\n\n\n<figure class=\"wp-block-image aligncenter size-large\"><img loading=\"lazy\" decoding=\"async\" width=\"576\" height=\"1024\" src=\"https:\/\/bulle-d-or.fr\/wp-content\/uploads\/2024\/09\/InCollage_20240916_202525151-576x1024.jpg\" alt=\"\" class=\"wp-image-1117\" srcset=\"https:\/\/bulle-d-or.fr\/wp-content\/uploads\/2024\/09\/InCollage_20240916_202525151-576x1024.jpg 576w, https:\/\/bulle-d-or.fr\/wp-content\/uploads\/2024\/09\/InCollage_20240916_202525151-169x300.jpg 169w, https:\/\/bulle-d-or.fr\/wp-content\/uploads\/2024\/09\/InCollage_20240916_202525151-768x1365.jpg 768w, https:\/\/bulle-d-or.fr\/wp-content\/uploads\/2024\/09\/InCollage_20240916_202525151-864x1536.jpg 864w, https:\/\/bulle-d-or.fr\/wp-content\/uploads\/2024\/09\/InCollage_20240916_202525151.jpg 869w\" sizes=\"auto, (max-width: 576px) 100vw, 576px\" \/><\/figure>\n\n\n\n<div class=\"wp-block-cover alignfull is-light\" style=\"padding-top:var(--wp--preset--spacing--medium);padding-right:30px;padding-bottom:0;padding-left:30px;min-height:284px;aspect-ratio:unset;\"><span aria-hidden=\"true\" class=\"wp-block-cover__background has-background-dim-0 has-background-dim\"><\/span><img loading=\"lazy\" decoding=\"async\" width=\"485\" height=\"212\" class=\"wp-block-cover__image-background wp-image-373\" alt=\"\" src=\"https:\/\/bulle-d-or.fr\/wp-content\/uploads\/2024\/03\/fdc1c5-4.png\" data-object-fit=\"cover\" srcset=\"https:\/\/bulle-d-or.fr\/wp-content\/uploads\/2024\/03\/fdc1c5-4.png 485w, https:\/\/bulle-d-or.fr\/wp-content\/uploads\/2024\/03\/fdc1c5-4-300x131.png 300w\" sizes=\"auto, (max-width: 485px) 100vw, 485px\" \/><div class=\"wp-block-cover__inner-container is-layout-flow wp-block-cover-is-layout-flow\">\n<div class=\"wp-block-group alignfull gutenify-section-f9593890-d092-11ed-8ce7-6b0c7b3708f0 is-layout-constrained wp-block-group-is-layout-constrained\">\n<div class=\"wp-block-columns are-vertically-aligned-center gutenify-section-f958ea70-d092-11ed-8ce7-6b0c7b3708f0 is-layout-flex wp-container-core-columns-is-layout-7e464bea wp-block-columns-is-layout-flex\">\n<div class=\"wp-block-column is-vertically-aligned-center gutenify-section-f95763d0-d092-11ed-8ce7-6b0c7b3708f0 is-layout-flow wp-block-column-is-layout-flow\" style=\"flex-basis:75%\">\n<div class=\"wp-block-group gutenify-section-f9567970-d092-11ed-8ce7-6b0c7b3708f0 is-layout-flow wp-block-group-is-layout-flow\">\n<h2 class=\"wp-block-heading has-text-align-left animated animated-fadeInUp has-white-color has-text-color has-slider-title-font-size\"><strong>Pr\u00eats \u00c0 Cr\u00e9er Des Souvenirs M\u00e9morables ?<\/strong><\/h2>\n<\/div>\n<\/div>\n\n\n\n<div class=\"wp-block-column is-vertically-aligned-center gutenify-section-f9589c50-d092-11ed-8ce7-6b0c7b3708f0 is-layout-flow wp-block-column-is-layout-flow\" style=\"flex-basis:25%\">\n<div class=\"wp-block-buttons  animated animated-fadeInUp is-content-justification-right is-layout-flex wp-container-core-buttons-is-layout-d445cf74 wp-block-buttons-is-layout-flex\">\n<div class=\"wp-block-button\"><a class=\"wp-block-button__link wp-element-button\" href=\"https:\/\/bulle-d-or.fr\/index.php\/contactez-nous\/\">Contactez-nous<\/a><\/div>\n<\/div>\n<\/div>\n<\/div>\n<\/div>\n<\/div><\/div>\n","protected":false},"excerpt":{"rendered":"<p>Une Immersion Totale dans l&rsquo;Automne Dans notre bulle d\u2019automne, laissez-vous emporter par l\u2019atmosph\u00e8re calme et [&hellip;]<\/p>\n","protected":false},"author":1,"featured_media":0,"parent":0,"menu_order":0,"comment_status":"closed","ping_status":"closed","template":"","meta":{"footnotes":""},"class_list":["post-1104","page","type-page","status-publish","hentry"],"yoast_head":"<!-- This site is optimized with the Yoast SEO plugin v27.5 - https:\/\/yoast.com\/product\/yoast-seo-wordpress\/ -->\n<title>Th\u00e8me Automne - Bulle Or<\/title>\n<meta name=\"robots\" content=\"index, follow, max-snippet:-1, max-image-preview:large, max-video-preview:-1\" \/>\n<link rel=\"canonical\" href=\"https:\/\/bulle-d-or.fr\/index.php\/theme-automne\/\" \/>\n<meta property=\"og:locale\" content=\"fr_FR\" \/>\n<meta property=\"og:type\" content=\"article\" \/>\n<meta property=\"og:title\" content=\"Th\u00e8me Automne - Bulle Or\" \/>\n<meta property=\"og:description\" content=\"Une Immersion Totale dans l&rsquo;Automne Dans notre bulle d\u2019automne, laissez-vous emporter par l\u2019atmosph\u00e8re calme et [&hellip;]\" \/>\n<meta property=\"og:url\" content=\"https:\/\/bulle-d-or.fr\/index.php\/theme-automne\/\" \/>\n<meta property=\"og:site_name\" content=\"Bulle Or\" \/>\n<meta property=\"article:modified_time\" content=\"2024-09-16T18:26:39+00:00\" \/>\n<meta property=\"og:image\" content=\"https:\/\/bulle-d-or.fr\/wp-content\/uploads\/2024\/09\/PXL_20240916_0808448662.jpg\" \/>\n\t<meta property=\"og:image:width\" content=\"908\" \/>\n\t<meta property=\"og:image:height\" content=\"1171\" \/>\n\t<meta property=\"og:image:type\" content=\"image\/jpeg\" \/>\n<meta name=\"twitter:card\" content=\"summary_large_image\" \/>\n<meta name=\"twitter:label1\" content=\"Dur\u00e9e de lecture estim\u00e9e\" \/>\n\t<meta name=\"twitter:data1\" content=\"1 minute\" \/>\n<script type=\"application\/ld+json\" class=\"yoast-schema-graph\">{\"@context\":\"https:\\\/\\\/schema.org\",\"@graph\":[{\"@type\":\"WebPage\",\"@id\":\"https:\\\/\\\/bulle-d-or.fr\\\/index.php\\\/theme-automne\\\/\",\"url\":\"https:\\\/\\\/bulle-d-or.fr\\\/index.php\\\/theme-automne\\\/\",\"name\":\"Th\u00e8me Automne - Bulle Or\",\"isPartOf\":{\"@id\":\"https:\\\/\\\/bulle-d-or.fr\\\/#website\"},\"primaryImageOfPage\":{\"@id\":\"https:\\\/\\\/bulle-d-or.fr\\\/index.php\\\/theme-automne\\\/#primaryimage\"},\"image\":{\"@id\":\"https:\\\/\\\/bulle-d-or.fr\\\/index.php\\\/theme-automne\\\/#primaryimage\"},\"thumbnailUrl\":\"https:\\\/\\\/bulle-d-or.fr\\\/wp-content\\\/uploads\\\/2024\\\/09\\\/PXL_20240916_0808448662-794x1024.jpg\",\"datePublished\":\"2024-09-16T18:20:39+00:00\",\"dateModified\":\"2024-09-16T18:26:39+00:00\",\"breadcrumb\":{\"@id\":\"https:\\\/\\\/bulle-d-or.fr\\\/index.php\\\/theme-automne\\\/#breadcrumb\"},\"inLanguage\":\"fr-FR\",\"potentialAction\":[{\"@type\":\"ReadAction\",\"target\":[\"https:\\\/\\\/bulle-d-or.fr\\\/index.php\\\/theme-automne\\\/\"]}]},{\"@type\":\"ImageObject\",\"inLanguage\":\"fr-FR\",\"@id\":\"https:\\\/\\\/bulle-d-or.fr\\\/index.php\\\/theme-automne\\\/#primaryimage\",\"url\":\"https:\\\/\\\/bulle-d-or.fr\\\/wp-content\\\/uploads\\\/2024\\\/09\\\/PXL_20240916_0808448662.jpg\",\"contentUrl\":\"https:\\\/\\\/bulle-d-or.fr\\\/wp-content\\\/uploads\\\/2024\\\/09\\\/PXL_20240916_0808448662.jpg\",\"width\":908,\"height\":1171},{\"@type\":\"BreadcrumbList\",\"@id\":\"https:\\\/\\\/bulle-d-or.fr\\\/index.php\\\/theme-automne\\\/#breadcrumb\",\"itemListElement\":[{\"@type\":\"ListItem\",\"position\":1,\"name\":\"Home\",\"item\":\"https:\\\/\\\/bulle-d-or.fr\\\/\"},{\"@type\":\"ListItem\",\"position\":2,\"name\":\"Th\u00e8me Automne\"}]},{\"@type\":\"WebSite\",\"@id\":\"https:\\\/\\\/bulle-d-or.fr\\\/#website\",\"url\":\"https:\\\/\\\/bulle-d-or.fr\\\/\",\"name\":\"Bulle Or\",\"description\":\"Activit\u00e9 insolite de Pique-Nique Chic sous Bulle Transparente dans le Gr\u00e9sivaudan pr\u00e9s de Grenoble\",\"publisher\":{\"@id\":\"https:\\\/\\\/bulle-d-or.fr\\\/#organization\"},\"alternateName\":\"Exp\u00e9rience de Pique-Nique Chic sous Bulle Transparente dans le Gr\u00e9sivaudan\",\"potentialAction\":[{\"@type\":\"SearchAction\",\"target\":{\"@type\":\"EntryPoint\",\"urlTemplate\":\"https:\\\/\\\/bulle-d-or.fr\\\/?s={search_term_string}\"},\"query-input\":{\"@type\":\"PropertyValueSpecification\",\"valueRequired\":true,\"valueName\":\"search_term_string\"}}],\"inLanguage\":\"fr-FR\"},{\"@type\":\"Organization\",\"@id\":\"https:\\\/\\\/bulle-d-or.fr\\\/#organization\",\"name\":\"Bulle Or\",\"url\":\"https:\\\/\\\/bulle-d-or.fr\\\/\",\"logo\":{\"@type\":\"ImageObject\",\"inLanguage\":\"fr-FR\",\"@id\":\"https:\\\/\\\/bulle-d-or.fr\\\/#\\\/schema\\\/logo\\\/image\\\/\",\"url\":\"https:\\\/\\\/bulle-d-or.fr\\\/wp-content\\\/uploads\\\/2024\\\/02\\\/bulle-d-or.png\",\"contentUrl\":\"https:\\\/\\\/bulle-d-or.fr\\\/wp-content\\\/uploads\\\/2024\\\/02\\\/bulle-d-or.png\",\"width\":927,\"height\":343,\"caption\":\"Bulle Or\"},\"image\":{\"@id\":\"https:\\\/\\\/bulle-d-or.fr\\\/#\\\/schema\\\/logo\\\/image\\\/\"}}]}<\/script>\n<!-- \/ Yoast SEO plugin. -->","yoast_head_json":{"title":"Th\u00e8me Automne - Bulle Or","robots":{"index":"index","follow":"follow","max-snippet":"max-snippet:-1","max-image-preview":"max-image-preview:large","max-video-preview":"max-video-preview:-1"},"canonical":"https:\/\/bulle-d-or.fr\/index.php\/theme-automne\/","og_locale":"fr_FR","og_type":"article","og_title":"Th\u00e8me Automne - Bulle Or","og_description":"Une Immersion Totale dans l&rsquo;Automne Dans notre bulle d\u2019automne, laissez-vous emporter par l\u2019atmosph\u00e8re calme et [&hellip;]","og_url":"https:\/\/bulle-d-or.fr\/index.php\/theme-automne\/","og_site_name":"Bulle Or","article_modified_time":"2024-09-16T18:26:39+00:00","og_image":[{"width":908,"height":1171,"url":"https:\/\/bulle-d-or.fr\/wp-content\/uploads\/2024\/09\/PXL_20240916_0808448662.jpg","type":"image\/jpeg"}],"twitter_card":"summary_large_image","twitter_misc":{"Dur\u00e9e de lecture estim\u00e9e":"1 minute"},"schema":{"@context":"https:\/\/schema.org","@graph":[{"@type":"WebPage","@id":"https:\/\/bulle-d-or.fr\/index.php\/theme-automne\/","url":"https:\/\/bulle-d-or.fr\/index.php\/theme-automne\/","name":"Th\u00e8me Automne - Bulle Or","isPartOf":{"@id":"https:\/\/bulle-d-or.fr\/#website"},"primaryImageOfPage":{"@id":"https:\/\/bulle-d-or.fr\/index.php\/theme-automne\/#primaryimage"},"image":{"@id":"https:\/\/bulle-d-or.fr\/index.php\/theme-automne\/#primaryimage"},"thumbnailUrl":"https:\/\/bulle-d-or.fr\/wp-content\/uploads\/2024\/09\/PXL_20240916_0808448662-794x1024.jpg","datePublished":"2024-09-16T18:20:39+00:00","dateModified":"2024-09-16T18:26:39+00:00","breadcrumb":{"@id":"https:\/\/bulle-d-or.fr\/index.php\/theme-automne\/#breadcrumb"},"inLanguage":"fr-FR","potentialAction":[{"@type":"ReadAction","target":["https:\/\/bulle-d-or.fr\/index.php\/theme-automne\/"]}]},{"@type":"ImageObject","inLanguage":"fr-FR","@id":"https:\/\/bulle-d-or.fr\/index.php\/theme-automne\/#primaryimage","url":"https:\/\/bulle-d-or.fr\/wp-content\/uploads\/2024\/09\/PXL_20240916_0808448662.jpg","contentUrl":"https:\/\/bulle-d-or.fr\/wp-content\/uploads\/2024\/09\/PXL_20240916_0808448662.jpg","width":908,"height":1171},{"@type":"BreadcrumbList","@id":"https:\/\/bulle-d-or.fr\/index.php\/theme-automne\/#breadcrumb","itemListElement":[{"@type":"ListItem","position":1,"name":"Home","item":"https:\/\/bulle-d-or.fr\/"},{"@type":"ListItem","position":2,"name":"Th\u00e8me Automne"}]},{"@type":"WebSite","@id":"https:\/\/bulle-d-or.fr\/#website","url":"https:\/\/bulle-d-or.fr\/","name":"Bulle Or","description":"Activit\u00e9 insolite de Pique-Nique Chic sous Bulle Transparente dans le Gr\u00e9sivaudan pr\u00e9s de Grenoble","publisher":{"@id":"https:\/\/bulle-d-or.fr\/#organization"},"alternateName":"Exp\u00e9rience de Pique-Nique Chic sous Bulle Transparente dans le Gr\u00e9sivaudan","potentialAction":[{"@type":"SearchAction","target":{"@type":"EntryPoint","urlTemplate":"https:\/\/bulle-d-or.fr\/?s={search_term_string}"},"query-input":{"@type":"PropertyValueSpecification","valueRequired":true,"valueName":"search_term_string"}}],"inLanguage":"fr-FR"},{"@type":"Organization","@id":"https:\/\/bulle-d-or.fr\/#organization","name":"Bulle Or","url":"https:\/\/bulle-d-or.fr\/","logo":{"@type":"ImageObject","inLanguage":"fr-FR","@id":"https:\/\/bulle-d-or.fr\/#\/schema\/logo\/image\/","url":"https:\/\/bulle-d-or.fr\/wp-content\/uploads\/2024\/02\/bulle-d-or.png","contentUrl":"https:\/\/bulle-d-or.fr\/wp-content\/uploads\/2024\/02\/bulle-d-or.png","width":927,"height":343,"caption":"Bulle Or"},"image":{"@id":"https:\/\/bulle-d-or.fr\/#\/schema\/logo\/image\/"}}]}},"_links":{"self":[{"href":"https:\/\/bulle-d-or.fr\/index.php\/wp-json\/wp\/v2\/pages\/1104","targetHints":{"allow":["GET"]}}],"collection":[{"href":"https:\/\/bulle-d-or.fr\/index.php\/wp-json\/wp\/v2\/pages"}],"about":[{"href":"https:\/\/bulle-d-or.fr\/index.php\/wp-json\/wp\/v2\/types\/page"}],"author":[{"embeddable":true,"href":"https:\/\/bulle-d-or.fr\/index.php\/wp-json\/wp\/v2\/users\/1"}],"replies":[{"embeddable":true,"href":"https:\/\/bulle-d-or.fr\/index.php\/wp-json\/wp\/v2\/comments?post=1104"}],"version-history":[{"count":5,"href":"https:\/\/bulle-d-or.fr\/index.php\/wp-json\/wp\/v2\/pages\/1104\/revisions"}],"predecessor-version":[{"id":1118,"href":"https:\/\/bulle-d-or.fr\/index.php\/wp-json\/wp\/v2\/pages\/1104\/revisions\/1118"}],"wp:attachment":[{"href":"https:\/\/bulle-d-or.fr\/index.php\/wp-json\/wp\/v2\/media?parent=1104"}],"curies":[{"name":"wp","href":"https:\/\/api.w.org\/{rel}","templated":true}]}}