{"id":1204,"date":"2025-06-23T17:33:44","date_gmt":"2025-06-23T15:33:44","guid":{"rendered":"https:\/\/bulle-d-or.fr\/?page_id=1204"},"modified":"2025-06-26T19:38:19","modified_gmt":"2025-06-26T17:38:19","slug":"mariage","status":"publish","type":"page","link":"https:\/\/bulle-d-or.fr\/index.php\/mariage\/","title":{"rendered":"Mariage"},"content":{"rendered":"\n<h2 class=\"wp-block-heading\"><strong>Offrez une touche unique et f\u00e9\u00e9rique \u00e0 votre mariage avec Bulle d\u2019Or.<\/strong><\/h2>\n\n\n\n<p>Imaginez une <strong>bulle transparente \u00e9l\u00e9gante<\/strong> qui sublime votre r\u00e9ception et s\u2019adapte parfaitement au <strong>th\u00e8me de votre mariage<\/strong>. <\/p>\n\n\n\n<p>Que vous r\u00eaviez d\u2019un univers chic, romantique, boh\u00e8me ou moderne, nos bulles deviennent un \u00e9crin exceptionnel pour vos plus beaux moments.<\/p>\n\n\n\n<figure class=\"wp-block-gallery has-nested-images columns-2 is-cropped wp-block-gallery-1 is-layout-flex wp-block-gallery-is-layout-flex\">\n<figure class=\"wp-block-image size-large\"><img loading=\"lazy\" decoding=\"async\" width=\"768\" height=\"1024\" data-id=\"1205\" src=\"https:\/\/bulle-d-or.fr\/wp-content\/uploads\/2025\/06\/WhatsApp-Image-2025-06-23-at-17.22.33-768x1024.jpeg\" alt=\"\" class=\"wp-image-1205\" srcset=\"https:\/\/bulle-d-or.fr\/wp-content\/uploads\/2025\/06\/WhatsApp-Image-2025-06-23-at-17.22.33-768x1024.jpeg 768w, https:\/\/bulle-d-or.fr\/wp-content\/uploads\/2025\/06\/WhatsApp-Image-2025-06-23-at-17.22.33-225x300.jpeg 225w, https:\/\/bulle-d-or.fr\/wp-content\/uploads\/2025\/06\/WhatsApp-Image-2025-06-23-at-17.22.33-1152x1536.jpeg 1152w, https:\/\/bulle-d-or.fr\/wp-content\/uploads\/2025\/06\/WhatsApp-Image-2025-06-23-at-17.22.33.jpeg 1200w\" sizes=\"(max-width: 768px) 100vw, 768px\" \/><\/figure>\n\n\n\n<figure class=\"wp-block-image size-large\"><img loading=\"lazy\" decoding=\"async\" width=\"1024\" height=\"768\" data-id=\"1207\" src=\"https:\/\/bulle-d-or.fr\/wp-content\/uploads\/2025\/06\/WhatsApp-Image-2025-06-23-at-17.22.34-1-1024x768.jpeg\" alt=\"\" class=\"wp-image-1207\" srcset=\"https:\/\/bulle-d-or.fr\/wp-content\/uploads\/2025\/06\/WhatsApp-Image-2025-06-23-at-17.22.34-1-1024x768.jpeg 1024w, https:\/\/bulle-d-or.fr\/wp-content\/uploads\/2025\/06\/WhatsApp-Image-2025-06-23-at-17.22.34-1-300x225.jpeg 300w, https:\/\/bulle-d-or.fr\/wp-content\/uploads\/2025\/06\/WhatsApp-Image-2025-06-23-at-17.22.34-1-768x576.jpeg 768w, https:\/\/bulle-d-or.fr\/wp-content\/uploads\/2025\/06\/WhatsApp-Image-2025-06-23-at-17.22.34-1.jpeg 1280w\" sizes=\"(max-width: 1024px) 100vw, 1024px\" \/><\/figure>\n\n\n\n<figure class=\"wp-block-image size-large\"><img loading=\"lazy\" decoding=\"async\" width=\"1024\" height=\"870\" data-id=\"1229\" src=\"https:\/\/bulle-d-or.fr\/wp-content\/uploads\/2025\/06\/Image-WhatsApp-Juin-23-2025-1-1024x870.jpg\" alt=\"\" class=\"wp-image-1229\" srcset=\"https:\/\/bulle-d-or.fr\/wp-content\/uploads\/2025\/06\/Image-WhatsApp-Juin-23-2025-1-1024x870.jpg 1024w, https:\/\/bulle-d-or.fr\/wp-content\/uploads\/2025\/06\/Image-WhatsApp-Juin-23-2025-1-300x255.jpg 300w, https:\/\/bulle-d-or.fr\/wp-content\/uploads\/2025\/06\/Image-WhatsApp-Juin-23-2025-1-768x653.jpg 768w, https:\/\/bulle-d-or.fr\/wp-content\/uploads\/2025\/06\/Image-WhatsApp-Juin-23-2025-1.jpg 1200w\" sizes=\"(max-width: 1024px) 100vw, 1024px\" \/><\/figure>\n\n\n\n<figure class=\"wp-block-image size-large\"><img loading=\"lazy\" decoding=\"async\" width=\"1024\" height=\"841\" data-id=\"1209\" src=\"https:\/\/bulle-d-or.fr\/wp-content\/uploads\/2025\/06\/WhatsApp-Image-2025-06-23-at-17.22.35-2-1024x841.jpeg\" alt=\"\" class=\"wp-image-1209\" srcset=\"https:\/\/bulle-d-or.fr\/wp-content\/uploads\/2025\/06\/WhatsApp-Image-2025-06-23-at-17.22.35-2-1024x841.jpeg 1024w, https:\/\/bulle-d-or.fr\/wp-content\/uploads\/2025\/06\/WhatsApp-Image-2025-06-23-at-17.22.35-2-300x246.jpeg 300w, https:\/\/bulle-d-or.fr\/wp-content\/uploads\/2025\/06\/WhatsApp-Image-2025-06-23-at-17.22.35-2-768x631.jpeg 768w, https:\/\/bulle-d-or.fr\/wp-content\/uploads\/2025\/06\/WhatsApp-Image-2025-06-23-at-17.22.35-2-1536x1261.jpeg 1536w, https:\/\/bulle-d-or.fr\/wp-content\/uploads\/2025\/06\/WhatsApp-Image-2025-06-23-at-17.22.35-2.jpeg 1600w\" sizes=\"(max-width: 1024px) 100vw, 1024px\" \/><\/figure>\n\n\n\n<figure class=\"wp-block-image size-large\"><img loading=\"lazy\" decoding=\"async\" width=\"768\" height=\"1024\" data-id=\"1208\" src=\"https:\/\/bulle-d-or.fr\/wp-content\/uploads\/2025\/06\/WhatsApp-Image-2025-06-23-at-17.22.35-3-768x1024.jpeg\" alt=\"\" class=\"wp-image-1208\" srcset=\"https:\/\/bulle-d-or.fr\/wp-content\/uploads\/2025\/06\/WhatsApp-Image-2025-06-23-at-17.22.35-3-768x1024.jpeg 768w, https:\/\/bulle-d-or.fr\/wp-content\/uploads\/2025\/06\/WhatsApp-Image-2025-06-23-at-17.22.35-3-225x300.jpeg 225w, https:\/\/bulle-d-or.fr\/wp-content\/uploads\/2025\/06\/WhatsApp-Image-2025-06-23-at-17.22.35-3-1152x1536.jpeg 1152w, https:\/\/bulle-d-or.fr\/wp-content\/uploads\/2025\/06\/WhatsApp-Image-2025-06-23-at-17.22.35-3.jpeg 1200w\" sizes=\"(max-width: 768px) 100vw, 768px\" \/><\/figure>\n\n\n\n<figure class=\"wp-block-image size-large\"><img loading=\"lazy\" decoding=\"async\" width=\"504\" height=\"1024\" data-id=\"1231\" src=\"https:\/\/bulle-d-or.fr\/wp-content\/uploads\/2025\/06\/Image-WhatsApp-Juin-23-2025-504x1024.jpg\" alt=\"\" class=\"wp-image-1231\" srcset=\"https:\/\/bulle-d-or.fr\/wp-content\/uploads\/2025\/06\/Image-WhatsApp-Juin-23-2025-504x1024.jpg 504w, https:\/\/bulle-d-or.fr\/wp-content\/uploads\/2025\/06\/Image-WhatsApp-Juin-23-2025-148x300.jpg 148w, https:\/\/bulle-d-or.fr\/wp-content\/uploads\/2025\/06\/Image-WhatsApp-Juin-23-2025.jpg 576w\" sizes=\"(max-width: 504px) 100vw, 504px\" \/><\/figure>\n<\/figure>\n\n\n\n<p><\/p>\n\n\n\n<h2 class=\"wp-block-heading\">La Bulle : un atout pour un mariage inoubliable<\/h2>\n\n\n\n<p>Nos bulles transparentes se d\u00e9clinent selon vos envies pour cr\u00e9er des espaces magiques et fonctionnels :<\/p>\n\n\n\n<ul class=\"wp-block-list\">\n<li><strong>Bulle table d\u2019honneur<\/strong> : Mettez en lumi\u00e8re les stars de la journ\u00e9e gr\u00e2ce \u00e0 une bulle d\u00e9di\u00e9e \u00e0 votre table d\u2019honneur. Elle apporte un cadre original et raffin\u00e9 \u00e0 votre r\u00e9ception, tout en permettant d\u2019accueillir plusieurs personnes selon la taille et la forme de votre table.<\/li>\n\n\n\n<li><strong>Bulle candy bar &amp; urne<\/strong> : Cr\u00e9ez un coin gourmand et convivial avec une bulle sp\u00e9cialement d\u00e9cor\u00e9e pour votre <strong>candy bar<\/strong>, votre <strong>urne de mariage<\/strong> ou votre table de cadeaux. Un espace qui attire le regard et r\u00e9gale les papilles !<\/li>\n\n\n\n<li><strong>Bulle g\u00e2teau de mariage \/ vin d\u2019honneur<\/strong> : Offrez \u00e0 votre <strong>pi\u00e8ce mont\u00e9e<\/strong> ou \u00e0 votre <strong>buffet de vin d\u2019honneur<\/strong> un \u00e9crin digne de l\u2019occasion. Une bulle qui prot\u00e8ge tout en mettant en valeur ces moments gourmands.<\/li>\n\n\n\n<li><strong>Bulle cosy \/ espace photo<\/strong> : Offrez \u00e0 vos invit\u00e9s un <strong>espace d\u00e9tente<\/strong> d\u00e9cor\u00e9 avec go\u00fbt, id\u00e9al pour se reposer, \u00e9changer en toute tranquillit\u00e9 ou se pr\u00eater au jeu des photos souvenirs dans un cadre unique et photog\u00e9nique.<\/li>\n<\/ul>\n\n\n\n<div class=\"wp-block-columns is-layout-flex wp-container-core-columns-is-layout-1 wp-block-columns-is-layout-flex\">\n<div class=\"wp-block-column is-layout-flow wp-block-column-is-layout-flow\">\n<p><\/p>\n\n\n\n<figure class=\"wp-block-video aligncenter\"><video autoplay controls loop muted src=\"https:\/\/bulle-d-or.fr\/wp-content\/uploads\/2025\/06\/WhatsApp-Video-2025-06-23-at-17.23.18-6.mp4\" playsinline><\/video><\/figure>\n<\/div>\n\n\n\n<div class=\"wp-block-column is-layout-flow wp-block-column-is-layout-flow\">\n<p><\/p>\n\n\n\n<figure class=\"wp-block-video\"><video controls src=\"https:\/\/bulle-d-or.fr\/wp-content\/uploads\/2025\/06\/WhatsApp-Video-2025-06-23-at-18.04.51.mp4\"><\/video><\/figure>\n<\/div>\n<\/div>\n\n\n\n<div class=\"wp-block-columns is-layout-flex wp-container-core-columns-is-layout-2 wp-block-columns-is-layout-flex\">\n<div class=\"wp-block-column is-layout-flow wp-block-column-is-layout-flow\" style=\"flex-basis:33.33%\">\n<p><\/p>\n<\/div>\n<\/div>\n\n\n\n<h2 class=\"wp-block-heading\">Pourquoi choisir une bulle pour votre mariage ?<\/h2>\n\n\n\n<ul class=\"wp-block-list\">\n<li><strong>Un design unique et \u00e9l\u00e9gant<\/strong> qui s\u2019adapte \u00e0 tous les styles de mariages.<\/li>\n\n\n\n<li><strong>Des possibilit\u00e9s infinies de personnalisation<\/strong> pour \u00eatre en parfaite harmonie avec votre th\u00e8me.<\/li>\n\n\n\n<li><strong>Une exp\u00e9rience inoubliable<\/strong> pour vous et vos invit\u00e9s, dans un cadre \u00e0 la fois original et raffin\u00e9.<\/li>\n<\/ul>\n\n\n\n<p><\/p>\n\n\n\n<h2 class=\"wp-block-heading\">Sublimez votre mariage avec une bulle \u00ab\u00a0Bulle d\u2019Or\u00a0\u00bb<\/h2>\n\n\n\n<p>Faites de votre mariage un \u00e9v\u00e9nement vraiment hors du commun. <\/p>\n\n\n\n<p>Nos bulles transparentes cr\u00e9ent une ambiance magique et offrent des souvenirs m\u00e9morables.<br>Contactez-nous d\u00e8s maintenant pour imaginer ensemble la <strong>bulle de votre mariage<\/strong>.<\/p>\n\n\n\n<div class=\"wp-block-group alignwide bloc-offre-base border has-background-secondary-background-color has-background is-layout-constrained wp-container-core-group-is-layout-1 wp-block-group-is-layout-constrained\">\n<h2 class=\"wp-block-heading has-text-align-center animated animated-fadeInUp has-lite-red-color has-text-color has-link-color has-slider-title-font-size wp-elements-dedf2a1e6c56c3bda757abac4b2ee7a1\" style=\"font-style:normal;font-weight:600;text-transform:capitalize\">Tarif<\/h2>\n\n\n\n<div class=\"wp-block-columns is-layout-flex wp-container-core-columns-is-layout-3 wp-block-columns-is-layout-flex\">\n<div class=\"wp-block-column is-layout-flow wp-block-column-is-layout-flow\">\n<ul style=\"line-height:2.5\" class=\"wp-block-list offre-list gutenify-list-style-five animated animated-fadeInUp fadeInUp has-pale-pink-color has-text-color has-link-color wp-elements-fcb101d7b1ab2f00e5b1ff34966a48a7\">\n<li>Installation et d\u00e9sinstallation<\/li>\n\n\n\n<li>D\u00e9corations au plus proche de votre th\u00e8me (hors sur mesure)<\/li>\n\n\n\n<li>Frais de d\u00e9placements inclus dans la vall\u00e9e du Gr\u00e9sivaudan<\/li>\n\n\n\n<li>Guirlandes lumineuses comprises<\/li>\n<\/ul>\n<\/div>\n<\/div>\n\n\n\n<p class=\"has-text-align-center tarif-base has-pale-pink-color has-text-color has-link-color has-large-font-size wp-elements-16d40cf10fbdec56b9ead1ab989286e8\"><strong>350\u20ac<\/strong><\/p>\n<\/div>\n\n\n\n<div class=\"wp-block-cover alignfull is-light\" style=\"padding-top:var(--wp--preset--spacing--medium);padding-right:30px;padding-bottom:0;padding-left:30px;min-height:284px;aspect-ratio:unset;\"><span aria-hidden=\"true\" class=\"wp-block-cover__background has-background-dim-0 has-background-dim\"><\/span><img loading=\"lazy\" decoding=\"async\" width=\"485\" height=\"212\" class=\"wp-block-cover__image-background wp-image-376\" alt=\"\" src=\"https:\/\/bulle-d-or.fr\/wp-content\/uploads\/2024\/03\/fdc1c5-5.png\" data-object-fit=\"cover\" srcset=\"https:\/\/bulle-d-or.fr\/wp-content\/uploads\/2024\/03\/fdc1c5-5.png 485w, https:\/\/bulle-d-or.fr\/wp-content\/uploads\/2024\/03\/fdc1c5-5-300x131.png 300w\" sizes=\"(max-width: 485px) 100vw, 485px\" \/><div class=\"wp-block-cover__inner-container is-layout-flow wp-block-cover-is-layout-flow\">\n<div class=\"wp-block-group alignfull gutenify-section-f9593890-d092-11ed-8ce7-6b0c7b3708f0 is-layout-constrained wp-block-group-is-layout-constrained\">\n<div class=\"wp-block-columns are-vertically-aligned-center gutenify-section-f958ea70-d092-11ed-8ce7-6b0c7b3708f0 is-layout-flex wp-container-core-columns-is-layout-4 wp-block-columns-is-layout-flex\">\n<div class=\"wp-block-column is-vertically-aligned-center gutenify-section-f95763d0-d092-11ed-8ce7-6b0c7b3708f0 is-layout-flow wp-block-column-is-layout-flow\" style=\"flex-basis:75%\">\n<div class=\"wp-block-group gutenify-section-f9567970-d092-11ed-8ce7-6b0c7b3708f0 is-layout-flow wp-block-group-is-layout-flow\">\n<h2 class=\"wp-block-heading has-text-align-left animated animated-fadeInUp has-white-color has-text-color has-slider-title-font-size\"><strong>Pr\u00eats \u00e0 cr\u00e9er des souvenirs m\u00e9morables ?<\/strong><\/h2>\n<\/div>\n<\/div>\n\n\n\n<div class=\"wp-block-column is-vertically-aligned-center gutenify-section-f9589c50-d092-11ed-8ce7-6b0c7b3708f0 is-layout-flow wp-block-column-is-layout-flow\" style=\"flex-basis:25%\">\n<div class=\"wp-block-buttons  animated animated-fadeInUp is-content-justification-right is-layout-flex wp-container-core-buttons-is-layout-1 wp-block-buttons-is-layout-flex\">\n<div class=\"wp-block-button\"><a class=\"wp-block-button__link wp-element-button\" href=\"https:\/\/bulle-d-or.fr\/index.php\/contactez-nous\/\">Contactez-nous<\/a><\/div>\n<\/div>\n<\/div>\n<\/div>\n<\/div>\n<\/div><\/div>\n","protected":false},"excerpt":{"rendered":"<p>Offrez une touche unique et f\u00e9\u00e9rique \u00e0 votre mariage avec Bulle d\u2019Or. Imaginez une bulle [&hellip;]<\/p>\n","protected":false},"author":1,"featured_media":0,"parent":0,"menu_order":0,"comment_status":"closed","ping_status":"closed","template":"","meta":{"footnotes":""},"class_list":["post-1204","page","type-page","status-publish","hentry"],"yoast_head":"<!-- This site is optimized with the Yoast SEO plugin v24.3 - https:\/\/yoast.com\/wordpress\/plugins\/seo\/ -->\n<title>Mariage - Bulle Or<\/title>\n<meta name=\"robots\" content=\"index, follow, max-snippet:-1, max-image-preview:large, max-video-preview:-1\" \/>\n<link rel=\"canonical\" href=\"https:\/\/bulle-d-or.fr\/index.php\/mariage\/\" \/>\n<meta property=\"og:locale\" content=\"fr_FR\" \/>\n<meta property=\"og:type\" content=\"article\" \/>\n<meta property=\"og:title\" content=\"Mariage - Bulle Or\" \/>\n<meta property=\"og:description\" content=\"Offrez une touche unique et f\u00e9\u00e9rique \u00e0 votre mariage avec Bulle d\u2019Or. Imaginez une bulle [&hellip;]\" \/>\n<meta property=\"og:url\" content=\"https:\/\/bulle-d-or.fr\/index.php\/mariage\/\" \/>\n<meta property=\"og:site_name\" content=\"Bulle Or\" \/>\n<meta property=\"article:modified_time\" content=\"2025-06-26T17:38:19+00:00\" \/>\n<meta property=\"og:image\" content=\"https:\/\/bulle-d-or.fr\/wp-content\/uploads\/2025\/06\/WhatsApp-Image-2025-06-23-at-17.22.33.jpeg\" \/>\n\t<meta property=\"og:image:width\" content=\"1200\" \/>\n\t<meta property=\"og:image:height\" content=\"1600\" \/>\n\t<meta property=\"og:image:type\" content=\"image\/jpeg\" \/>\n<meta name=\"twitter:card\" content=\"summary_large_image\" \/>\n<meta name=\"twitter:label1\" content=\"Dur\u00e9e de lecture estim\u00e9e\" \/>\n\t<meta name=\"twitter:data1\" content=\"4 minutes\" \/>\n<script type=\"application\/ld+json\" class=\"yoast-schema-graph\">{\"@context\":\"https:\/\/schema.org\",\"@graph\":[{\"@type\":\"WebPage\",\"@id\":\"https:\/\/bulle-d-or.fr\/index.php\/mariage\/\",\"url\":\"https:\/\/bulle-d-or.fr\/index.php\/mariage\/\",\"name\":\"Mariage - Bulle Or\",\"isPartOf\":{\"@id\":\"https:\/\/bulle-d-or.fr\/#website\"},\"primaryImageOfPage\":{\"@id\":\"https:\/\/bulle-d-or.fr\/index.php\/mariage\/#primaryimage\"},\"image\":{\"@id\":\"https:\/\/bulle-d-or.fr\/index.php\/mariage\/#primaryimage\"},\"thumbnailUrl\":\"https:\/\/bulle-d-or.fr\/wp-content\/uploads\/2025\/06\/WhatsApp-Image-2025-06-23-at-17.22.33-768x1024.jpeg\",\"datePublished\":\"2025-06-23T15:33:44+00:00\",\"dateModified\":\"2025-06-26T17:38:19+00:00\",\"breadcrumb\":{\"@id\":\"https:\/\/bulle-d-or.fr\/index.php\/mariage\/#breadcrumb\"},\"inLanguage\":\"fr-FR\",\"potentialAction\":[{\"@type\":\"ReadAction\",\"target\":[\"https:\/\/bulle-d-or.fr\/index.php\/mariage\/\"]}]},{\"@type\":\"ImageObject\",\"inLanguage\":\"fr-FR\",\"@id\":\"https:\/\/bulle-d-or.fr\/index.php\/mariage\/#primaryimage\",\"url\":\"https:\/\/bulle-d-or.fr\/wp-content\/uploads\/2025\/06\/WhatsApp-Image-2025-06-23-at-17.22.33.jpeg\",\"contentUrl\":\"https:\/\/bulle-d-or.fr\/wp-content\/uploads\/2025\/06\/WhatsApp-Image-2025-06-23-at-17.22.33.jpeg\",\"width\":1200,\"height\":1600},{\"@type\":\"BreadcrumbList\",\"@id\":\"https:\/\/bulle-d-or.fr\/index.php\/mariage\/#breadcrumb\",\"itemListElement\":[{\"@type\":\"ListItem\",\"position\":1,\"name\":\"Home\",\"item\":\"https:\/\/bulle-d-or.fr\/\"},{\"@type\":\"ListItem\",\"position\":2,\"name\":\"Mariage\"}]},{\"@type\":\"WebSite\",\"@id\":\"https:\/\/bulle-d-or.fr\/#website\",\"url\":\"https:\/\/bulle-d-or.fr\/\",\"name\":\"Bulle Or\",\"description\":\"Activit\u00e9 insolite de Pique-Nique Chic sous Bulle Transparente dans le Gr\u00e9sivaudan pr\u00e9s de Grenoble\",\"publisher\":{\"@id\":\"https:\/\/bulle-d-or.fr\/#organization\"},\"alternateName\":\"Exp\u00e9rience de Pique-Nique Chic sous Bulle Transparente dans le Gr\u00e9sivaudan\",\"potentialAction\":[{\"@type\":\"SearchAction\",\"target\":{\"@type\":\"EntryPoint\",\"urlTemplate\":\"https:\/\/bulle-d-or.fr\/?s={search_term_string}\"},\"query-input\":{\"@type\":\"PropertyValueSpecification\",\"valueRequired\":true,\"valueName\":\"search_term_string\"}}],\"inLanguage\":\"fr-FR\"},{\"@type\":\"Organization\",\"@id\":\"https:\/\/bulle-d-or.fr\/#organization\",\"name\":\"Bulle Or\",\"url\":\"https:\/\/bulle-d-or.fr\/\",\"logo\":{\"@type\":\"ImageObject\",\"inLanguage\":\"fr-FR\",\"@id\":\"https:\/\/bulle-d-or.fr\/#\/schema\/logo\/image\/\",\"url\":\"https:\/\/bulle-d-or.fr\/wp-content\/uploads\/2024\/02\/bulle-d-or.png\",\"contentUrl\":\"https:\/\/bulle-d-or.fr\/wp-content\/uploads\/2024\/02\/bulle-d-or.png\",\"width\":927,\"height\":343,\"caption\":\"Bulle Or\"},\"image\":{\"@id\":\"https:\/\/bulle-d-or.fr\/#\/schema\/logo\/image\/\"}}]}<\/script>\n<!-- \/ Yoast SEO plugin. -->","yoast_head_json":{"title":"Mariage - Bulle Or","robots":{"index":"index","follow":"follow","max-snippet":"max-snippet:-1","max-image-preview":"max-image-preview:large","max-video-preview":"max-video-preview:-1"},"canonical":"https:\/\/bulle-d-or.fr\/index.php\/mariage\/","og_locale":"fr_FR","og_type":"article","og_title":"Mariage - Bulle Or","og_description":"Offrez une touche unique et f\u00e9\u00e9rique \u00e0 votre mariage avec Bulle d\u2019Or. Imaginez une bulle [&hellip;]","og_url":"https:\/\/bulle-d-or.fr\/index.php\/mariage\/","og_site_name":"Bulle Or","article_modified_time":"2025-06-26T17:38:19+00:00","og_image":[{"width":1200,"height":1600,"url":"https:\/\/bulle-d-or.fr\/wp-content\/uploads\/2025\/06\/WhatsApp-Image-2025-06-23-at-17.22.33.jpeg","type":"image\/jpeg"}],"twitter_card":"summary_large_image","twitter_misc":{"Dur\u00e9e de lecture estim\u00e9e":"4 minutes"},"schema":{"@context":"https:\/\/schema.org","@graph":[{"@type":"WebPage","@id":"https:\/\/bulle-d-or.fr\/index.php\/mariage\/","url":"https:\/\/bulle-d-or.fr\/index.php\/mariage\/","name":"Mariage - Bulle Or","isPartOf":{"@id":"https:\/\/bulle-d-or.fr\/#website"},"primaryImageOfPage":{"@id":"https:\/\/bulle-d-or.fr\/index.php\/mariage\/#primaryimage"},"image":{"@id":"https:\/\/bulle-d-or.fr\/index.php\/mariage\/#primaryimage"},"thumbnailUrl":"https:\/\/bulle-d-or.fr\/wp-content\/uploads\/2025\/06\/WhatsApp-Image-2025-06-23-at-17.22.33-768x1024.jpeg","datePublished":"2025-06-23T15:33:44+00:00","dateModified":"2025-06-26T17:38:19+00:00","breadcrumb":{"@id":"https:\/\/bulle-d-or.fr\/index.php\/mariage\/#breadcrumb"},"inLanguage":"fr-FR","potentialAction":[{"@type":"ReadAction","target":["https:\/\/bulle-d-or.fr\/index.php\/mariage\/"]}]},{"@type":"ImageObject","inLanguage":"fr-FR","@id":"https:\/\/bulle-d-or.fr\/index.php\/mariage\/#primaryimage","url":"https:\/\/bulle-d-or.fr\/wp-content\/uploads\/2025\/06\/WhatsApp-Image-2025-06-23-at-17.22.33.jpeg","contentUrl":"https:\/\/bulle-d-or.fr\/wp-content\/uploads\/2025\/06\/WhatsApp-Image-2025-06-23-at-17.22.33.jpeg","width":1200,"height":1600},{"@type":"BreadcrumbList","@id":"https:\/\/bulle-d-or.fr\/index.php\/mariage\/#breadcrumb","itemListElement":[{"@type":"ListItem","position":1,"name":"Home","item":"https:\/\/bulle-d-or.fr\/"},{"@type":"ListItem","position":2,"name":"Mariage"}]},{"@type":"WebSite","@id":"https:\/\/bulle-d-or.fr\/#website","url":"https:\/\/bulle-d-or.fr\/","name":"Bulle Or","description":"Activit\u00e9 insolite de Pique-Nique Chic sous Bulle Transparente dans le Gr\u00e9sivaudan pr\u00e9s de Grenoble","publisher":{"@id":"https:\/\/bulle-d-or.fr\/#organization"},"alternateName":"Exp\u00e9rience de Pique-Nique Chic sous Bulle Transparente dans le Gr\u00e9sivaudan","potentialAction":[{"@type":"SearchAction","target":{"@type":"EntryPoint","urlTemplate":"https:\/\/bulle-d-or.fr\/?s={search_term_string}"},"query-input":{"@type":"PropertyValueSpecification","valueRequired":true,"valueName":"search_term_string"}}],"inLanguage":"fr-FR"},{"@type":"Organization","@id":"https:\/\/bulle-d-or.fr\/#organization","name":"Bulle Or","url":"https:\/\/bulle-d-or.fr\/","logo":{"@type":"ImageObject","inLanguage":"fr-FR","@id":"https:\/\/bulle-d-or.fr\/#\/schema\/logo\/image\/","url":"https:\/\/bulle-d-or.fr\/wp-content\/uploads\/2024\/02\/bulle-d-or.png","contentUrl":"https:\/\/bulle-d-or.fr\/wp-content\/uploads\/2024\/02\/bulle-d-or.png","width":927,"height":343,"caption":"Bulle Or"},"image":{"@id":"https:\/\/bulle-d-or.fr\/#\/schema\/logo\/image\/"}}]}},"_links":{"self":[{"href":"https:\/\/bulle-d-or.fr\/index.php\/wp-json\/wp\/v2\/pages\/1204"}],"collection":[{"href":"https:\/\/bulle-d-or.fr\/index.php\/wp-json\/wp\/v2\/pages"}],"about":[{"href":"https:\/\/bulle-d-or.fr\/index.php\/wp-json\/wp\/v2\/types\/page"}],"author":[{"embeddable":true,"href":"https:\/\/bulle-d-or.fr\/index.php\/wp-json\/wp\/v2\/users\/1"}],"replies":[{"embeddable":true,"href":"https:\/\/bulle-d-or.fr\/index.php\/wp-json\/wp\/v2\/comments?post=1204"}],"version-history":[{"count":16,"href":"https:\/\/bulle-d-or.fr\/index.php\/wp-json\/wp\/v2\/pages\/1204\/revisions"}],"predecessor-version":[{"id":1247,"href":"https:\/\/bulle-d-or.fr\/index.php\/wp-json\/wp\/v2\/pages\/1204\/revisions\/1247"}],"wp:attachment":[{"href":"https:\/\/bulle-d-or.fr\/index.php\/wp-json\/wp\/v2\/media?parent=1204"}],"curies":[{"name":"wp","href":"https:\/\/api.w.org\/{rel}","templated":true}]}}