{"id":214,"date":"2024-03-16T15:12:19","date_gmt":"2024-03-16T14:12:19","guid":{"rendered":"https:\/\/bulle-d-or.fr\/?page_id=214"},"modified":"2024-06-07T21:58:19","modified_gmt":"2024-06-07T19:58:19","slug":"blanc-epure","status":"publish","type":"page","link":"https:\/\/bulle-d-or.fr\/index.php\/blanc-epure\/","title":{"rendered":"Th\u00e8me Blanc Epure"},"content":{"rendered":"\n<h2 class=\"wp-block-heading\">Un Refuge d&rsquo;Harmonie et de Lumi\u00e8re<br><\/h2>\n\n\n\n<p>Le th\u00e8me \u00ab\u00a0Blanc \u00c9pure\u00a0\u00bb de Bulle d&rsquo;Or incarne une sophistication minimaliste o\u00f9 la qui\u00e9tude r\u00e8gne en ma\u00eetre. Nos espaces sont habill\u00e9s de nuances de blanc pures, offrant un cadre paisible pour s&rsquo;\u00e9vader du quotidien et se ressourcer dans une atmosph\u00e8re empreinte de douceur et de calme.<\/p>\n\n\n\n<figure class=\"wp-block-gallery has-nested-images columns-default is-cropped wp-block-gallery-1 is-layout-flex wp-block-gallery-is-layout-flex\">\n<figure class=\"wp-block-image size-large\"><img loading=\"lazy\" decoding=\"async\" width=\"692\" height=\"1024\" data-id=\"333\" src=\"https:\/\/bulle-d-or.fr\/wp-content\/uploads\/2024\/03\/PXL_20240314_1038453092-1-692x1024.jpg\" alt=\"\" class=\"wp-image-333\" srcset=\"https:\/\/bulle-d-or.fr\/wp-content\/uploads\/2024\/03\/PXL_20240314_1038453092-1-692x1024.jpg 692w, https:\/\/bulle-d-or.fr\/wp-content\/uploads\/2024\/03\/PXL_20240314_1038453092-1-203x300.jpg 203w, https:\/\/bulle-d-or.fr\/wp-content\/uploads\/2024\/03\/PXL_20240314_1038453092-1-768x1136.jpg 768w, https:\/\/bulle-d-or.fr\/wp-content\/uploads\/2024\/03\/PXL_20240314_1038453092-1-1038x1536.jpg 1038w, https:\/\/bulle-d-or.fr\/wp-content\/uploads\/2024\/03\/PXL_20240314_1038453092-1-1384x2048.jpg 1384w, https:\/\/bulle-d-or.fr\/wp-content\/uploads\/2024\/03\/PXL_20240314_1038453092-1-scaled.jpg 1731w\" sizes=\"auto, (max-width: 692px) 100vw, 692px\" \/><\/figure>\n\n\n\n<figure class=\"wp-block-image size-large\"><img loading=\"lazy\" decoding=\"async\" width=\"602\" height=\"1024\" data-id=\"335\" src=\"https:\/\/bulle-d-or.fr\/wp-content\/uploads\/2024\/03\/PXL_20240314_1039215182-1-602x1024.jpg\" alt=\"\" class=\"wp-image-335\" srcset=\"https:\/\/bulle-d-or.fr\/wp-content\/uploads\/2024\/03\/PXL_20240314_1039215182-1-602x1024.jpg 602w, https:\/\/bulle-d-or.fr\/wp-content\/uploads\/2024\/03\/PXL_20240314_1039215182-1-176x300.jpg 176w, https:\/\/bulle-d-or.fr\/wp-content\/uploads\/2024\/03\/PXL_20240314_1039215182-1-768x1307.jpg 768w, https:\/\/bulle-d-or.fr\/wp-content\/uploads\/2024\/03\/PXL_20240314_1039215182-1-902x1536.jpg 902w, https:\/\/bulle-d-or.fr\/wp-content\/uploads\/2024\/03\/PXL_20240314_1039215182-1-1203x2048.jpg 1203w, https:\/\/bulle-d-or.fr\/wp-content\/uploads\/2024\/03\/PXL_20240314_1039215182-1-scaled.jpg 1504w\" sizes=\"auto, (max-width: 602px) 100vw, 602px\" \/><\/figure>\n\n\n\n<figure class=\"wp-block-image size-large\"><img loading=\"lazy\" decoding=\"async\" width=\"653\" height=\"1024\" data-id=\"334\" src=\"https:\/\/bulle-d-or.fr\/wp-content\/uploads\/2024\/03\/PXL_20240314_1040346922-1-653x1024.jpg\" alt=\"\" class=\"wp-image-334\" srcset=\"https:\/\/bulle-d-or.fr\/wp-content\/uploads\/2024\/03\/PXL_20240314_1040346922-1-653x1024.jpg 653w, https:\/\/bulle-d-or.fr\/wp-content\/uploads\/2024\/03\/PXL_20240314_1040346922-1-191x300.jpg 191w, https:\/\/bulle-d-or.fr\/wp-content\/uploads\/2024\/03\/PXL_20240314_1040346922-1-768x1204.jpg 768w, https:\/\/bulle-d-or.fr\/wp-content\/uploads\/2024\/03\/PXL_20240314_1040346922-1-979x1536.jpg 979w, https:\/\/bulle-d-or.fr\/wp-content\/uploads\/2024\/03\/PXL_20240314_1040346922-1-1306x2048.jpg 1306w, https:\/\/bulle-d-or.fr\/wp-content\/uploads\/2024\/03\/PXL_20240314_1040346922-1-scaled.jpg 1632w\" sizes=\"auto, (max-width: 653px) 100vw, 653px\" \/><\/figure>\n<\/figure>\n\n\n\n<p><\/p>\n\n\n\n<h2 class=\"wp-block-heading\">Votre Exp\u00e9rience dans notre Bulle \u00ab\u00a0Blanc epure\u00a0\u00bb<br><\/h2>\n\n\n\n<p>Invitez la s\u00e9r\u00e9nit\u00e9 dans votre vie avec notre th\u00e8me \u00ab\u00a0Blanc \u00c9pur\u00e9\u00a0\u00bb. Chaque \u00e9l\u00e9ment, des textiles fins aux accessoires d\u00e9licats, est un hommage \u00e0 la simplicit\u00e9 \u00e9l\u00e9gante. C&rsquo;est l&rsquo;endroit id\u00e9al pour se reconnecter avec soi-m\u00eame et avec la beaut\u00e9 naturelle qui nous entoure.<\/p>\n\n\n\n<p><\/p>\n\n\n\n<h2 class=\"wp-block-heading\">Carton D\u2019invitation Blanc \u00c9pure<\/h2>\n\n\n\n<p>Nous vous offrons une carte d&rsquo;invitation personnalis\u00e9e num\u00e9rique \u00e0 envoyer \u00e0 vos convives<\/p>\n\n\n\n<p><\/p>\n\n\n\n<figure class=\"wp-block-image aligncenter size-large is-resized\"><img loading=\"lazy\" decoding=\"async\" width=\"636\" height=\"1024\" src=\"https:\/\/bulle-d-or.fr\/wp-content\/uploads\/2024\/03\/InCollage_20240315_152756354-636x1024.jpg\" alt=\"\" class=\"wp-image-236\" style=\"width:356px;height:auto\" srcset=\"https:\/\/bulle-d-or.fr\/wp-content\/uploads\/2024\/03\/InCollage_20240315_152756354-636x1024.jpg 636w, https:\/\/bulle-d-or.fr\/wp-content\/uploads\/2024\/03\/InCollage_20240315_152756354-186x300.jpg 186w, https:\/\/bulle-d-or.fr\/wp-content\/uploads\/2024\/03\/InCollage_20240315_152756354-768x1236.jpg 768w, https:\/\/bulle-d-or.fr\/wp-content\/uploads\/2024\/03\/InCollage_20240315_152756354-954x1536.jpg 954w, https:\/\/bulle-d-or.fr\/wp-content\/uploads\/2024\/03\/InCollage_20240315_152756354.jpg 1211w\" sizes=\"auto, (max-width: 636px) 100vw, 636px\" \/><\/figure>\n\n\n\n<div class=\"wp-block-group alignfull gutenify-section-f95a7110-d092-11ed-8ce7-6b0c7b3708f0 has-background is-layout-flow wp-block-group-is-layout-flow\" style=\"background-color:#015d61;padding-top:0px;padding-right:0px;padding-bottom:0px;padding-left:0px\">\n<div class=\"wp-block-cover alignfull is-light\" style=\"padding-top:var(--wp--preset--spacing--medium);padding-right:30px;padding-bottom:0;padding-left:30px;min-height:284px;aspect-ratio:unset;\"><span aria-hidden=\"true\" class=\"wp-block-cover__background has-background-dim-0 has-background-dim\"><\/span><img loading=\"lazy\" decoding=\"async\" width=\"485\" height=\"212\" class=\"wp-block-cover__image-background wp-image-367\" alt=\"\" src=\"https:\/\/bulle-d-or.fr\/wp-content\/uploads\/2024\/03\/fdc1c5-1.png\" data-object-fit=\"cover\" srcset=\"https:\/\/bulle-d-or.fr\/wp-content\/uploads\/2024\/03\/fdc1c5-1.png 485w, https:\/\/bulle-d-or.fr\/wp-content\/uploads\/2024\/03\/fdc1c5-1-300x131.png 300w\" sizes=\"auto, (max-width: 485px) 100vw, 485px\" \/><div class=\"wp-block-cover__inner-container is-layout-flow wp-block-cover-is-layout-flow\">\n<div class=\"wp-block-group alignfull gutenify-section-f9593890-d092-11ed-8ce7-6b0c7b3708f0 is-layout-constrained wp-block-group-is-layout-constrained\">\n<div class=\"wp-block-columns are-vertically-aligned-center gutenify-section-f958ea70-d092-11ed-8ce7-6b0c7b3708f0 is-layout-flex wp-container-core-columns-is-layout-7e464bea wp-block-columns-is-layout-flex\">\n<div class=\"wp-block-column is-vertically-aligned-center gutenify-section-f95763d0-d092-11ed-8ce7-6b0c7b3708f0 is-layout-flow wp-block-column-is-layout-flow\" style=\"flex-basis:75%\">\n<div class=\"wp-block-group gutenify-section-f9567970-d092-11ed-8ce7-6b0c7b3708f0 is-layout-flow wp-block-group-is-layout-flow\">\n<h2 class=\"wp-block-heading has-text-align-left animated animated-fadeInUp has-white-color has-text-color has-slider-title-font-size\"><strong>Pr\u00eats \u00c0 Cr\u00e9er Des Souvenirs M\u00e9morables ?<\/strong><\/h2>\n<\/div>\n<\/div>\n\n\n\n<div class=\"wp-block-column is-vertically-aligned-center gutenify-section-f9589c50-d092-11ed-8ce7-6b0c7b3708f0 is-layout-flow wp-block-column-is-layout-flow\" style=\"flex-basis:25%\">\n<div class=\"wp-block-buttons animated animated-fadeInUp is-content-justification-right is-layout-flex wp-container-core-buttons-is-layout-d445cf74 wp-block-buttons-is-layout-flex\">\n<div class=\"wp-block-button\"><a class=\"wp-block-button__link wp-element-button\" href=\"https:\/\/bulle-d-or.fr\/index.php\/contactez-nous\/\">Contactez-nous<\/a><\/div>\n<\/div>\n<\/div>\n<\/div>\n<\/div>\n<\/div><\/div>\n<\/div>\n","protected":false},"excerpt":{"rendered":"<p>Un Refuge d&rsquo;Harmonie et de Lumi\u00e8re Le th\u00e8me \u00ab\u00a0Blanc \u00c9pure\u00a0\u00bb de Bulle d&rsquo;Or incarne une [&hellip;]<\/p>\n","protected":false},"author":1,"featured_media":0,"parent":0,"menu_order":0,"comment_status":"closed","ping_status":"closed","template":"","meta":{"footnotes":""},"class_list":["post-214","page","type-page","status-publish","hentry"],"yoast_head":"<!-- This site is optimized with the Yoast SEO plugin v27.5 - https:\/\/yoast.com\/product\/yoast-seo-wordpress\/ -->\n<title>Th\u00e8me Blanc Epure - Bulle Or<\/title>\n<meta name=\"robots\" content=\"index, follow, max-snippet:-1, max-image-preview:large, max-video-preview:-1\" \/>\n<link rel=\"canonical\" href=\"https:\/\/bulle-d-or.fr\/index.php\/blanc-epure\/\" \/>\n<meta property=\"og:locale\" content=\"fr_FR\" \/>\n<meta property=\"og:type\" content=\"article\" \/>\n<meta property=\"og:title\" content=\"Th\u00e8me Blanc Epure - Bulle Or\" \/>\n<meta property=\"og:description\" content=\"Un Refuge d&rsquo;Harmonie et de Lumi\u00e8re Le th\u00e8me \u00ab\u00a0Blanc \u00c9pure\u00a0\u00bb de Bulle d&rsquo;Or incarne une [&hellip;]\" \/>\n<meta property=\"og:url\" content=\"https:\/\/bulle-d-or.fr\/index.php\/blanc-epure\/\" \/>\n<meta property=\"og:site_name\" content=\"Bulle Or\" \/>\n<meta property=\"article:modified_time\" content=\"2024-06-07T19:58:19+00:00\" \/>\n<meta property=\"og:image\" content=\"https:\/\/bulle-d-or.fr\/wp-content\/uploads\/2024\/03\/PXL_20240314_1038453092-1-scaled.jpg\" \/>\n\t<meta property=\"og:image:width\" content=\"1731\" \/>\n\t<meta property=\"og:image:height\" content=\"2560\" \/>\n\t<meta property=\"og:image:type\" content=\"image\/jpeg\" \/>\n<meta name=\"twitter:card\" content=\"summary_large_image\" \/>\n<meta name=\"twitter:label1\" content=\"Dur\u00e9e de lecture estim\u00e9e\" \/>\n\t<meta name=\"twitter:data1\" content=\"1 minute\" \/>\n<script type=\"application\/ld+json\" class=\"yoast-schema-graph\">{\"@context\":\"https:\\\/\\\/schema.org\",\"@graph\":[{\"@type\":\"WebPage\",\"@id\":\"https:\\\/\\\/bulle-d-or.fr\\\/index.php\\\/blanc-epure\\\/\",\"url\":\"https:\\\/\\\/bulle-d-or.fr\\\/index.php\\\/blanc-epure\\\/\",\"name\":\"Th\u00e8me Blanc Epure - Bulle Or\",\"isPartOf\":{\"@id\":\"https:\\\/\\\/bulle-d-or.fr\\\/#website\"},\"primaryImageOfPage\":{\"@id\":\"https:\\\/\\\/bulle-d-or.fr\\\/index.php\\\/blanc-epure\\\/#primaryimage\"},\"image\":{\"@id\":\"https:\\\/\\\/bulle-d-or.fr\\\/index.php\\\/blanc-epure\\\/#primaryimage\"},\"thumbnailUrl\":\"https:\\\/\\\/bulle-d-or.fr\\\/wp-content\\\/uploads\\\/2024\\\/03\\\/PXL_20240314_1038453092-1-692x1024.jpg\",\"datePublished\":\"2024-03-16T14:12:19+00:00\",\"dateModified\":\"2024-06-07T19:58:19+00:00\",\"breadcrumb\":{\"@id\":\"https:\\\/\\\/bulle-d-or.fr\\\/index.php\\\/blanc-epure\\\/#breadcrumb\"},\"inLanguage\":\"fr-FR\",\"potentialAction\":[{\"@type\":\"ReadAction\",\"target\":[\"https:\\\/\\\/bulle-d-or.fr\\\/index.php\\\/blanc-epure\\\/\"]}]},{\"@type\":\"ImageObject\",\"inLanguage\":\"fr-FR\",\"@id\":\"https:\\\/\\\/bulle-d-or.fr\\\/index.php\\\/blanc-epure\\\/#primaryimage\",\"url\":\"https:\\\/\\\/bulle-d-or.fr\\\/wp-content\\\/uploads\\\/2024\\\/03\\\/PXL_20240314_1038453092-1-scaled.jpg\",\"contentUrl\":\"https:\\\/\\\/bulle-d-or.fr\\\/wp-content\\\/uploads\\\/2024\\\/03\\\/PXL_20240314_1038453092-1-scaled.jpg\",\"width\":1731,\"height\":2560},{\"@type\":\"BreadcrumbList\",\"@id\":\"https:\\\/\\\/bulle-d-or.fr\\\/index.php\\\/blanc-epure\\\/#breadcrumb\",\"itemListElement\":[{\"@type\":\"ListItem\",\"position\":1,\"name\":\"Home\",\"item\":\"https:\\\/\\\/bulle-d-or.fr\\\/\"},{\"@type\":\"ListItem\",\"position\":2,\"name\":\"Th\u00e8me Blanc Epure\"}]},{\"@type\":\"WebSite\",\"@id\":\"https:\\\/\\\/bulle-d-or.fr\\\/#website\",\"url\":\"https:\\\/\\\/bulle-d-or.fr\\\/\",\"name\":\"Bulle Or\",\"description\":\"Activit\u00e9 insolite de Pique-Nique Chic sous Bulle Transparente dans le Gr\u00e9sivaudan pr\u00e9s de Grenoble\",\"publisher\":{\"@id\":\"https:\\\/\\\/bulle-d-or.fr\\\/#organization\"},\"alternateName\":\"Exp\u00e9rience de Pique-Nique Chic sous Bulle Transparente dans le Gr\u00e9sivaudan\",\"potentialAction\":[{\"@type\":\"SearchAction\",\"target\":{\"@type\":\"EntryPoint\",\"urlTemplate\":\"https:\\\/\\\/bulle-d-or.fr\\\/?s={search_term_string}\"},\"query-input\":{\"@type\":\"PropertyValueSpecification\",\"valueRequired\":true,\"valueName\":\"search_term_string\"}}],\"inLanguage\":\"fr-FR\"},{\"@type\":\"Organization\",\"@id\":\"https:\\\/\\\/bulle-d-or.fr\\\/#organization\",\"name\":\"Bulle Or\",\"url\":\"https:\\\/\\\/bulle-d-or.fr\\\/\",\"logo\":{\"@type\":\"ImageObject\",\"inLanguage\":\"fr-FR\",\"@id\":\"https:\\\/\\\/bulle-d-or.fr\\\/#\\\/schema\\\/logo\\\/image\\\/\",\"url\":\"https:\\\/\\\/bulle-d-or.fr\\\/wp-content\\\/uploads\\\/2024\\\/02\\\/bulle-d-or.png\",\"contentUrl\":\"https:\\\/\\\/bulle-d-or.fr\\\/wp-content\\\/uploads\\\/2024\\\/02\\\/bulle-d-or.png\",\"width\":927,\"height\":343,\"caption\":\"Bulle Or\"},\"image\":{\"@id\":\"https:\\\/\\\/bulle-d-or.fr\\\/#\\\/schema\\\/logo\\\/image\\\/\"}}]}<\/script>\n<!-- \/ Yoast SEO plugin. -->","yoast_head_json":{"title":"Th\u00e8me Blanc Epure - Bulle Or","robots":{"index":"index","follow":"follow","max-snippet":"max-snippet:-1","max-image-preview":"max-image-preview:large","max-video-preview":"max-video-preview:-1"},"canonical":"https:\/\/bulle-d-or.fr\/index.php\/blanc-epure\/","og_locale":"fr_FR","og_type":"article","og_title":"Th\u00e8me Blanc Epure - Bulle Or","og_description":"Un Refuge d&rsquo;Harmonie et de Lumi\u00e8re Le th\u00e8me \u00ab\u00a0Blanc \u00c9pure\u00a0\u00bb de Bulle d&rsquo;Or incarne une [&hellip;]","og_url":"https:\/\/bulle-d-or.fr\/index.php\/blanc-epure\/","og_site_name":"Bulle Or","article_modified_time":"2024-06-07T19:58:19+00:00","og_image":[{"width":1731,"height":2560,"url":"https:\/\/bulle-d-or.fr\/wp-content\/uploads\/2024\/03\/PXL_20240314_1038453092-1-scaled.jpg","type":"image\/jpeg"}],"twitter_card":"summary_large_image","twitter_misc":{"Dur\u00e9e de lecture estim\u00e9e":"1 minute"},"schema":{"@context":"https:\/\/schema.org","@graph":[{"@type":"WebPage","@id":"https:\/\/bulle-d-or.fr\/index.php\/blanc-epure\/","url":"https:\/\/bulle-d-or.fr\/index.php\/blanc-epure\/","name":"Th\u00e8me Blanc Epure - Bulle Or","isPartOf":{"@id":"https:\/\/bulle-d-or.fr\/#website"},"primaryImageOfPage":{"@id":"https:\/\/bulle-d-or.fr\/index.php\/blanc-epure\/#primaryimage"},"image":{"@id":"https:\/\/bulle-d-or.fr\/index.php\/blanc-epure\/#primaryimage"},"thumbnailUrl":"https:\/\/bulle-d-or.fr\/wp-content\/uploads\/2024\/03\/PXL_20240314_1038453092-1-692x1024.jpg","datePublished":"2024-03-16T14:12:19+00:00","dateModified":"2024-06-07T19:58:19+00:00","breadcrumb":{"@id":"https:\/\/bulle-d-or.fr\/index.php\/blanc-epure\/#breadcrumb"},"inLanguage":"fr-FR","potentialAction":[{"@type":"ReadAction","target":["https:\/\/bulle-d-or.fr\/index.php\/blanc-epure\/"]}]},{"@type":"ImageObject","inLanguage":"fr-FR","@id":"https:\/\/bulle-d-or.fr\/index.php\/blanc-epure\/#primaryimage","url":"https:\/\/bulle-d-or.fr\/wp-content\/uploads\/2024\/03\/PXL_20240314_1038453092-1-scaled.jpg","contentUrl":"https:\/\/bulle-d-or.fr\/wp-content\/uploads\/2024\/03\/PXL_20240314_1038453092-1-scaled.jpg","width":1731,"height":2560},{"@type":"BreadcrumbList","@id":"https:\/\/bulle-d-or.fr\/index.php\/blanc-epure\/#breadcrumb","itemListElement":[{"@type":"ListItem","position":1,"name":"Home","item":"https:\/\/bulle-d-or.fr\/"},{"@type":"ListItem","position":2,"name":"Th\u00e8me Blanc Epure"}]},{"@type":"WebSite","@id":"https:\/\/bulle-d-or.fr\/#website","url":"https:\/\/bulle-d-or.fr\/","name":"Bulle Or","description":"Activit\u00e9 insolite de Pique-Nique Chic sous Bulle Transparente dans le Gr\u00e9sivaudan pr\u00e9s de Grenoble","publisher":{"@id":"https:\/\/bulle-d-or.fr\/#organization"},"alternateName":"Exp\u00e9rience de Pique-Nique Chic sous Bulle Transparente dans le Gr\u00e9sivaudan","potentialAction":[{"@type":"SearchAction","target":{"@type":"EntryPoint","urlTemplate":"https:\/\/bulle-d-or.fr\/?s={search_term_string}"},"query-input":{"@type":"PropertyValueSpecification","valueRequired":true,"valueName":"search_term_string"}}],"inLanguage":"fr-FR"},{"@type":"Organization","@id":"https:\/\/bulle-d-or.fr\/#organization","name":"Bulle Or","url":"https:\/\/bulle-d-or.fr\/","logo":{"@type":"ImageObject","inLanguage":"fr-FR","@id":"https:\/\/bulle-d-or.fr\/#\/schema\/logo\/image\/","url":"https:\/\/bulle-d-or.fr\/wp-content\/uploads\/2024\/02\/bulle-d-or.png","contentUrl":"https:\/\/bulle-d-or.fr\/wp-content\/uploads\/2024\/02\/bulle-d-or.png","width":927,"height":343,"caption":"Bulle Or"},"image":{"@id":"https:\/\/bulle-d-or.fr\/#\/schema\/logo\/image\/"}}]}},"_links":{"self":[{"href":"https:\/\/bulle-d-or.fr\/index.php\/wp-json\/wp\/v2\/pages\/214","targetHints":{"allow":["GET"]}}],"collection":[{"href":"https:\/\/bulle-d-or.fr\/index.php\/wp-json\/wp\/v2\/pages"}],"about":[{"href":"https:\/\/bulle-d-or.fr\/index.php\/wp-json\/wp\/v2\/types\/page"}],"author":[{"embeddable":true,"href":"https:\/\/bulle-d-or.fr\/index.php\/wp-json\/wp\/v2\/users\/1"}],"replies":[{"embeddable":true,"href":"https:\/\/bulle-d-or.fr\/index.php\/wp-json\/wp\/v2\/comments?post=214"}],"version-history":[{"count":14,"href":"https:\/\/bulle-d-or.fr\/index.php\/wp-json\/wp\/v2\/pages\/214\/revisions"}],"predecessor-version":[{"id":946,"href":"https:\/\/bulle-d-or.fr\/index.php\/wp-json\/wp\/v2\/pages\/214\/revisions\/946"}],"wp:attachment":[{"href":"https:\/\/bulle-d-or.fr\/index.php\/wp-json\/wp\/v2\/media?parent=214"}],"curies":[{"name":"wp","href":"https:\/\/api.w.org\/{rel}","templated":true}]}}