{"id":69,"date":"2024-02-23T21:08:44","date_gmt":"2024-02-23T20:08:44","guid":{"rendered":"https:\/\/bulle-d-or.fr\/?page_id=69"},"modified":"2024-06-07T21:53:18","modified_gmt":"2024-06-07T19:53:18","slug":"romantique","status":"publish","type":"page","link":"https:\/\/bulle-d-or.fr\/index.php\/romantique\/","title":{"rendered":"Th\u00e8me Romantique"},"content":{"rendered":"\n<p><\/p>\n\n\n\n<h2 class=\"wp-block-heading\">Un Cadre Intime pour des Souvenirs Inoubliables<\/h2>\n\n\n\n<p>Le romantisme n&rsquo;est pas seulement un sentiment, c&rsquo;est une exp\u00e9rience \u00e0 part enti\u00e8re que nous vous invitons \u00e0 d\u00e9couvrir avec notre th\u00e8me \u00ab\u00a0Romantique\u00a0\u00bb chez Bulle d&rsquo;Or. Con\u00e7u pour les c\u0153urs amoureux, chaque d\u00e9tail a \u00e9t\u00e9 pens\u00e9 pour cr\u00e9er un cadre intime o\u00f9 les instants \u00e0 deux se transforment en souvenirs pr\u00e9cieux.<\/p>\n\n\n\n<figure class=\"wp-block-gallery has-nested-images columns-default is-cropped wp-block-gallery-1 is-layout-flex wp-block-gallery-is-layout-flex\">\n<figure class=\"wp-block-image size-large\"><img loading=\"lazy\" decoding=\"async\" width=\"589\" height=\"1024\" data-id=\"196\" src=\"https:\/\/bulle-d-or.fr\/wp-content\/uploads\/2024\/03\/PXL_20240314_1256512402-589x1024.jpg\" alt=\"\" class=\"wp-image-196\" srcset=\"https:\/\/bulle-d-or.fr\/wp-content\/uploads\/2024\/03\/PXL_20240314_1256512402-589x1024.jpg 589w, https:\/\/bulle-d-or.fr\/wp-content\/uploads\/2024\/03\/PXL_20240314_1256512402-173x300.jpg 173w, https:\/\/bulle-d-or.fr\/wp-content\/uploads\/2024\/03\/PXL_20240314_1256512402-768x1335.jpg 768w, https:\/\/bulle-d-or.fr\/wp-content\/uploads\/2024\/03\/PXL_20240314_1256512402-884x1536.jpg 884w, https:\/\/bulle-d-or.fr\/wp-content\/uploads\/2024\/03\/PXL_20240314_1256512402-1179x2048.jpg 1179w, https:\/\/bulle-d-or.fr\/wp-content\/uploads\/2024\/03\/PXL_20240314_1256512402-scaled.jpg 1473w\" sizes=\"auto, (max-width: 589px) 100vw, 589px\" \/><\/figure>\n\n\n\n<figure class=\"wp-block-image size-large\"><img loading=\"lazy\" decoding=\"async\" width=\"576\" height=\"1024\" data-id=\"197\" src=\"https:\/\/bulle-d-or.fr\/wp-content\/uploads\/2024\/03\/PXL_20240314_1257470752-576x1024.jpg\" alt=\"\" class=\"wp-image-197\" srcset=\"https:\/\/bulle-d-or.fr\/wp-content\/uploads\/2024\/03\/PXL_20240314_1257470752-576x1024.jpg 576w, https:\/\/bulle-d-or.fr\/wp-content\/uploads\/2024\/03\/PXL_20240314_1257470752-169x300.jpg 169w, https:\/\/bulle-d-or.fr\/wp-content\/uploads\/2024\/03\/PXL_20240314_1257470752-768x1365.jpg 768w, https:\/\/bulle-d-or.fr\/wp-content\/uploads\/2024\/03\/PXL_20240314_1257470752-864x1536.jpg 864w, https:\/\/bulle-d-or.fr\/wp-content\/uploads\/2024\/03\/PXL_20240314_1257470752-1152x2048.jpg 1152w, https:\/\/bulle-d-or.fr\/wp-content\/uploads\/2024\/03\/PXL_20240314_1257470752-scaled.jpg 1440w\" sizes=\"auto, (max-width: 576px) 100vw, 576px\" \/><\/figure>\n\n\n\n<figure class=\"wp-block-image size-large\"><img loading=\"lazy\" decoding=\"async\" width=\"576\" height=\"1024\" data-id=\"195\" src=\"https:\/\/bulle-d-or.fr\/wp-content\/uploads\/2024\/03\/PXL_20240314_1259329492-576x1024.jpg\" alt=\"\" class=\"wp-image-195\" srcset=\"https:\/\/bulle-d-or.fr\/wp-content\/uploads\/2024\/03\/PXL_20240314_1259329492-576x1024.jpg 576w, https:\/\/bulle-d-or.fr\/wp-content\/uploads\/2024\/03\/PXL_20240314_1259329492-169x300.jpg 169w, https:\/\/bulle-d-or.fr\/wp-content\/uploads\/2024\/03\/PXL_20240314_1259329492-768x1365.jpg 768w, https:\/\/bulle-d-or.fr\/wp-content\/uploads\/2024\/03\/PXL_20240314_1259329492-864x1536.jpg 864w, https:\/\/bulle-d-or.fr\/wp-content\/uploads\/2024\/03\/PXL_20240314_1259329492-1152x2048.jpg 1152w, https:\/\/bulle-d-or.fr\/wp-content\/uploads\/2024\/03\/PXL_20240314_1259329492-scaled.jpg 1440w\" sizes=\"auto, (max-width: 576px) 100vw, 576px\" \/><\/figure>\n<\/figure>\n\n\n\n<p><\/p>\n\n\n\n<p><\/p>\n\n\n\n<h2 class=\"wp-block-heading\">Ce que vous vivrez avec le th\u00e8me \u00ab\u00a0Romantique\u00a0\u00bb<br><\/h2>\n\n\n\n<p>S&rsquo;immerger dans notre bulle th\u00e9matique \u00ab\u00a0Romantique\u00a0\u00bb, c&rsquo;est choisir un cadre o\u00f9 chaque \u00e9l\u00e9ment \u00e9voque l&rsquo;amour et le partage. Des coussins confortables invitant aux moments de tendresse, \u00e0 la table dress\u00e9e pour un d\u00eener aux chandelles, chaque aspect est une ode \u00e0 l&rsquo;amour et \u00e0 l&rsquo;intimit\u00e9 partag\u00e9e.<\/p>\n\n\n\n<p>Laissez-vous transporter par les images ci-dessous qui capturent l&rsquo;essence de notre th\u00e8me \u00ab\u00a0Romantique\u00a0\u00bb. Envisagez-vous d\u00e9j\u00e0 de surprendre votre partenaire avec cette retraite amoureuse hors du temps ?<\/p>\n\n\n\n<p><\/p>\n\n\n\n<h2 class=\"wp-block-heading\">Carton D\u2019invitation Romantique destin\u00e9 \u00e0 votre conjoint<\/h2>\n\n\n\n<p>Nous vous offrons une carte d&rsquo;invitation personnalis\u00e9e num\u00e9rique \u00e0 envoyer \u00e0 vos convives<\/p>\n\n\n\n<p><\/p>\n\n\n\n<figure class=\"wp-block-image aligncenter size-large is-resized\"><img loading=\"lazy\" decoding=\"async\" width=\"609\" height=\"1024\" src=\"https:\/\/bulle-d-or.fr\/wp-content\/uploads\/2024\/03\/InCollage_20240315_151124188-609x1024.jpg\" alt=\"\" class=\"wp-image-203\" style=\"width:397px;height:auto\" srcset=\"https:\/\/bulle-d-or.fr\/wp-content\/uploads\/2024\/03\/InCollage_20240315_151124188-609x1024.jpg 609w, https:\/\/bulle-d-or.fr\/wp-content\/uploads\/2024\/03\/InCollage_20240315_151124188-178x300.jpg 178w, https:\/\/bulle-d-or.fr\/wp-content\/uploads\/2024\/03\/InCollage_20240315_151124188-768x1291.jpg 768w, https:\/\/bulle-d-or.fr\/wp-content\/uploads\/2024\/03\/InCollage_20240315_151124188-914x1536.jpg 914w, https:\/\/bulle-d-or.fr\/wp-content\/uploads\/2024\/03\/InCollage_20240315_151124188.jpg 1218w\" sizes=\"auto, (max-width: 609px) 100vw, 609px\" \/><\/figure>\n\n\n\n<div class=\"wp-block-group alignfull gutenify-section-f95a7110-d092-11ed-8ce7-6b0c7b3708f0 has-background is-layout-flow wp-block-group-is-layout-flow\" style=\"background-color:#015d61;padding-top:0px;padding-right:0px;padding-bottom:0px;padding-left:0px\">\n<div class=\"wp-block-cover alignfull is-light\" style=\"padding-top:var(--wp--preset--spacing--medium);padding-right:30px;padding-bottom:0;padding-left:30px;min-height:284px;aspect-ratio:unset;\"><span aria-hidden=\"true\" class=\"wp-block-cover__background has-background-dim-0 has-background-dim\"><\/span><img loading=\"lazy\" decoding=\"async\" width=\"485\" height=\"212\" class=\"wp-block-cover__image-background wp-image-371\" alt=\"\" src=\"https:\/\/bulle-d-or.fr\/wp-content\/uploads\/2024\/03\/fdc1c5-3.png\" data-object-fit=\"cover\" srcset=\"https:\/\/bulle-d-or.fr\/wp-content\/uploads\/2024\/03\/fdc1c5-3.png 485w, https:\/\/bulle-d-or.fr\/wp-content\/uploads\/2024\/03\/fdc1c5-3-300x131.png 300w\" sizes=\"auto, (max-width: 485px) 100vw, 485px\" \/><div class=\"wp-block-cover__inner-container is-layout-flow wp-block-cover-is-layout-flow\">\n<div class=\"wp-block-group alignfull gutenify-section-f9593890-d092-11ed-8ce7-6b0c7b3708f0 is-layout-constrained wp-block-group-is-layout-constrained\">\n<div class=\"wp-block-columns are-vertically-aligned-center gutenify-section-f958ea70-d092-11ed-8ce7-6b0c7b3708f0 is-layout-flex wp-container-core-columns-is-layout-7e464bea wp-block-columns-is-layout-flex\">\n<div class=\"wp-block-column is-vertically-aligned-center gutenify-section-f95763d0-d092-11ed-8ce7-6b0c7b3708f0 is-layout-flow wp-block-column-is-layout-flow\" style=\"flex-basis:75%\">\n<div class=\"wp-block-group gutenify-section-f9567970-d092-11ed-8ce7-6b0c7b3708f0 is-layout-flow wp-block-group-is-layout-flow\">\n<h2 class=\"wp-block-heading has-text-align-left animated animated-fadeInUp has-white-color has-text-color has-slider-title-font-size\"><strong>Pr\u00eats \u00c0 Cr\u00e9er Des Souvenirs M\u00e9morables ?<\/strong><\/h2>\n<\/div>\n<\/div>\n\n\n\n<div class=\"wp-block-column is-vertically-aligned-center gutenify-section-f9589c50-d092-11ed-8ce7-6b0c7b3708f0 is-layout-flow wp-block-column-is-layout-flow\" style=\"flex-basis:25%\">\n<div class=\"wp-block-buttons animated animated-fadeInUp is-content-justification-right is-layout-flex wp-container-core-buttons-is-layout-d445cf74 wp-block-buttons-is-layout-flex\">\n<div class=\"wp-block-button\"><a class=\"wp-block-button__link wp-element-button\" href=\"https:\/\/bulle-d-or.fr\/index.php\/contactez-nous\/\">Contactez-nous<\/a><\/div>\n<\/div>\n<\/div>\n<\/div>\n<\/div>\n<\/div><\/div>\n<\/div>\n","protected":false},"excerpt":{"rendered":"<p>Un Cadre Intime pour des Souvenirs Inoubliables Le romantisme n&rsquo;est pas seulement un sentiment, c&rsquo;est [&hellip;]<\/p>\n","protected":false},"author":1,"featured_media":0,"parent":0,"menu_order":0,"comment_status":"closed","ping_status":"closed","template":"","meta":{"footnotes":""},"class_list":["post-69","page","type-page","status-publish","hentry"],"yoast_head":"<!-- This site is optimized with the Yoast SEO plugin v27.5 - https:\/\/yoast.com\/product\/yoast-seo-wordpress\/ -->\n<title>Th\u00e8me Romantique - Bulle Or<\/title>\n<meta name=\"robots\" content=\"index, follow, max-snippet:-1, max-image-preview:large, max-video-preview:-1\" \/>\n<link rel=\"canonical\" href=\"https:\/\/bulle-d-or.fr\/index.php\/romantique\/\" \/>\n<meta property=\"og:locale\" content=\"fr_FR\" \/>\n<meta property=\"og:type\" content=\"article\" \/>\n<meta property=\"og:title\" content=\"Th\u00e8me Romantique - Bulle Or\" \/>\n<meta property=\"og:description\" content=\"Un Cadre Intime pour des Souvenirs Inoubliables Le romantisme n&rsquo;est pas seulement un sentiment, c&rsquo;est [&hellip;]\" \/>\n<meta property=\"og:url\" content=\"https:\/\/bulle-d-or.fr\/index.php\/romantique\/\" \/>\n<meta property=\"og:site_name\" content=\"Bulle Or\" \/>\n<meta property=\"article:modified_time\" content=\"2024-06-07T19:53:18+00:00\" \/>\n<meta property=\"og:image\" content=\"https:\/\/bulle-d-or.fr\/wp-content\/uploads\/2024\/03\/PXL_20240314_1256512402-scaled.jpg\" \/>\n\t<meta property=\"og:image:width\" content=\"1473\" \/>\n\t<meta property=\"og:image:height\" content=\"2560\" \/>\n\t<meta property=\"og:image:type\" content=\"image\/jpeg\" \/>\n<meta name=\"twitter:card\" content=\"summary_large_image\" \/>\n<meta name=\"twitter:label1\" content=\"Dur\u00e9e de lecture estim\u00e9e\" \/>\n\t<meta name=\"twitter:data1\" content=\"1 minute\" \/>\n<script type=\"application\/ld+json\" class=\"yoast-schema-graph\">{\"@context\":\"https:\\\/\\\/schema.org\",\"@graph\":[{\"@type\":\"WebPage\",\"@id\":\"https:\\\/\\\/bulle-d-or.fr\\\/index.php\\\/romantique\\\/\",\"url\":\"https:\\\/\\\/bulle-d-or.fr\\\/index.php\\\/romantique\\\/\",\"name\":\"Th\u00e8me Romantique - Bulle Or\",\"isPartOf\":{\"@id\":\"https:\\\/\\\/bulle-d-or.fr\\\/#website\"},\"primaryImageOfPage\":{\"@id\":\"https:\\\/\\\/bulle-d-or.fr\\\/index.php\\\/romantique\\\/#primaryimage\"},\"image\":{\"@id\":\"https:\\\/\\\/bulle-d-or.fr\\\/index.php\\\/romantique\\\/#primaryimage\"},\"thumbnailUrl\":\"https:\\\/\\\/bulle-d-or.fr\\\/wp-content\\\/uploads\\\/2024\\\/03\\\/PXL_20240314_1256512402-589x1024.jpg\",\"datePublished\":\"2024-02-23T20:08:44+00:00\",\"dateModified\":\"2024-06-07T19:53:18+00:00\",\"breadcrumb\":{\"@id\":\"https:\\\/\\\/bulle-d-or.fr\\\/index.php\\\/romantique\\\/#breadcrumb\"},\"inLanguage\":\"fr-FR\",\"potentialAction\":[{\"@type\":\"ReadAction\",\"target\":[\"https:\\\/\\\/bulle-d-or.fr\\\/index.php\\\/romantique\\\/\"]}]},{\"@type\":\"ImageObject\",\"inLanguage\":\"fr-FR\",\"@id\":\"https:\\\/\\\/bulle-d-or.fr\\\/index.php\\\/romantique\\\/#primaryimage\",\"url\":\"https:\\\/\\\/bulle-d-or.fr\\\/wp-content\\\/uploads\\\/2024\\\/03\\\/PXL_20240314_1256512402-scaled.jpg\",\"contentUrl\":\"https:\\\/\\\/bulle-d-or.fr\\\/wp-content\\\/uploads\\\/2024\\\/03\\\/PXL_20240314_1256512402-scaled.jpg\",\"width\":1473,\"height\":2560},{\"@type\":\"BreadcrumbList\",\"@id\":\"https:\\\/\\\/bulle-d-or.fr\\\/index.php\\\/romantique\\\/#breadcrumb\",\"itemListElement\":[{\"@type\":\"ListItem\",\"position\":1,\"name\":\"Home\",\"item\":\"https:\\\/\\\/bulle-d-or.fr\\\/\"},{\"@type\":\"ListItem\",\"position\":2,\"name\":\"Th\u00e8me Romantique\"}]},{\"@type\":\"WebSite\",\"@id\":\"https:\\\/\\\/bulle-d-or.fr\\\/#website\",\"url\":\"https:\\\/\\\/bulle-d-or.fr\\\/\",\"name\":\"Bulle Or\",\"description\":\"Activit\u00e9 insolite de Pique-Nique Chic sous Bulle Transparente dans le Gr\u00e9sivaudan pr\u00e9s de Grenoble\",\"publisher\":{\"@id\":\"https:\\\/\\\/bulle-d-or.fr\\\/#organization\"},\"alternateName\":\"Exp\u00e9rience de Pique-Nique Chic sous Bulle Transparente dans le Gr\u00e9sivaudan\",\"potentialAction\":[{\"@type\":\"SearchAction\",\"target\":{\"@type\":\"EntryPoint\",\"urlTemplate\":\"https:\\\/\\\/bulle-d-or.fr\\\/?s={search_term_string}\"},\"query-input\":{\"@type\":\"PropertyValueSpecification\",\"valueRequired\":true,\"valueName\":\"search_term_string\"}}],\"inLanguage\":\"fr-FR\"},{\"@type\":\"Organization\",\"@id\":\"https:\\\/\\\/bulle-d-or.fr\\\/#organization\",\"name\":\"Bulle Or\",\"url\":\"https:\\\/\\\/bulle-d-or.fr\\\/\",\"logo\":{\"@type\":\"ImageObject\",\"inLanguage\":\"fr-FR\",\"@id\":\"https:\\\/\\\/bulle-d-or.fr\\\/#\\\/schema\\\/logo\\\/image\\\/\",\"url\":\"https:\\\/\\\/bulle-d-or.fr\\\/wp-content\\\/uploads\\\/2024\\\/02\\\/bulle-d-or.png\",\"contentUrl\":\"https:\\\/\\\/bulle-d-or.fr\\\/wp-content\\\/uploads\\\/2024\\\/02\\\/bulle-d-or.png\",\"width\":927,\"height\":343,\"caption\":\"Bulle Or\"},\"image\":{\"@id\":\"https:\\\/\\\/bulle-d-or.fr\\\/#\\\/schema\\\/logo\\\/image\\\/\"}}]}<\/script>\n<!-- \/ Yoast SEO plugin. -->","yoast_head_json":{"title":"Th\u00e8me Romantique - Bulle Or","robots":{"index":"index","follow":"follow","max-snippet":"max-snippet:-1","max-image-preview":"max-image-preview:large","max-video-preview":"max-video-preview:-1"},"canonical":"https:\/\/bulle-d-or.fr\/index.php\/romantique\/","og_locale":"fr_FR","og_type":"article","og_title":"Th\u00e8me Romantique - Bulle Or","og_description":"Un Cadre Intime pour des Souvenirs Inoubliables Le romantisme n&rsquo;est pas seulement un sentiment, c&rsquo;est [&hellip;]","og_url":"https:\/\/bulle-d-or.fr\/index.php\/romantique\/","og_site_name":"Bulle Or","article_modified_time":"2024-06-07T19:53:18+00:00","og_image":[{"width":1473,"height":2560,"url":"https:\/\/bulle-d-or.fr\/wp-content\/uploads\/2024\/03\/PXL_20240314_1256512402-scaled.jpg","type":"image\/jpeg"}],"twitter_card":"summary_large_image","twitter_misc":{"Dur\u00e9e de lecture estim\u00e9e":"1 minute"},"schema":{"@context":"https:\/\/schema.org","@graph":[{"@type":"WebPage","@id":"https:\/\/bulle-d-or.fr\/index.php\/romantique\/","url":"https:\/\/bulle-d-or.fr\/index.php\/romantique\/","name":"Th\u00e8me Romantique - Bulle Or","isPartOf":{"@id":"https:\/\/bulle-d-or.fr\/#website"},"primaryImageOfPage":{"@id":"https:\/\/bulle-d-or.fr\/index.php\/romantique\/#primaryimage"},"image":{"@id":"https:\/\/bulle-d-or.fr\/index.php\/romantique\/#primaryimage"},"thumbnailUrl":"https:\/\/bulle-d-or.fr\/wp-content\/uploads\/2024\/03\/PXL_20240314_1256512402-589x1024.jpg","datePublished":"2024-02-23T20:08:44+00:00","dateModified":"2024-06-07T19:53:18+00:00","breadcrumb":{"@id":"https:\/\/bulle-d-or.fr\/index.php\/romantique\/#breadcrumb"},"inLanguage":"fr-FR","potentialAction":[{"@type":"ReadAction","target":["https:\/\/bulle-d-or.fr\/index.php\/romantique\/"]}]},{"@type":"ImageObject","inLanguage":"fr-FR","@id":"https:\/\/bulle-d-or.fr\/index.php\/romantique\/#primaryimage","url":"https:\/\/bulle-d-or.fr\/wp-content\/uploads\/2024\/03\/PXL_20240314_1256512402-scaled.jpg","contentUrl":"https:\/\/bulle-d-or.fr\/wp-content\/uploads\/2024\/03\/PXL_20240314_1256512402-scaled.jpg","width":1473,"height":2560},{"@type":"BreadcrumbList","@id":"https:\/\/bulle-d-or.fr\/index.php\/romantique\/#breadcrumb","itemListElement":[{"@type":"ListItem","position":1,"name":"Home","item":"https:\/\/bulle-d-or.fr\/"},{"@type":"ListItem","position":2,"name":"Th\u00e8me Romantique"}]},{"@type":"WebSite","@id":"https:\/\/bulle-d-or.fr\/#website","url":"https:\/\/bulle-d-or.fr\/","name":"Bulle Or","description":"Activit\u00e9 insolite de Pique-Nique Chic sous Bulle Transparente dans le Gr\u00e9sivaudan pr\u00e9s de Grenoble","publisher":{"@id":"https:\/\/bulle-d-or.fr\/#organization"},"alternateName":"Exp\u00e9rience de Pique-Nique Chic sous Bulle Transparente dans le Gr\u00e9sivaudan","potentialAction":[{"@type":"SearchAction","target":{"@type":"EntryPoint","urlTemplate":"https:\/\/bulle-d-or.fr\/?s={search_term_string}"},"query-input":{"@type":"PropertyValueSpecification","valueRequired":true,"valueName":"search_term_string"}}],"inLanguage":"fr-FR"},{"@type":"Organization","@id":"https:\/\/bulle-d-or.fr\/#organization","name":"Bulle Or","url":"https:\/\/bulle-d-or.fr\/","logo":{"@type":"ImageObject","inLanguage":"fr-FR","@id":"https:\/\/bulle-d-or.fr\/#\/schema\/logo\/image\/","url":"https:\/\/bulle-d-or.fr\/wp-content\/uploads\/2024\/02\/bulle-d-or.png","contentUrl":"https:\/\/bulle-d-or.fr\/wp-content\/uploads\/2024\/02\/bulle-d-or.png","width":927,"height":343,"caption":"Bulle Or"},"image":{"@id":"https:\/\/bulle-d-or.fr\/#\/schema\/logo\/image\/"}}]}},"_links":{"self":[{"href":"https:\/\/bulle-d-or.fr\/index.php\/wp-json\/wp\/v2\/pages\/69","targetHints":{"allow":["GET"]}}],"collection":[{"href":"https:\/\/bulle-d-or.fr\/index.php\/wp-json\/wp\/v2\/pages"}],"about":[{"href":"https:\/\/bulle-d-or.fr\/index.php\/wp-json\/wp\/v2\/types\/page"}],"author":[{"embeddable":true,"href":"https:\/\/bulle-d-or.fr\/index.php\/wp-json\/wp\/v2\/users\/1"}],"replies":[{"embeddable":true,"href":"https:\/\/bulle-d-or.fr\/index.php\/wp-json\/wp\/v2\/comments?post=69"}],"version-history":[{"count":14,"href":"https:\/\/bulle-d-or.fr\/index.php\/wp-json\/wp\/v2\/pages\/69\/revisions"}],"predecessor-version":[{"id":942,"href":"https:\/\/bulle-d-or.fr\/index.php\/wp-json\/wp\/v2\/pages\/69\/revisions\/942"}],"wp:attachment":[{"href":"https:\/\/bulle-d-or.fr\/index.php\/wp-json\/wp\/v2\/media?parent=69"}],"curies":[{"name":"wp","href":"https:\/\/api.w.org\/{rel}","templated":true}]}}