{"id":71,"date":"2024-02-23T21:09:05","date_gmt":"2024-02-23T20:09:05","guid":{"rendered":"https:\/\/bulle-d-or.fr\/?page_id=71"},"modified":"2024-06-07T21:56:08","modified_gmt":"2024-06-07T19:56:08","slug":"girly-rose","status":"publish","type":"page","link":"https:\/\/bulle-d-or.fr\/index.php\/girly-rose\/","title":{"rendered":"Th\u00e8me Girly"},"content":{"rendered":"\n<h2 class=\"wp-block-heading\"><\/h2>\n\n\n\n<p>Le th\u00e8me \u00ab\u00a0Girly Rose\u00a0\u00bb de Bulle d&rsquo;Or est une ode \u00e0 la douceur et \u00e0 l&rsquo;\u00e9clat de la f\u00e9minit\u00e9. Con\u00e7u sp\u00e9cialement pour celles qui r\u00eavent d&rsquo;un moment suspendu dans une atmosph\u00e8re empreinte de tendresse et de beaut\u00e9, cette bulle est l&rsquo;espace id\u00e9al pour se d\u00e9tendre et c\u00e9l\u00e9brer la vie dans ses nuances les plus d\u00e9licates.<\/p>\n\n\n\n<figure class=\"wp-block-gallery has-nested-images columns-default is-cropped wp-block-gallery-1 is-layout-flex wp-block-gallery-is-layout-flex\">\n<figure class=\"wp-block-image size-large\"><img loading=\"lazy\" decoding=\"async\" width=\"576\" height=\"1024\" data-id=\"326\" src=\"https:\/\/bulle-d-or.fr\/wp-content\/uploads\/2024\/03\/PXL_20240314_0931063332-576x1024.jpg\" alt=\"\" class=\"wp-image-326\" srcset=\"https:\/\/bulle-d-or.fr\/wp-content\/uploads\/2024\/03\/PXL_20240314_0931063332-576x1024.jpg 576w, https:\/\/bulle-d-or.fr\/wp-content\/uploads\/2024\/03\/PXL_20240314_0931063332-169x300.jpg 169w, https:\/\/bulle-d-or.fr\/wp-content\/uploads\/2024\/03\/PXL_20240314_0931063332-768x1365.jpg 768w, https:\/\/bulle-d-or.fr\/wp-content\/uploads\/2024\/03\/PXL_20240314_0931063332-864x1536.jpg 864w, https:\/\/bulle-d-or.fr\/wp-content\/uploads\/2024\/03\/PXL_20240314_0931063332-1152x2048.jpg 1152w, https:\/\/bulle-d-or.fr\/wp-content\/uploads\/2024\/03\/PXL_20240314_0931063332-scaled.jpg 1440w\" sizes=\"(max-width: 576px) 100vw, 576px\" \/><\/figure>\n\n\n\n<figure class=\"wp-block-image size-large\"><img loading=\"lazy\" decoding=\"async\" width=\"1002\" height=\"1024\" data-id=\"324\" src=\"https:\/\/bulle-d-or.fr\/wp-content\/uploads\/2024\/03\/PXL_20240314_0932325152-1-1002x1024.jpg\" alt=\"\" class=\"wp-image-324\" srcset=\"https:\/\/bulle-d-or.fr\/wp-content\/uploads\/2024\/03\/PXL_20240314_0932325152-1-1002x1024.jpg 1002w, https:\/\/bulle-d-or.fr\/wp-content\/uploads\/2024\/03\/PXL_20240314_0932325152-1-294x300.jpg 294w, https:\/\/bulle-d-or.fr\/wp-content\/uploads\/2024\/03\/PXL_20240314_0932325152-1-768x785.jpg 768w, https:\/\/bulle-d-or.fr\/wp-content\/uploads\/2024\/03\/PXL_20240314_0932325152-1-1503x1536.jpg 1503w, https:\/\/bulle-d-or.fr\/wp-content\/uploads\/2024\/03\/PXL_20240314_0932325152-1-2004x2048.jpg 2004w\" sizes=\"(max-width: 1002px) 100vw, 1002px\" \/><\/figure>\n\n\n\n<figure class=\"wp-block-image size-large\"><img loading=\"lazy\" decoding=\"async\" width=\"722\" height=\"1024\" data-id=\"328\" src=\"https:\/\/bulle-d-or.fr\/wp-content\/uploads\/2024\/03\/PXL_20240314_0945547682-1-722x1024.jpg\" alt=\"\" class=\"wp-image-328\" srcset=\"https:\/\/bulle-d-or.fr\/wp-content\/uploads\/2024\/03\/PXL_20240314_0945547682-1-722x1024.jpg 722w, https:\/\/bulle-d-or.fr\/wp-content\/uploads\/2024\/03\/PXL_20240314_0945547682-1-211x300.jpg 211w, https:\/\/bulle-d-or.fr\/wp-content\/uploads\/2024\/03\/PXL_20240314_0945547682-1-768x1090.jpg 768w, https:\/\/bulle-d-or.fr\/wp-content\/uploads\/2024\/03\/PXL_20240314_0945547682-1-1083x1536.jpg 1083w, https:\/\/bulle-d-or.fr\/wp-content\/uploads\/2024\/03\/PXL_20240314_0945547682-1-1443x2048.jpg 1443w, https:\/\/bulle-d-or.fr\/wp-content\/uploads\/2024\/03\/PXL_20240314_0945547682-1-scaled.jpg 1804w\" sizes=\"(max-width: 722px) 100vw, 722px\" \/><\/figure>\n\n\n\n<figure class=\"wp-block-image size-large\"><img loading=\"lazy\" decoding=\"async\" width=\"576\" height=\"1024\" data-id=\"327\" src=\"https:\/\/bulle-d-or.fr\/wp-content\/uploads\/2024\/03\/PXL_20240314_0946079702-576x1024.jpg\" alt=\"\" class=\"wp-image-327\" srcset=\"https:\/\/bulle-d-or.fr\/wp-content\/uploads\/2024\/03\/PXL_20240314_0946079702-576x1024.jpg 576w, https:\/\/bulle-d-or.fr\/wp-content\/uploads\/2024\/03\/PXL_20240314_0946079702-169x300.jpg 169w, https:\/\/bulle-d-or.fr\/wp-content\/uploads\/2024\/03\/PXL_20240314_0946079702-768x1365.jpg 768w, https:\/\/bulle-d-or.fr\/wp-content\/uploads\/2024\/03\/PXL_20240314_0946079702-864x1536.jpg 864w, https:\/\/bulle-d-or.fr\/wp-content\/uploads\/2024\/03\/PXL_20240314_0946079702-1152x2048.jpg 1152w, https:\/\/bulle-d-or.fr\/wp-content\/uploads\/2024\/03\/PXL_20240314_0946079702-scaled.jpg 1440w\" sizes=\"(max-width: 576px) 100vw, 576px\" \/><\/figure>\n\n\n\n<figure class=\"wp-block-image size-large\"><img loading=\"lazy\" decoding=\"async\" width=\"576\" height=\"1024\" data-id=\"325\" src=\"https:\/\/bulle-d-or.fr\/wp-content\/uploads\/2024\/03\/PXL_20240314_0958138842-576x1024.jpg\" alt=\"\" class=\"wp-image-325\" srcset=\"https:\/\/bulle-d-or.fr\/wp-content\/uploads\/2024\/03\/PXL_20240314_0958138842-576x1024.jpg 576w, https:\/\/bulle-d-or.fr\/wp-content\/uploads\/2024\/03\/PXL_20240314_0958138842-169x300.jpg 169w, https:\/\/bulle-d-or.fr\/wp-content\/uploads\/2024\/03\/PXL_20240314_0958138842-768x1365.jpg 768w, https:\/\/bulle-d-or.fr\/wp-content\/uploads\/2024\/03\/PXL_20240314_0958138842-864x1536.jpg 864w, https:\/\/bulle-d-or.fr\/wp-content\/uploads\/2024\/03\/PXL_20240314_0958138842-1152x2048.jpg 1152w, https:\/\/bulle-d-or.fr\/wp-content\/uploads\/2024\/03\/PXL_20240314_0958138842-scaled.jpg 1440w\" sizes=\"(max-width: 576px) 100vw, 576px\" \/><\/figure>\n<\/figure>\n\n\n\n<p><\/p>\n\n\n\n<p><\/p>\n\n\n\n<h2 class=\"wp-block-heading\">Vivez une Exp\u00e9rience Unique avec le th\u00e8me \u00ab\u00a0Girly Rose\u00a0\u00bb<br><\/h2>\n\n\n\n<p>Notre bulle th\u00e9matique \u00ab\u00a0Girly Rose\u00a0\u00bb est plus qu&rsquo;un simple espace, c&rsquo;est un univers d\u00e9di\u00e9 \u00e0 la c\u00e9l\u00e9bration de la f\u00e9minit\u00e9. Que ce soit pour marquer un \u00e9v\u00e9nement sp\u00e9cial ou simplement pour s&rsquo;\u00e9vader de la routine quotidienne, cette bulle est la promesse d&rsquo;un moment unique empreint de douceur et de s\u00e9r\u00e9nit\u00e9.<\/p>\n\n\n\n<p>Plongez dans l&rsquo;atmosph\u00e8re de \u00ab\u00a0Girly Rose\u00a0\u00bb \u00e0 travers les images ci-dessus et imaginez-vous entour\u00e9e de cette tendresse pour votre prochaine escapade.<\/p>\n\n\n\n<p><\/p>\n\n\n\n<h2 class=\"wp-block-heading\">Carton D\u2019invitation Girly rose<\/h2>\n\n\n\n<p>Nous vous offrons une carte d&rsquo;invitation personnalis\u00e9e num\u00e9rique \u00e0 envoyer \u00e0 vos convives<\/p>\n\n\n\n<p><\/p>\n\n\n\n<figure class=\"wp-block-image aligncenter size-large is-resized\"><img loading=\"lazy\" decoding=\"async\" width=\"614\" height=\"1024\" src=\"https:\/\/bulle-d-or.fr\/wp-content\/uploads\/2024\/03\/InCollage_20240315_145128256-614x1024.jpg\" alt=\"\" class=\"wp-image-211\" style=\"width:448px;height:auto\" srcset=\"https:\/\/bulle-d-or.fr\/wp-content\/uploads\/2024\/03\/InCollage_20240315_145128256-614x1024.jpg 614w, https:\/\/bulle-d-or.fr\/wp-content\/uploads\/2024\/03\/InCollage_20240315_145128256-180x300.jpg 180w, https:\/\/bulle-d-or.fr\/wp-content\/uploads\/2024\/03\/InCollage_20240315_145128256-768x1281.jpg 768w, https:\/\/bulle-d-or.fr\/wp-content\/uploads\/2024\/03\/InCollage_20240315_145128256-921x1536.jpg 921w, https:\/\/bulle-d-or.fr\/wp-content\/uploads\/2024\/03\/InCollage_20240315_145128256.jpg 1207w\" sizes=\"(max-width: 614px) 100vw, 614px\" \/><\/figure>\n\n\n\n<div class=\"wp-block-group alignfull gutenify-section-f95a7110-d092-11ed-8ce7-6b0c7b3708f0 has-background is-layout-flow wp-block-group-is-layout-flow\" style=\"background-color:#015d61;padding-top:0px;padding-right:0px;padding-bottom:0px;padding-left:0px\">\n<div class=\"wp-block-cover alignfull is-light\" style=\"padding-top:var(--wp--preset--spacing--medium);padding-right:30px;padding-bottom:0;padding-left:30px;min-height:284px;aspect-ratio:unset;\"><span aria-hidden=\"true\" class=\"wp-block-cover__background has-background-dim-0 has-background-dim\"><\/span><img loading=\"lazy\" decoding=\"async\" width=\"485\" height=\"212\" class=\"wp-block-cover__image-background wp-image-369\" alt=\"\" src=\"https:\/\/bulle-d-or.fr\/wp-content\/uploads\/2024\/03\/fdc1c5-2.png\" data-object-fit=\"cover\" srcset=\"https:\/\/bulle-d-or.fr\/wp-content\/uploads\/2024\/03\/fdc1c5-2.png 485w, https:\/\/bulle-d-or.fr\/wp-content\/uploads\/2024\/03\/fdc1c5-2-300x131.png 300w\" sizes=\"(max-width: 485px) 100vw, 485px\" \/><div class=\"wp-block-cover__inner-container is-layout-flow wp-block-cover-is-layout-flow\">\n<div class=\"wp-block-group alignfull gutenify-section-f9593890-d092-11ed-8ce7-6b0c7b3708f0 is-layout-constrained wp-block-group-is-layout-constrained\">\n<div class=\"wp-block-columns are-vertically-aligned-center gutenify-section-f958ea70-d092-11ed-8ce7-6b0c7b3708f0 is-layout-flex wp-container-core-columns-is-layout-1 wp-block-columns-is-layout-flex\">\n<div class=\"wp-block-column is-vertically-aligned-center gutenify-section-f95763d0-d092-11ed-8ce7-6b0c7b3708f0 is-layout-flow wp-block-column-is-layout-flow\" style=\"flex-basis:75%\">\n<div class=\"wp-block-group gutenify-section-f9567970-d092-11ed-8ce7-6b0c7b3708f0 is-layout-flow wp-block-group-is-layout-flow\">\n<h2 class=\"wp-block-heading has-text-align-left animated animated-fadeInUp has-white-color has-text-color has-slider-title-font-size\"><strong>Pr\u00eats \u00c0 Cr\u00e9er Des Souvenirs M\u00e9morables ?<\/strong><\/h2>\n<\/div>\n<\/div>\n\n\n\n<div class=\"wp-block-column is-vertically-aligned-center gutenify-section-f9589c50-d092-11ed-8ce7-6b0c7b3708f0 is-layout-flow wp-block-column-is-layout-flow\" style=\"flex-basis:25%\">\n<div class=\"wp-block-buttons animated animated-fadeInUp is-content-justification-right is-layout-flex wp-container-core-buttons-is-layout-1 wp-block-buttons-is-layout-flex\">\n<div class=\"wp-block-button\"><a class=\"wp-block-button__link wp-element-button\" href=\"https:\/\/bulle-d-or.fr\/index.php\/contactez-nous\/\">Contactez-nous<\/a><\/div>\n<\/div>\n<\/div>\n<\/div>\n<\/div>\n<\/div><\/div>\n<\/div>\n","protected":false},"excerpt":{"rendered":"<p>Le th\u00e8me \u00ab\u00a0Girly Rose\u00a0\u00bb de Bulle d&rsquo;Or est une ode \u00e0 la douceur et \u00e0 [&hellip;]<\/p>\n","protected":false},"author":1,"featured_media":0,"parent":0,"menu_order":0,"comment_status":"closed","ping_status":"closed","template":"","meta":{"footnotes":""},"class_list":["post-71","page","type-page","status-publish","hentry"],"yoast_head":"<!-- This site is optimized with the Yoast SEO plugin v24.3 - https:\/\/yoast.com\/wordpress\/plugins\/seo\/ -->\n<title>Th\u00e8me Girly - Bulle Or<\/title>\n<meta name=\"robots\" content=\"index, follow, max-snippet:-1, max-image-preview:large, max-video-preview:-1\" \/>\n<link rel=\"canonical\" href=\"https:\/\/bulle-d-or.fr\/index.php\/girly-rose\/\" \/>\n<meta property=\"og:locale\" content=\"fr_FR\" \/>\n<meta property=\"og:type\" content=\"article\" \/>\n<meta property=\"og:title\" content=\"Th\u00e8me Girly - Bulle Or\" \/>\n<meta property=\"og:description\" content=\"Le th\u00e8me \u00ab\u00a0Girly Rose\u00a0\u00bb de Bulle d&rsquo;Or est une ode \u00e0 la douceur et \u00e0 [&hellip;]\" \/>\n<meta property=\"og:url\" content=\"https:\/\/bulle-d-or.fr\/index.php\/girly-rose\/\" \/>\n<meta property=\"og:site_name\" content=\"Bulle Or\" \/>\n<meta property=\"article:modified_time\" content=\"2024-06-07T19:56:08+00:00\" \/>\n<meta property=\"og:image\" content=\"https:\/\/bulle-d-or.fr\/wp-content\/uploads\/2024\/03\/PXL_20240314_0931063332-scaled.jpg\" \/>\n\t<meta property=\"og:image:width\" content=\"1440\" \/>\n\t<meta property=\"og:image:height\" content=\"2560\" \/>\n\t<meta property=\"og:image:type\" content=\"image\/jpeg\" \/>\n<meta name=\"twitter:card\" content=\"summary_large_image\" \/>\n<meta name=\"twitter:label1\" content=\"Dur\u00e9e de lecture estim\u00e9e\" \/>\n\t<meta name=\"twitter:data1\" content=\"1 minute\" \/>\n<script type=\"application\/ld+json\" class=\"yoast-schema-graph\">{\"@context\":\"https:\/\/schema.org\",\"@graph\":[{\"@type\":\"WebPage\",\"@id\":\"https:\/\/bulle-d-or.fr\/index.php\/girly-rose\/\",\"url\":\"https:\/\/bulle-d-or.fr\/index.php\/girly-rose\/\",\"name\":\"Th\u00e8me Girly - Bulle Or\",\"isPartOf\":{\"@id\":\"https:\/\/bulle-d-or.fr\/#website\"},\"primaryImageOfPage\":{\"@id\":\"https:\/\/bulle-d-or.fr\/index.php\/girly-rose\/#primaryimage\"},\"image\":{\"@id\":\"https:\/\/bulle-d-or.fr\/index.php\/girly-rose\/#primaryimage\"},\"thumbnailUrl\":\"https:\/\/bulle-d-or.fr\/wp-content\/uploads\/2024\/03\/PXL_20240314_0931063332-576x1024.jpg\",\"datePublished\":\"2024-02-23T20:09:05+00:00\",\"dateModified\":\"2024-06-07T19:56:08+00:00\",\"breadcrumb\":{\"@id\":\"https:\/\/bulle-d-or.fr\/index.php\/girly-rose\/#breadcrumb\"},\"inLanguage\":\"fr-FR\",\"potentialAction\":[{\"@type\":\"ReadAction\",\"target\":[\"https:\/\/bulle-d-or.fr\/index.php\/girly-rose\/\"]}]},{\"@type\":\"ImageObject\",\"inLanguage\":\"fr-FR\",\"@id\":\"https:\/\/bulle-d-or.fr\/index.php\/girly-rose\/#primaryimage\",\"url\":\"https:\/\/bulle-d-or.fr\/wp-content\/uploads\/2024\/03\/PXL_20240314_0931063332-scaled.jpg\",\"contentUrl\":\"https:\/\/bulle-d-or.fr\/wp-content\/uploads\/2024\/03\/PXL_20240314_0931063332-scaled.jpg\",\"width\":1440,\"height\":2560},{\"@type\":\"BreadcrumbList\",\"@id\":\"https:\/\/bulle-d-or.fr\/index.php\/girly-rose\/#breadcrumb\",\"itemListElement\":[{\"@type\":\"ListItem\",\"position\":1,\"name\":\"Home\",\"item\":\"https:\/\/bulle-d-or.fr\/\"},{\"@type\":\"ListItem\",\"position\":2,\"name\":\"Th\u00e8me Girly\"}]},{\"@type\":\"WebSite\",\"@id\":\"https:\/\/bulle-d-or.fr\/#website\",\"url\":\"https:\/\/bulle-d-or.fr\/\",\"name\":\"Bulle Or\",\"description\":\"Activit\u00e9 insolite de Pique-Nique Chic sous Bulle Transparente dans le Gr\u00e9sivaudan pr\u00e9s de Grenoble\",\"publisher\":{\"@id\":\"https:\/\/bulle-d-or.fr\/#organization\"},\"alternateName\":\"Exp\u00e9rience de Pique-Nique Chic sous Bulle Transparente dans le Gr\u00e9sivaudan\",\"potentialAction\":[{\"@type\":\"SearchAction\",\"target\":{\"@type\":\"EntryPoint\",\"urlTemplate\":\"https:\/\/bulle-d-or.fr\/?s={search_term_string}\"},\"query-input\":{\"@type\":\"PropertyValueSpecification\",\"valueRequired\":true,\"valueName\":\"search_term_string\"}}],\"inLanguage\":\"fr-FR\"},{\"@type\":\"Organization\",\"@id\":\"https:\/\/bulle-d-or.fr\/#organization\",\"name\":\"Bulle Or\",\"url\":\"https:\/\/bulle-d-or.fr\/\",\"logo\":{\"@type\":\"ImageObject\",\"inLanguage\":\"fr-FR\",\"@id\":\"https:\/\/bulle-d-or.fr\/#\/schema\/logo\/image\/\",\"url\":\"https:\/\/bulle-d-or.fr\/wp-content\/uploads\/2024\/02\/bulle-d-or.png\",\"contentUrl\":\"https:\/\/bulle-d-or.fr\/wp-content\/uploads\/2024\/02\/bulle-d-or.png\",\"width\":927,\"height\":343,\"caption\":\"Bulle Or\"},\"image\":{\"@id\":\"https:\/\/bulle-d-or.fr\/#\/schema\/logo\/image\/\"}}]}<\/script>\n<!-- \/ Yoast SEO plugin. -->","yoast_head_json":{"title":"Th\u00e8me Girly - Bulle Or","robots":{"index":"index","follow":"follow","max-snippet":"max-snippet:-1","max-image-preview":"max-image-preview:large","max-video-preview":"max-video-preview:-1"},"canonical":"https:\/\/bulle-d-or.fr\/index.php\/girly-rose\/","og_locale":"fr_FR","og_type":"article","og_title":"Th\u00e8me Girly - Bulle Or","og_description":"Le th\u00e8me \u00ab\u00a0Girly Rose\u00a0\u00bb de Bulle d&rsquo;Or est une ode \u00e0 la douceur et \u00e0 [&hellip;]","og_url":"https:\/\/bulle-d-or.fr\/index.php\/girly-rose\/","og_site_name":"Bulle Or","article_modified_time":"2024-06-07T19:56:08+00:00","og_image":[{"width":1440,"height":2560,"url":"https:\/\/bulle-d-or.fr\/wp-content\/uploads\/2024\/03\/PXL_20240314_0931063332-scaled.jpg","type":"image\/jpeg"}],"twitter_card":"summary_large_image","twitter_misc":{"Dur\u00e9e de lecture estim\u00e9e":"1 minute"},"schema":{"@context":"https:\/\/schema.org","@graph":[{"@type":"WebPage","@id":"https:\/\/bulle-d-or.fr\/index.php\/girly-rose\/","url":"https:\/\/bulle-d-or.fr\/index.php\/girly-rose\/","name":"Th\u00e8me Girly - Bulle Or","isPartOf":{"@id":"https:\/\/bulle-d-or.fr\/#website"},"primaryImageOfPage":{"@id":"https:\/\/bulle-d-or.fr\/index.php\/girly-rose\/#primaryimage"},"image":{"@id":"https:\/\/bulle-d-or.fr\/index.php\/girly-rose\/#primaryimage"},"thumbnailUrl":"https:\/\/bulle-d-or.fr\/wp-content\/uploads\/2024\/03\/PXL_20240314_0931063332-576x1024.jpg","datePublished":"2024-02-23T20:09:05+00:00","dateModified":"2024-06-07T19:56:08+00:00","breadcrumb":{"@id":"https:\/\/bulle-d-or.fr\/index.php\/girly-rose\/#breadcrumb"},"inLanguage":"fr-FR","potentialAction":[{"@type":"ReadAction","target":["https:\/\/bulle-d-or.fr\/index.php\/girly-rose\/"]}]},{"@type":"ImageObject","inLanguage":"fr-FR","@id":"https:\/\/bulle-d-or.fr\/index.php\/girly-rose\/#primaryimage","url":"https:\/\/bulle-d-or.fr\/wp-content\/uploads\/2024\/03\/PXL_20240314_0931063332-scaled.jpg","contentUrl":"https:\/\/bulle-d-or.fr\/wp-content\/uploads\/2024\/03\/PXL_20240314_0931063332-scaled.jpg","width":1440,"height":2560},{"@type":"BreadcrumbList","@id":"https:\/\/bulle-d-or.fr\/index.php\/girly-rose\/#breadcrumb","itemListElement":[{"@type":"ListItem","position":1,"name":"Home","item":"https:\/\/bulle-d-or.fr\/"},{"@type":"ListItem","position":2,"name":"Th\u00e8me Girly"}]},{"@type":"WebSite","@id":"https:\/\/bulle-d-or.fr\/#website","url":"https:\/\/bulle-d-or.fr\/","name":"Bulle Or","description":"Activit\u00e9 insolite de Pique-Nique Chic sous Bulle Transparente dans le Gr\u00e9sivaudan pr\u00e9s de Grenoble","publisher":{"@id":"https:\/\/bulle-d-or.fr\/#organization"},"alternateName":"Exp\u00e9rience de Pique-Nique Chic sous Bulle Transparente dans le Gr\u00e9sivaudan","potentialAction":[{"@type":"SearchAction","target":{"@type":"EntryPoint","urlTemplate":"https:\/\/bulle-d-or.fr\/?s={search_term_string}"},"query-input":{"@type":"PropertyValueSpecification","valueRequired":true,"valueName":"search_term_string"}}],"inLanguage":"fr-FR"},{"@type":"Organization","@id":"https:\/\/bulle-d-or.fr\/#organization","name":"Bulle Or","url":"https:\/\/bulle-d-or.fr\/","logo":{"@type":"ImageObject","inLanguage":"fr-FR","@id":"https:\/\/bulle-d-or.fr\/#\/schema\/logo\/image\/","url":"https:\/\/bulle-d-or.fr\/wp-content\/uploads\/2024\/02\/bulle-d-or.png","contentUrl":"https:\/\/bulle-d-or.fr\/wp-content\/uploads\/2024\/02\/bulle-d-or.png","width":927,"height":343,"caption":"Bulle Or"},"image":{"@id":"https:\/\/bulle-d-or.fr\/#\/schema\/logo\/image\/"}}]}},"_links":{"self":[{"href":"https:\/\/bulle-d-or.fr\/index.php\/wp-json\/wp\/v2\/pages\/71"}],"collection":[{"href":"https:\/\/bulle-d-or.fr\/index.php\/wp-json\/wp\/v2\/pages"}],"about":[{"href":"https:\/\/bulle-d-or.fr\/index.php\/wp-json\/wp\/v2\/types\/page"}],"author":[{"embeddable":true,"href":"https:\/\/bulle-d-or.fr\/index.php\/wp-json\/wp\/v2\/users\/1"}],"replies":[{"embeddable":true,"href":"https:\/\/bulle-d-or.fr\/index.php\/wp-json\/wp\/v2\/comments?post=71"}],"version-history":[{"count":11,"href":"https:\/\/bulle-d-or.fr\/index.php\/wp-json\/wp\/v2\/pages\/71\/revisions"}],"predecessor-version":[{"id":944,"href":"https:\/\/bulle-d-or.fr\/index.php\/wp-json\/wp\/v2\/pages\/71\/revisions\/944"}],"wp:attachment":[{"href":"https:\/\/bulle-d-or.fr\/index.php\/wp-json\/wp\/v2\/media?parent=71"}],"curies":[{"name":"wp","href":"https:\/\/api.w.org\/{rel}","templated":true}]}}