{"id":712,"date":"2024-04-04T20:47:41","date_gmt":"2024-04-04T18:47:41","guid":{"rendered":"https:\/\/bulle-d-or.fr\/?page_id=712"},"modified":"2024-09-17T11:15:35","modified_gmt":"2024-09-17T09:15:35","slug":"choix-du-lieu","status":"publish","type":"page","link":"https:\/\/bulle-d-or.fr\/index.php\/choix-du-lieu\/","title":{"rendered":"Choix des lieux"},"content":{"rendered":"\n<figure class=\"wp-block-gallery has-nested-images columns-1 is-cropped wp-block-gallery-1 is-layout-flex wp-block-gallery-is-layout-flex\">\n<figure class=\"wp-block-image size-large\"><a href=\"https:\/\/bulle-d-or.fr\/index.php\/lieux-prives\/\"><img loading=\"lazy\" decoding=\"async\" width=\"1024\" height=\"576\" data-id=\"1102\" src=\"https:\/\/bulle-d-or.fr\/wp-content\/uploads\/2024\/09\/PXL_20240916_0845355312-1024x576.jpg\" alt=\"\" class=\"wp-image-1102\" srcset=\"https:\/\/bulle-d-or.fr\/wp-content\/uploads\/2024\/09\/PXL_20240916_0845355312-1024x576.jpg 1024w, https:\/\/bulle-d-or.fr\/wp-content\/uploads\/2024\/09\/PXL_20240916_0845355312-300x169.jpg 300w, https:\/\/bulle-d-or.fr\/wp-content\/uploads\/2024\/09\/PXL_20240916_0845355312-768x432.jpg 768w, https:\/\/bulle-d-or.fr\/wp-content\/uploads\/2024\/09\/PXL_20240916_0845355312-1536x865.jpg 1536w, https:\/\/bulle-d-or.fr\/wp-content\/uploads\/2024\/09\/PXL_20240916_0845355312.jpg 1613w\" sizes=\"auto, (max-width: 1024px) 100vw, 1024px\" \/><\/a><figcaption class=\"wp-element-caption\"><a href=\"https:\/\/bulle-d-or.fr\/index.php\/lieux-prives\/\" data-type=\"page\" data-id=\"717\">Lieux priv\u00e9s<\/a><\/figcaption><\/figure>\n\n\n\n<figure class=\"wp-block-image size-large\"><a href=\"https:\/\/bulle-d-or.fr\/index.php\/chez-vous\/\"><img loading=\"lazy\" decoding=\"async\" width=\"640\" height=\"360\" data-id=\"728\" src=\"https:\/\/bulle-d-or.fr\/wp-content\/uploads\/2024\/04\/istockphoto-1187388205-640x640-1.jpg\" alt=\"\" class=\"wp-image-728\" srcset=\"https:\/\/bulle-d-or.fr\/wp-content\/uploads\/2024\/04\/istockphoto-1187388205-640x640-1.jpg 640w, https:\/\/bulle-d-or.fr\/wp-content\/uploads\/2024\/04\/istockphoto-1187388205-640x640-1-300x169.jpg 300w\" sizes=\"auto, (max-width: 640px) 100vw, 640px\" \/><\/a><figcaption class=\"wp-element-caption\"><a href=\"https:\/\/bulle-d-or.fr\/index.php\/chez-vous\/\" data-type=\"page\" data-id=\"719\">Chez vous<\/a><\/figcaption><\/figure>\n<\/figure>\n","protected":false},"excerpt":{"rendered":"","protected":false},"author":1,"featured_media":0,"parent":0,"menu_order":0,"comment_status":"closed","ping_status":"closed","template":"","meta":{"footnotes":""},"class_list":["post-712","page","type-page","status-publish","hentry"],"yoast_head":"<!-- This site is optimized with the Yoast SEO plugin v27.5 - https:\/\/yoast.com\/product\/yoast-seo-wordpress\/ -->\n<title>Choix des lieux - Bulle Or<\/title>\n<meta name=\"robots\" content=\"index, follow, max-snippet:-1, max-image-preview:large, max-video-preview:-1\" \/>\n<link rel=\"canonical\" href=\"https:\/\/bulle-d-or.fr\/index.php\/choix-du-lieu\/\" \/>\n<meta property=\"og:locale\" content=\"fr_FR\" \/>\n<meta property=\"og:type\" content=\"article\" \/>\n<meta property=\"og:title\" content=\"Choix des lieux - Bulle Or\" \/>\n<meta property=\"og:url\" content=\"https:\/\/bulle-d-or.fr\/index.php\/choix-du-lieu\/\" \/>\n<meta property=\"og:site_name\" content=\"Bulle Or\" \/>\n<meta property=\"article:modified_time\" content=\"2024-09-17T09:15:35+00:00\" \/>\n<meta property=\"og:image\" content=\"https:\/\/bulle-d-or.fr\/wp-content\/uploads\/2024\/09\/PXL_20240916_0845355312.jpg\" \/>\n\t<meta property=\"og:image:width\" content=\"1613\" \/>\n\t<meta property=\"og:image:height\" content=\"908\" \/>\n\t<meta property=\"og:image:type\" content=\"image\/jpeg\" \/>\n<meta name=\"twitter:card\" content=\"summary_large_image\" \/>\n<script type=\"application\/ld+json\" class=\"yoast-schema-graph\">{\"@context\":\"https:\\\/\\\/schema.org\",\"@graph\":[{\"@type\":\"WebPage\",\"@id\":\"https:\\\/\\\/bulle-d-or.fr\\\/index.php\\\/choix-du-lieu\\\/\",\"url\":\"https:\\\/\\\/bulle-d-or.fr\\\/index.php\\\/choix-du-lieu\\\/\",\"name\":\"Choix des lieux - Bulle Or\",\"isPartOf\":{\"@id\":\"https:\\\/\\\/bulle-d-or.fr\\\/#website\"},\"primaryImageOfPage\":{\"@id\":\"https:\\\/\\\/bulle-d-or.fr\\\/index.php\\\/choix-du-lieu\\\/#primaryimage\"},\"image\":{\"@id\":\"https:\\\/\\\/bulle-d-or.fr\\\/index.php\\\/choix-du-lieu\\\/#primaryimage\"},\"thumbnailUrl\":\"https:\\\/\\\/bulle-d-or.fr\\\/wp-content\\\/uploads\\\/2024\\\/09\\\/PXL_20240916_0845355312-1024x576.jpg\",\"datePublished\":\"2024-04-04T18:47:41+00:00\",\"dateModified\":\"2024-09-17T09:15:35+00:00\",\"breadcrumb\":{\"@id\":\"https:\\\/\\\/bulle-d-or.fr\\\/index.php\\\/choix-du-lieu\\\/#breadcrumb\"},\"inLanguage\":\"fr-FR\",\"potentialAction\":[{\"@type\":\"ReadAction\",\"target\":[\"https:\\\/\\\/bulle-d-or.fr\\\/index.php\\\/choix-du-lieu\\\/\"]}]},{\"@type\":\"ImageObject\",\"inLanguage\":\"fr-FR\",\"@id\":\"https:\\\/\\\/bulle-d-or.fr\\\/index.php\\\/choix-du-lieu\\\/#primaryimage\",\"url\":\"https:\\\/\\\/bulle-d-or.fr\\\/wp-content\\\/uploads\\\/2024\\\/09\\\/PXL_20240916_0845355312.jpg\",\"contentUrl\":\"https:\\\/\\\/bulle-d-or.fr\\\/wp-content\\\/uploads\\\/2024\\\/09\\\/PXL_20240916_0845355312.jpg\",\"width\":1613,\"height\":908},{\"@type\":\"BreadcrumbList\",\"@id\":\"https:\\\/\\\/bulle-d-or.fr\\\/index.php\\\/choix-du-lieu\\\/#breadcrumb\",\"itemListElement\":[{\"@type\":\"ListItem\",\"position\":1,\"name\":\"Home\",\"item\":\"https:\\\/\\\/bulle-d-or.fr\\\/\"},{\"@type\":\"ListItem\",\"position\":2,\"name\":\"Choix des lieux\"}]},{\"@type\":\"WebSite\",\"@id\":\"https:\\\/\\\/bulle-d-or.fr\\\/#website\",\"url\":\"https:\\\/\\\/bulle-d-or.fr\\\/\",\"name\":\"Bulle Or\",\"description\":\"Activit\u00e9 insolite de Pique-Nique Chic sous Bulle Transparente dans le Gr\u00e9sivaudan pr\u00e9s de Grenoble\",\"publisher\":{\"@id\":\"https:\\\/\\\/bulle-d-or.fr\\\/#organization\"},\"alternateName\":\"Exp\u00e9rience de Pique-Nique Chic sous Bulle Transparente dans le Gr\u00e9sivaudan\",\"potentialAction\":[{\"@type\":\"SearchAction\",\"target\":{\"@type\":\"EntryPoint\",\"urlTemplate\":\"https:\\\/\\\/bulle-d-or.fr\\\/?s={search_term_string}\"},\"query-input\":{\"@type\":\"PropertyValueSpecification\",\"valueRequired\":true,\"valueName\":\"search_term_string\"}}],\"inLanguage\":\"fr-FR\"},{\"@type\":\"Organization\",\"@id\":\"https:\\\/\\\/bulle-d-or.fr\\\/#organization\",\"name\":\"Bulle Or\",\"url\":\"https:\\\/\\\/bulle-d-or.fr\\\/\",\"logo\":{\"@type\":\"ImageObject\",\"inLanguage\":\"fr-FR\",\"@id\":\"https:\\\/\\\/bulle-d-or.fr\\\/#\\\/schema\\\/logo\\\/image\\\/\",\"url\":\"https:\\\/\\\/bulle-d-or.fr\\\/wp-content\\\/uploads\\\/2024\\\/02\\\/bulle-d-or.png\",\"contentUrl\":\"https:\\\/\\\/bulle-d-or.fr\\\/wp-content\\\/uploads\\\/2024\\\/02\\\/bulle-d-or.png\",\"width\":927,\"height\":343,\"caption\":\"Bulle Or\"},\"image\":{\"@id\":\"https:\\\/\\\/bulle-d-or.fr\\\/#\\\/schema\\\/logo\\\/image\\\/\"}}]}<\/script>\n<!-- \/ Yoast SEO plugin. -->","yoast_head_json":{"title":"Choix des lieux - Bulle Or","robots":{"index":"index","follow":"follow","max-snippet":"max-snippet:-1","max-image-preview":"max-image-preview:large","max-video-preview":"max-video-preview:-1"},"canonical":"https:\/\/bulle-d-or.fr\/index.php\/choix-du-lieu\/","og_locale":"fr_FR","og_type":"article","og_title":"Choix des lieux - Bulle Or","og_url":"https:\/\/bulle-d-or.fr\/index.php\/choix-du-lieu\/","og_site_name":"Bulle Or","article_modified_time":"2024-09-17T09:15:35+00:00","og_image":[{"width":1613,"height":908,"url":"https:\/\/bulle-d-or.fr\/wp-content\/uploads\/2024\/09\/PXL_20240916_0845355312.jpg","type":"image\/jpeg"}],"twitter_card":"summary_large_image","schema":{"@context":"https:\/\/schema.org","@graph":[{"@type":"WebPage","@id":"https:\/\/bulle-d-or.fr\/index.php\/choix-du-lieu\/","url":"https:\/\/bulle-d-or.fr\/index.php\/choix-du-lieu\/","name":"Choix des lieux - Bulle Or","isPartOf":{"@id":"https:\/\/bulle-d-or.fr\/#website"},"primaryImageOfPage":{"@id":"https:\/\/bulle-d-or.fr\/index.php\/choix-du-lieu\/#primaryimage"},"image":{"@id":"https:\/\/bulle-d-or.fr\/index.php\/choix-du-lieu\/#primaryimage"},"thumbnailUrl":"https:\/\/bulle-d-or.fr\/wp-content\/uploads\/2024\/09\/PXL_20240916_0845355312-1024x576.jpg","datePublished":"2024-04-04T18:47:41+00:00","dateModified":"2024-09-17T09:15:35+00:00","breadcrumb":{"@id":"https:\/\/bulle-d-or.fr\/index.php\/choix-du-lieu\/#breadcrumb"},"inLanguage":"fr-FR","potentialAction":[{"@type":"ReadAction","target":["https:\/\/bulle-d-or.fr\/index.php\/choix-du-lieu\/"]}]},{"@type":"ImageObject","inLanguage":"fr-FR","@id":"https:\/\/bulle-d-or.fr\/index.php\/choix-du-lieu\/#primaryimage","url":"https:\/\/bulle-d-or.fr\/wp-content\/uploads\/2024\/09\/PXL_20240916_0845355312.jpg","contentUrl":"https:\/\/bulle-d-or.fr\/wp-content\/uploads\/2024\/09\/PXL_20240916_0845355312.jpg","width":1613,"height":908},{"@type":"BreadcrumbList","@id":"https:\/\/bulle-d-or.fr\/index.php\/choix-du-lieu\/#breadcrumb","itemListElement":[{"@type":"ListItem","position":1,"name":"Home","item":"https:\/\/bulle-d-or.fr\/"},{"@type":"ListItem","position":2,"name":"Choix des lieux"}]},{"@type":"WebSite","@id":"https:\/\/bulle-d-or.fr\/#website","url":"https:\/\/bulle-d-or.fr\/","name":"Bulle Or","description":"Activit\u00e9 insolite de Pique-Nique Chic sous Bulle Transparente dans le Gr\u00e9sivaudan pr\u00e9s de Grenoble","publisher":{"@id":"https:\/\/bulle-d-or.fr\/#organization"},"alternateName":"Exp\u00e9rience de Pique-Nique Chic sous Bulle Transparente dans le Gr\u00e9sivaudan","potentialAction":[{"@type":"SearchAction","target":{"@type":"EntryPoint","urlTemplate":"https:\/\/bulle-d-or.fr\/?s={search_term_string}"},"query-input":{"@type":"PropertyValueSpecification","valueRequired":true,"valueName":"search_term_string"}}],"inLanguage":"fr-FR"},{"@type":"Organization","@id":"https:\/\/bulle-d-or.fr\/#organization","name":"Bulle Or","url":"https:\/\/bulle-d-or.fr\/","logo":{"@type":"ImageObject","inLanguage":"fr-FR","@id":"https:\/\/bulle-d-or.fr\/#\/schema\/logo\/image\/","url":"https:\/\/bulle-d-or.fr\/wp-content\/uploads\/2024\/02\/bulle-d-or.png","contentUrl":"https:\/\/bulle-d-or.fr\/wp-content\/uploads\/2024\/02\/bulle-d-or.png","width":927,"height":343,"caption":"Bulle Or"},"image":{"@id":"https:\/\/bulle-d-or.fr\/#\/schema\/logo\/image\/"}}]}},"_links":{"self":[{"href":"https:\/\/bulle-d-or.fr\/index.php\/wp-json\/wp\/v2\/pages\/712","targetHints":{"allow":["GET"]}}],"collection":[{"href":"https:\/\/bulle-d-or.fr\/index.php\/wp-json\/wp\/v2\/pages"}],"about":[{"href":"https:\/\/bulle-d-or.fr\/index.php\/wp-json\/wp\/v2\/types\/page"}],"author":[{"embeddable":true,"href":"https:\/\/bulle-d-or.fr\/index.php\/wp-json\/wp\/v2\/users\/1"}],"replies":[{"embeddable":true,"href":"https:\/\/bulle-d-or.fr\/index.php\/wp-json\/wp\/v2\/comments?post=712"}],"version-history":[{"count":8,"href":"https:\/\/bulle-d-or.fr\/index.php\/wp-json\/wp\/v2\/pages\/712\/revisions"}],"predecessor-version":[{"id":1127,"href":"https:\/\/bulle-d-or.fr\/index.php\/wp-json\/wp\/v2\/pages\/712\/revisions\/1127"}],"wp:attachment":[{"href":"https:\/\/bulle-d-or.fr\/index.php\/wp-json\/wp\/v2\/media?parent=712"}],"curies":[{"name":"wp","href":"https:\/\/api.w.org\/{rel}","templated":true}]}}