{"id":73,"date":"2024-02-23T21:14:37","date_gmt":"2024-02-23T20:14:37","guid":{"rendered":"https:\/\/bulle-d-or.fr\/?page_id=73"},"modified":"2024-06-07T21:56:40","modified_gmt":"2024-06-07T19:56:40","slug":"disney-chic","status":"publish","type":"page","link":"https:\/\/bulle-d-or.fr\/index.php\/disney-chic\/","title":{"rendered":"Th\u00e8me Disney Chic"},"content":{"rendered":"\n<h2 class=\"wp-block-heading\">Vivez la Magie des Contes Classiques avec Style<br><\/h2>\n\n\n\n<p>Bulle d&rsquo;Or vous invite \u00e0 p\u00e9n\u00e9trer dans un monde o\u00f9 les contes de f\u00e9es rencontrent le raffinement avec notre th\u00e8me \u00ab\u00a0Disney Chic\u00a0\u00bb. Con\u00e7u pour ceux qui ch\u00e9rissent les r\u00e9cits intemporels de Disney, nos d\u00e9cors chics et \u00e9l\u00e9gants donnent vie \u00e0 l&rsquo;\u00e9l\u00e9gance des classiques bien-aim\u00e9s dans un conte de f\u00e9es moderne parfait pour toutes celles qui sont princesses dans l&rsquo;\u00e2me.<\/p>\n\n\n\n<figure class=\"wp-block-gallery has-nested-images columns-default is-cropped wp-block-gallery-1 is-layout-flex wp-block-gallery-is-layout-flex\">\n<figure class=\"wp-block-image size-large\"><img loading=\"lazy\" decoding=\"async\" width=\"900\" height=\"1024\" data-id=\"230\" src=\"https:\/\/bulle-d-or.fr\/wp-content\/uploads\/2024\/03\/20220326_093028-2-900x1024.jpg\" alt=\"\" class=\"wp-image-230\" srcset=\"https:\/\/bulle-d-or.fr\/wp-content\/uploads\/2024\/03\/20220326_093028-2-900x1024.jpg 900w, https:\/\/bulle-d-or.fr\/wp-content\/uploads\/2024\/03\/20220326_093028-2-264x300.jpg 264w, https:\/\/bulle-d-or.fr\/wp-content\/uploads\/2024\/03\/20220326_093028-2-768x874.jpg 768w, https:\/\/bulle-d-or.fr\/wp-content\/uploads\/2024\/03\/20220326_093028-2.jpg 1125w\" sizes=\"(max-width: 900px) 100vw, 900px\" \/><\/figure>\n\n\n\n<figure class=\"wp-block-image size-large\"><img loading=\"lazy\" decoding=\"async\" width=\"1024\" height=\"1012\" data-id=\"227\" src=\"https:\/\/bulle-d-or.fr\/wp-content\/uploads\/2024\/03\/20220325_094620-2-1024x1012.jpg\" alt=\"\" class=\"wp-image-227\" srcset=\"https:\/\/bulle-d-or.fr\/wp-content\/uploads\/2024\/03\/20220325_094620-2-1024x1012.jpg 1024w, https:\/\/bulle-d-or.fr\/wp-content\/uploads\/2024\/03\/20220325_094620-2-300x296.jpg 300w, https:\/\/bulle-d-or.fr\/wp-content\/uploads\/2024\/03\/20220325_094620-2-768x759.jpg 768w, https:\/\/bulle-d-or.fr\/wp-content\/uploads\/2024\/03\/20220325_094620-2.jpg 1280w\" sizes=\"(max-width: 1024px) 100vw, 1024px\" \/><\/figure>\n\n\n\n<figure class=\"wp-block-image size-large\"><img loading=\"lazy\" decoding=\"async\" width=\"768\" height=\"1024\" data-id=\"226\" src=\"https:\/\/bulle-d-or.fr\/wp-content\/uploads\/2024\/03\/20220323_083629-2-768x1024.jpg\" alt=\"\" class=\"wp-image-226\" srcset=\"https:\/\/bulle-d-or.fr\/wp-content\/uploads\/2024\/03\/20220323_083629-2-768x1024.jpg 768w, https:\/\/bulle-d-or.fr\/wp-content\/uploads\/2024\/03\/20220323_083629-2-225x300.jpg 225w, https:\/\/bulle-d-or.fr\/wp-content\/uploads\/2024\/03\/20220323_083629-2.jpg 960w\" sizes=\"(max-width: 768px) 100vw, 768px\" \/><\/figure>\n\n\n\n<figure class=\"wp-block-image size-large\"><img loading=\"lazy\" decoding=\"async\" width=\"768\" height=\"1024\" data-id=\"219\" src=\"https:\/\/bulle-d-or.fr\/wp-content\/uploads\/2024\/03\/20220322_102127-2-768x1024.jpg\" alt=\"\" class=\"wp-image-219\" srcset=\"https:\/\/bulle-d-or.fr\/wp-content\/uploads\/2024\/03\/20220322_102127-2-768x1024.jpg 768w, https:\/\/bulle-d-or.fr\/wp-content\/uploads\/2024\/03\/20220322_102127-2-225x300.jpg 225w, https:\/\/bulle-d-or.fr\/wp-content\/uploads\/2024\/03\/20220322_102127-2.jpg 960w\" sizes=\"(max-width: 768px) 100vw, 768px\" \/><\/figure>\n\n\n\n<figure class=\"wp-block-image size-large\"><img loading=\"lazy\" decoding=\"async\" width=\"768\" height=\"1024\" data-id=\"223\" src=\"https:\/\/bulle-d-or.fr\/wp-content\/uploads\/2024\/03\/20220610_112759-2-768x1024.jpg\" alt=\"\" class=\"wp-image-223\" srcset=\"https:\/\/bulle-d-or.fr\/wp-content\/uploads\/2024\/03\/20220610_112759-2-768x1024.jpg 768w, https:\/\/bulle-d-or.fr\/wp-content\/uploads\/2024\/03\/20220610_112759-2-225x300.jpg 225w, https:\/\/bulle-d-or.fr\/wp-content\/uploads\/2024\/03\/20220610_112759-2.jpg 960w\" sizes=\"(max-width: 768px) 100vw, 768px\" \/><\/figure>\n\n\n\n<figure class=\"wp-block-image size-large\"><img loading=\"lazy\" decoding=\"async\" width=\"802\" height=\"1024\" data-id=\"220\" src=\"https:\/\/bulle-d-or.fr\/wp-content\/uploads\/2024\/03\/20220325_103035-2-802x1024.jpg\" alt=\"\" class=\"wp-image-220\" srcset=\"https:\/\/bulle-d-or.fr\/wp-content\/uploads\/2024\/03\/20220325_103035-2-802x1024.jpg 802w, https:\/\/bulle-d-or.fr\/wp-content\/uploads\/2024\/03\/20220325_103035-2-235x300.jpg 235w, https:\/\/bulle-d-or.fr\/wp-content\/uploads\/2024\/03\/20220325_103035-2-768x980.jpg 768w, https:\/\/bulle-d-or.fr\/wp-content\/uploads\/2024\/03\/20220325_103035-2.jpg 1003w\" sizes=\"(max-width: 802px) 100vw, 802px\" \/><\/figure>\n\n\n\n<figure class=\"wp-block-image size-large\"><img loading=\"lazy\" decoding=\"async\" width=\"768\" height=\"1024\" data-id=\"228\" src=\"https:\/\/bulle-d-or.fr\/wp-content\/uploads\/2024\/03\/20220323_094209-2-768x1024.jpg\" alt=\"\" class=\"wp-image-228\" srcset=\"https:\/\/bulle-d-or.fr\/wp-content\/uploads\/2024\/03\/20220323_094209-2-768x1024.jpg 768w, https:\/\/bulle-d-or.fr\/wp-content\/uploads\/2024\/03\/20220323_094209-2-225x300.jpg 225w, https:\/\/bulle-d-or.fr\/wp-content\/uploads\/2024\/03\/20220323_094209-2.jpg 960w\" sizes=\"(max-width: 768px) 100vw, 768px\" \/><\/figure>\n\n\n\n<figure class=\"wp-block-image size-large\"><img loading=\"lazy\" decoding=\"async\" width=\"768\" height=\"1024\" data-id=\"221\" src=\"https:\/\/bulle-d-or.fr\/wp-content\/uploads\/2024\/03\/20220326_091240-2-768x1024.jpg\" alt=\"\" class=\"wp-image-221\" srcset=\"https:\/\/bulle-d-or.fr\/wp-content\/uploads\/2024\/03\/20220326_091240-2-768x1024.jpg 768w, https:\/\/bulle-d-or.fr\/wp-content\/uploads\/2024\/03\/20220326_091240-2-225x300.jpg 225w, https:\/\/bulle-d-or.fr\/wp-content\/uploads\/2024\/03\/20220326_091240-2.jpg 960w\" sizes=\"(max-width: 768px) 100vw, 768px\" \/><\/figure>\n\n\n\n<figure class=\"wp-block-image size-large\"><img loading=\"lazy\" decoding=\"async\" width=\"790\" height=\"1024\" data-id=\"229\" src=\"https:\/\/bulle-d-or.fr\/wp-content\/uploads\/2024\/03\/20220323_085617-2-790x1024.jpg\" alt=\"\" class=\"wp-image-229\" srcset=\"https:\/\/bulle-d-or.fr\/wp-content\/uploads\/2024\/03\/20220323_085617-2-790x1024.jpg 790w, https:\/\/bulle-d-or.fr\/wp-content\/uploads\/2024\/03\/20220323_085617-2-231x300.jpg 231w, https:\/\/bulle-d-or.fr\/wp-content\/uploads\/2024\/03\/20220323_085617-2-768x996.jpg 768w, https:\/\/bulle-d-or.fr\/wp-content\/uploads\/2024\/03\/20220323_085617-2.jpg 987w\" sizes=\"(max-width: 790px) 100vw, 790px\" \/><\/figure>\n\n\n\n<figure class=\"wp-block-image size-large\"><img loading=\"lazy\" decoding=\"async\" width=\"988\" height=\"1024\" data-id=\"224\" src=\"https:\/\/bulle-d-or.fr\/wp-content\/uploads\/2024\/03\/20220322_104307_2-988x1024.jpg\" alt=\"\" class=\"wp-image-224\" srcset=\"https:\/\/bulle-d-or.fr\/wp-content\/uploads\/2024\/03\/20220322_104307_2-988x1024.jpg 988w, https:\/\/bulle-d-or.fr\/wp-content\/uploads\/2024\/03\/20220322_104307_2-289x300.jpg 289w, https:\/\/bulle-d-or.fr\/wp-content\/uploads\/2024\/03\/20220322_104307_2-768x796.jpg 768w, https:\/\/bulle-d-or.fr\/wp-content\/uploads\/2024\/03\/20220322_104307_2.jpg 1235w\" sizes=\"(max-width: 988px) 100vw, 988px\" \/><\/figure>\n\n\n\n<figure class=\"wp-block-image size-large\"><img loading=\"lazy\" decoding=\"async\" width=\"932\" height=\"1024\" data-id=\"225\" src=\"https:\/\/bulle-d-or.fr\/wp-content\/uploads\/2024\/03\/20220322_110307-2-932x1024.jpg\" alt=\"\" class=\"wp-image-225\" srcset=\"https:\/\/bulle-d-or.fr\/wp-content\/uploads\/2024\/03\/20220322_110307-2-932x1024.jpg 932w, https:\/\/bulle-d-or.fr\/wp-content\/uploads\/2024\/03\/20220322_110307-2-273x300.jpg 273w, https:\/\/bulle-d-or.fr\/wp-content\/uploads\/2024\/03\/20220322_110307-2-768x844.jpg 768w, https:\/\/bulle-d-or.fr\/wp-content\/uploads\/2024\/03\/20220322_110307-2.jpg 1165w\" sizes=\"(max-width: 932px) 100vw, 932px\" \/><\/figure>\n\n\n\n<figure class=\"wp-block-image size-large\"><img loading=\"lazy\" decoding=\"async\" width=\"878\" height=\"1024\" data-id=\"222\" src=\"https:\/\/bulle-d-or.fr\/wp-content\/uploads\/2024\/03\/20220325_100332-2-878x1024.jpg\" alt=\"\" class=\"wp-image-222\" srcset=\"https:\/\/bulle-d-or.fr\/wp-content\/uploads\/2024\/03\/20220325_100332-2-878x1024.jpg 878w, https:\/\/bulle-d-or.fr\/wp-content\/uploads\/2024\/03\/20220325_100332-2-257x300.jpg 257w, https:\/\/bulle-d-or.fr\/wp-content\/uploads\/2024\/03\/20220325_100332-2-768x896.jpg 768w, https:\/\/bulle-d-or.fr\/wp-content\/uploads\/2024\/03\/20220325_100332-2.jpg 1097w\" sizes=\"(max-width: 878px) 100vw, 878px\" \/><\/figure>\n<\/figure>\n\n\n\n<p><\/p>\n\n\n\n<p><\/p>\n\n\n\n<h2 class=\"wp-block-heading\">Votre Exp\u00e9rience \u00ab\u00a0Disney Chic\u00a0\u00bb Vous Attend<br><\/h2>\n\n\n\n<p>S\u00e9lectionnez parmi notre liste d&rsquo;animations Disney embl\u00e9matiques, incluant :<\/p>\n\n\n\n<ul class=\"wp-block-list\">\n<li>Cendrillon<\/li>\n\n\n\n<li>La Belle et la B\u00eate<\/li>\n\n\n\n<li>Raiponce<\/li>\n\n\n\n<li>La Belle au Bois Dormant<\/li>\n\n\n\n<li>La Princesse et la Grenouille<\/li>\n\n\n\n<li>Alice au Pays des Merveilles<\/li>\n\n\n\n<li>La Reine des Neiges<\/li>\n\n\n\n<li>Aladdin<\/li>\n\n\n\n<li>Le Bossu de Notre Dame<\/li>\n\n\n\n<li>Blanche-Neige<\/li>\n\n\n\n<li>Mulan<\/li>\n\n\n\n<li>La Petite Sir\u00e8ne<\/li>\n<\/ul>\n\n\n\n<p>Votre th\u00e8me Disney choisi prendra vie avec des textiles somptueux, des ornements scintillants, et des touches subtiles qui r\u00e9sonnent avec l&rsquo;\u00e9l\u00e9gance classique de ces histoires.<\/p>\n\n\n\n<p>Parcourez la galerie ci-dessus pour un aper\u00e7u de nos offres \u00ab\u00a0Disney Chic\u00a0\u00bb et imaginez-vous dans la splendeur de ces mondes magiques. Pour plus de d\u00e9tails sur <a href=\"https:\/\/www.rose-d-or.fr\/tables-theme-disney-chic-b113739.html\">nos th\u00e8mes Disney<\/a> vous pouvez consulter <a href=\"https:\/\/www.rose-d-or.fr\/tables-theme-disney-chic-b113739.html\">notre page<\/a> sur notre site Rose d&rsquo;Or (d\u00e9di\u00e9 aux d\u00e9corations \u00e9v\u00e9nementielles)<\/p>\n\n\n\n<p><\/p>\n\n\n\n<h2 class=\"wp-block-heading\">Carton D\u2019invitation Disney chic<\/h2>\n\n\n\n<p>Nous vous offrons une carte d&rsquo;invitation personnalis\u00e9e num\u00e9rique \u00e0 envoyer \u00e0 vos convives<\/p>\n\n\n\n<p><\/p>\n\n\n\n<figure class=\"wp-block-image aligncenter size-large is-resized\"><img loading=\"lazy\" decoding=\"async\" width=\"698\" height=\"1024\" src=\"https:\/\/bulle-d-or.fr\/wp-content\/uploads\/2024\/03\/InCollage_20240315_152059822-698x1024.jpg\" alt=\"\" class=\"wp-image-238\" style=\"width:410px;height:auto\" srcset=\"https:\/\/bulle-d-or.fr\/wp-content\/uploads\/2024\/03\/InCollage_20240315_152059822-698x1024.jpg 698w, https:\/\/bulle-d-or.fr\/wp-content\/uploads\/2024\/03\/InCollage_20240315_152059822-205x300.jpg 205w, https:\/\/bulle-d-or.fr\/wp-content\/uploads\/2024\/03\/InCollage_20240315_152059822-768x1126.jpg 768w, https:\/\/bulle-d-or.fr\/wp-content\/uploads\/2024\/03\/InCollage_20240315_152059822-1048x1536.jpg 1048w, https:\/\/bulle-d-or.fr\/wp-content\/uploads\/2024\/03\/InCollage_20240315_152059822.jpg 1309w\" sizes=\"(max-width: 698px) 100vw, 698px\" \/><\/figure>\n\n\n\n<div class=\"wp-block-group alignfull gutenify-section-f95a7110-d092-11ed-8ce7-6b0c7b3708f0 has-background is-layout-flow wp-block-group-is-layout-flow\" style=\"background-color:#015d61;padding-top:0px;padding-right:0px;padding-bottom:0px;padding-left:0px\">\n<div class=\"wp-block-cover alignfull is-light\" style=\"padding-top:var(--wp--preset--spacing--medium);padding-right:30px;padding-bottom:0;padding-left:30px;min-height:284px;aspect-ratio:unset;\"><span aria-hidden=\"true\" class=\"wp-block-cover__background has-background-dim-0 has-background-dim\"><\/span><img loading=\"lazy\" decoding=\"async\" width=\"485\" height=\"212\" class=\"wp-block-cover__image-background wp-image-362\" alt=\"\" src=\"https:\/\/bulle-d-or.fr\/wp-content\/uploads\/2024\/03\/fdc1c5.png\" style=\"object-position:50% 50%\" data-object-fit=\"cover\" data-object-position=\"50% 50%\" srcset=\"https:\/\/bulle-d-or.fr\/wp-content\/uploads\/2024\/03\/fdc1c5.png 485w, https:\/\/bulle-d-or.fr\/wp-content\/uploads\/2024\/03\/fdc1c5-300x131.png 300w\" sizes=\"(max-width: 485px) 100vw, 485px\" \/><div class=\"wp-block-cover__inner-container is-layout-flow wp-block-cover-is-layout-flow\">\n<div class=\"wp-block-group alignfull gutenify-section-f9593890-d092-11ed-8ce7-6b0c7b3708f0 is-layout-constrained wp-block-group-is-layout-constrained\">\n<div class=\"wp-block-columns are-vertically-aligned-center gutenify-section-f958ea70-d092-11ed-8ce7-6b0c7b3708f0 is-layout-flex wp-container-core-columns-is-layout-1 wp-block-columns-is-layout-flex\">\n<div class=\"wp-block-column is-vertically-aligned-center gutenify-section-f95763d0-d092-11ed-8ce7-6b0c7b3708f0 is-layout-flow wp-block-column-is-layout-flow\" style=\"flex-basis:75%\">\n<div class=\"wp-block-group gutenify-section-f9567970-d092-11ed-8ce7-6b0c7b3708f0 is-layout-flow wp-block-group-is-layout-flow\">\n<h2 class=\"wp-block-heading has-text-align-left animated animated-fadeInUp has-white-color has-text-color has-slider-title-font-size\"><strong>Pr\u00eats \u00c0 Cr\u00e9er Des Souvenirs M\u00e9morables ?<\/strong><\/h2>\n<\/div>\n<\/div>\n\n\n\n<div class=\"wp-block-column is-vertically-aligned-center gutenify-section-f9589c50-d092-11ed-8ce7-6b0c7b3708f0 is-layout-flow wp-block-column-is-layout-flow\" style=\"flex-basis:25%\">\n<div class=\"wp-block-buttons animated animated-fadeInUp is-content-justification-right is-layout-flex wp-container-core-buttons-is-layout-1 wp-block-buttons-is-layout-flex\">\n<div class=\"wp-block-button\"><a class=\"wp-block-button__link wp-element-button\" href=\"https:\/\/bulle-d-or.fr\/index.php\/contactez-nous\/\">Contactez-nous<\/a><\/div>\n<\/div>\n<\/div>\n<\/div>\n<\/div>\n<\/div><\/div>\n<\/div>\n","protected":false},"excerpt":{"rendered":"<p>Vivez la Magie des Contes Classiques avec Style Bulle d&rsquo;Or vous invite \u00e0 p\u00e9n\u00e9trer dans [&hellip;]<\/p>\n","protected":false},"author":1,"featured_media":0,"parent":0,"menu_order":0,"comment_status":"closed","ping_status":"closed","template":"","meta":{"footnotes":""},"class_list":["post-73","page","type-page","status-publish","hentry"],"yoast_head":"<!-- This site is optimized with the Yoast SEO plugin v24.3 - https:\/\/yoast.com\/wordpress\/plugins\/seo\/ -->\n<title>Th\u00e8me Disney Chic - Bulle Or<\/title>\n<meta name=\"robots\" content=\"index, follow, max-snippet:-1, max-image-preview:large, max-video-preview:-1\" \/>\n<link rel=\"canonical\" href=\"https:\/\/bulle-d-or.fr\/index.php\/disney-chic\/\" \/>\n<meta property=\"og:locale\" content=\"fr_FR\" \/>\n<meta property=\"og:type\" content=\"article\" \/>\n<meta property=\"og:title\" content=\"Th\u00e8me Disney Chic - Bulle Or\" \/>\n<meta property=\"og:description\" content=\"Vivez la Magie des Contes Classiques avec Style Bulle d&rsquo;Or vous invite \u00e0 p\u00e9n\u00e9trer dans [&hellip;]\" \/>\n<meta property=\"og:url\" content=\"https:\/\/bulle-d-or.fr\/index.php\/disney-chic\/\" \/>\n<meta property=\"og:site_name\" content=\"Bulle Or\" \/>\n<meta property=\"article:modified_time\" content=\"2024-06-07T19:56:40+00:00\" \/>\n<meta property=\"og:image\" content=\"https:\/\/bulle-d-or.fr\/wp-content\/uploads\/2024\/03\/20220326_093028-2.jpg\" \/>\n\t<meta property=\"og:image:width\" content=\"1125\" \/>\n\t<meta property=\"og:image:height\" content=\"1280\" \/>\n\t<meta property=\"og:image:type\" content=\"image\/jpeg\" \/>\n<meta name=\"twitter:card\" content=\"summary_large_image\" \/>\n<meta name=\"twitter:label1\" content=\"Dur\u00e9e de lecture estim\u00e9e\" \/>\n\t<meta name=\"twitter:data1\" content=\"1 minute\" \/>\n<script type=\"application\/ld+json\" class=\"yoast-schema-graph\">{\"@context\":\"https:\/\/schema.org\",\"@graph\":[{\"@type\":\"WebPage\",\"@id\":\"https:\/\/bulle-d-or.fr\/index.php\/disney-chic\/\",\"url\":\"https:\/\/bulle-d-or.fr\/index.php\/disney-chic\/\",\"name\":\"Th\u00e8me Disney Chic - Bulle Or\",\"isPartOf\":{\"@id\":\"https:\/\/bulle-d-or.fr\/#website\"},\"primaryImageOfPage\":{\"@id\":\"https:\/\/bulle-d-or.fr\/index.php\/disney-chic\/#primaryimage\"},\"image\":{\"@id\":\"https:\/\/bulle-d-or.fr\/index.php\/disney-chic\/#primaryimage\"},\"thumbnailUrl\":\"https:\/\/bulle-d-or.fr\/wp-content\/uploads\/2024\/03\/20220326_093028-2-900x1024.jpg\",\"datePublished\":\"2024-02-23T20:14:37+00:00\",\"dateModified\":\"2024-06-07T19:56:40+00:00\",\"breadcrumb\":{\"@id\":\"https:\/\/bulle-d-or.fr\/index.php\/disney-chic\/#breadcrumb\"},\"inLanguage\":\"fr-FR\",\"potentialAction\":[{\"@type\":\"ReadAction\",\"target\":[\"https:\/\/bulle-d-or.fr\/index.php\/disney-chic\/\"]}]},{\"@type\":\"ImageObject\",\"inLanguage\":\"fr-FR\",\"@id\":\"https:\/\/bulle-d-or.fr\/index.php\/disney-chic\/#primaryimage\",\"url\":\"https:\/\/bulle-d-or.fr\/wp-content\/uploads\/2024\/03\/20220326_093028-2.jpg\",\"contentUrl\":\"https:\/\/bulle-d-or.fr\/wp-content\/uploads\/2024\/03\/20220326_093028-2.jpg\",\"width\":1125,\"height\":1280},{\"@type\":\"BreadcrumbList\",\"@id\":\"https:\/\/bulle-d-or.fr\/index.php\/disney-chic\/#breadcrumb\",\"itemListElement\":[{\"@type\":\"ListItem\",\"position\":1,\"name\":\"Home\",\"item\":\"https:\/\/bulle-d-or.fr\/\"},{\"@type\":\"ListItem\",\"position\":2,\"name\":\"Th\u00e8me Disney Chic\"}]},{\"@type\":\"WebSite\",\"@id\":\"https:\/\/bulle-d-or.fr\/#website\",\"url\":\"https:\/\/bulle-d-or.fr\/\",\"name\":\"Bulle Or\",\"description\":\"Activit\u00e9 insolite de Pique-Nique Chic sous Bulle Transparente dans le Gr\u00e9sivaudan pr\u00e9s de Grenoble\",\"publisher\":{\"@id\":\"https:\/\/bulle-d-or.fr\/#organization\"},\"alternateName\":\"Exp\u00e9rience de Pique-Nique Chic sous Bulle Transparente dans le Gr\u00e9sivaudan\",\"potentialAction\":[{\"@type\":\"SearchAction\",\"target\":{\"@type\":\"EntryPoint\",\"urlTemplate\":\"https:\/\/bulle-d-or.fr\/?s={search_term_string}\"},\"query-input\":{\"@type\":\"PropertyValueSpecification\",\"valueRequired\":true,\"valueName\":\"search_term_string\"}}],\"inLanguage\":\"fr-FR\"},{\"@type\":\"Organization\",\"@id\":\"https:\/\/bulle-d-or.fr\/#organization\",\"name\":\"Bulle Or\",\"url\":\"https:\/\/bulle-d-or.fr\/\",\"logo\":{\"@type\":\"ImageObject\",\"inLanguage\":\"fr-FR\",\"@id\":\"https:\/\/bulle-d-or.fr\/#\/schema\/logo\/image\/\",\"url\":\"https:\/\/bulle-d-or.fr\/wp-content\/uploads\/2024\/02\/bulle-d-or.png\",\"contentUrl\":\"https:\/\/bulle-d-or.fr\/wp-content\/uploads\/2024\/02\/bulle-d-or.png\",\"width\":927,\"height\":343,\"caption\":\"Bulle Or\"},\"image\":{\"@id\":\"https:\/\/bulle-d-or.fr\/#\/schema\/logo\/image\/\"}}]}<\/script>\n<!-- \/ Yoast SEO plugin. -->","yoast_head_json":{"title":"Th\u00e8me Disney Chic - Bulle Or","robots":{"index":"index","follow":"follow","max-snippet":"max-snippet:-1","max-image-preview":"max-image-preview:large","max-video-preview":"max-video-preview:-1"},"canonical":"https:\/\/bulle-d-or.fr\/index.php\/disney-chic\/","og_locale":"fr_FR","og_type":"article","og_title":"Th\u00e8me Disney Chic - Bulle Or","og_description":"Vivez la Magie des Contes Classiques avec Style Bulle d&rsquo;Or vous invite \u00e0 p\u00e9n\u00e9trer dans [&hellip;]","og_url":"https:\/\/bulle-d-or.fr\/index.php\/disney-chic\/","og_site_name":"Bulle Or","article_modified_time":"2024-06-07T19:56:40+00:00","og_image":[{"width":1125,"height":1280,"url":"https:\/\/bulle-d-or.fr\/wp-content\/uploads\/2024\/03\/20220326_093028-2.jpg","type":"image\/jpeg"}],"twitter_card":"summary_large_image","twitter_misc":{"Dur\u00e9e de lecture estim\u00e9e":"1 minute"},"schema":{"@context":"https:\/\/schema.org","@graph":[{"@type":"WebPage","@id":"https:\/\/bulle-d-or.fr\/index.php\/disney-chic\/","url":"https:\/\/bulle-d-or.fr\/index.php\/disney-chic\/","name":"Th\u00e8me Disney Chic - Bulle Or","isPartOf":{"@id":"https:\/\/bulle-d-or.fr\/#website"},"primaryImageOfPage":{"@id":"https:\/\/bulle-d-or.fr\/index.php\/disney-chic\/#primaryimage"},"image":{"@id":"https:\/\/bulle-d-or.fr\/index.php\/disney-chic\/#primaryimage"},"thumbnailUrl":"https:\/\/bulle-d-or.fr\/wp-content\/uploads\/2024\/03\/20220326_093028-2-900x1024.jpg","datePublished":"2024-02-23T20:14:37+00:00","dateModified":"2024-06-07T19:56:40+00:00","breadcrumb":{"@id":"https:\/\/bulle-d-or.fr\/index.php\/disney-chic\/#breadcrumb"},"inLanguage":"fr-FR","potentialAction":[{"@type":"ReadAction","target":["https:\/\/bulle-d-or.fr\/index.php\/disney-chic\/"]}]},{"@type":"ImageObject","inLanguage":"fr-FR","@id":"https:\/\/bulle-d-or.fr\/index.php\/disney-chic\/#primaryimage","url":"https:\/\/bulle-d-or.fr\/wp-content\/uploads\/2024\/03\/20220326_093028-2.jpg","contentUrl":"https:\/\/bulle-d-or.fr\/wp-content\/uploads\/2024\/03\/20220326_093028-2.jpg","width":1125,"height":1280},{"@type":"BreadcrumbList","@id":"https:\/\/bulle-d-or.fr\/index.php\/disney-chic\/#breadcrumb","itemListElement":[{"@type":"ListItem","position":1,"name":"Home","item":"https:\/\/bulle-d-or.fr\/"},{"@type":"ListItem","position":2,"name":"Th\u00e8me Disney Chic"}]},{"@type":"WebSite","@id":"https:\/\/bulle-d-or.fr\/#website","url":"https:\/\/bulle-d-or.fr\/","name":"Bulle Or","description":"Activit\u00e9 insolite de Pique-Nique Chic sous Bulle Transparente dans le Gr\u00e9sivaudan pr\u00e9s de Grenoble","publisher":{"@id":"https:\/\/bulle-d-or.fr\/#organization"},"alternateName":"Exp\u00e9rience de Pique-Nique Chic sous Bulle Transparente dans le Gr\u00e9sivaudan","potentialAction":[{"@type":"SearchAction","target":{"@type":"EntryPoint","urlTemplate":"https:\/\/bulle-d-or.fr\/?s={search_term_string}"},"query-input":{"@type":"PropertyValueSpecification","valueRequired":true,"valueName":"search_term_string"}}],"inLanguage":"fr-FR"},{"@type":"Organization","@id":"https:\/\/bulle-d-or.fr\/#organization","name":"Bulle Or","url":"https:\/\/bulle-d-or.fr\/","logo":{"@type":"ImageObject","inLanguage":"fr-FR","@id":"https:\/\/bulle-d-or.fr\/#\/schema\/logo\/image\/","url":"https:\/\/bulle-d-or.fr\/wp-content\/uploads\/2024\/02\/bulle-d-or.png","contentUrl":"https:\/\/bulle-d-or.fr\/wp-content\/uploads\/2024\/02\/bulle-d-or.png","width":927,"height":343,"caption":"Bulle Or"},"image":{"@id":"https:\/\/bulle-d-or.fr\/#\/schema\/logo\/image\/"}}]}},"_links":{"self":[{"href":"https:\/\/bulle-d-or.fr\/index.php\/wp-json\/wp\/v2\/pages\/73"}],"collection":[{"href":"https:\/\/bulle-d-or.fr\/index.php\/wp-json\/wp\/v2\/pages"}],"about":[{"href":"https:\/\/bulle-d-or.fr\/index.php\/wp-json\/wp\/v2\/types\/page"}],"author":[{"embeddable":true,"href":"https:\/\/bulle-d-or.fr\/index.php\/wp-json\/wp\/v2\/users\/1"}],"replies":[{"embeddable":true,"href":"https:\/\/bulle-d-or.fr\/index.php\/wp-json\/wp\/v2\/comments?post=73"}],"version-history":[{"count":13,"href":"https:\/\/bulle-d-or.fr\/index.php\/wp-json\/wp\/v2\/pages\/73\/revisions"}],"predecessor-version":[{"id":945,"href":"https:\/\/bulle-d-or.fr\/index.php\/wp-json\/wp\/v2\/pages\/73\/revisions\/945"}],"wp:attachment":[{"href":"https:\/\/bulle-d-or.fr\/index.php\/wp-json\/wp\/v2\/media?parent=73"}],"curies":[{"name":"wp","href":"https:\/\/api.w.org\/{rel}","templated":true}]}}