{"id":860,"date":"2024-05-26T20:59:08","date_gmt":"2024-05-26T18:59:08","guid":{"rendered":"https:\/\/bulle-d-or.fr\/?page_id=860"},"modified":"2024-09-29T21:36:59","modified_gmt":"2024-09-29T19:36:59","slug":"foire-aux-questions","status":"publish","type":"page","link":"https:\/\/bulle-d-or.fr\/index.php\/foire-aux-questions\/","title":{"rendered":"Foire aux questions"},"content":{"rendered":"\n<h2 class=\"wp-block-heading\"><strong>Peut-on emporter les restes de son plateau brunch ?<\/strong><\/h2>\n\n\n\n<p>Bien s\u00fbr que oui ! Vous \u00eates encourag\u00e9s \u00e0 emporter chez vous les restes de votre repas. Nous r\u00e9cup\u00e9rons simplement les bo\u00eetes en bois consign\u00e9es et vous fournissons de l&rsquo;aluminium pour emballer vos restes. Savourez le reste de votre repas \u00e0 la maison \u00e0 votre convenance.<\/p>\n\n\n\n<p><\/p>\n\n\n\n<h2 class=\"wp-block-heading\"><strong>Est-il permis d&rsquo;apporter son propre pique-nique ?<\/strong><\/h2>\n\n\n\n<p>Absolument, vous pouvez apporter votre pique-nique pr\u00e9f\u00e9r\u00e9. Nous proposons des plateaux brunch en option pour ceux qui souhaitent une exp\u00e9rience tout compris. Veuillez noter que l&rsquo;utilisation de barbecues ou de toute autre source de feu est interdite \u00e0 proximit\u00e9 de la Bulle pour garantir la s\u00e9curit\u00e9 de tous.<\/p>\n\n\n\n<p><\/p>\n\n\n\n<h2 class=\"wp-block-heading\"><strong>Peut-on personnaliser le th\u00e8me de la Bulle pour des \u00e9v\u00e9nements sp\u00e9ciaux ?<\/strong><\/h2>\n\n\n\n<p>Oui, une demande en mariage personnalis\u00e9e, <a href=\"https:\/\/bulle-d-or.fr\/index.php\/anniversaire-enfants\/\" data-type=\"page\" data-id=\"897\">l&rsquo;anniversaire de votre enfant<\/a> sur le th\u00e8me de son h\u00e9ro pr\u00e9f\u00e9r\u00e9, un univers dans l&rsquo;ambiance de votre film favori.. un devis sur mesure vous sera propos\u00e9.<\/p>\n\n\n\n<p><\/p>\n\n\n\n<h2 class=\"wp-block-heading\"><strong>Qui suis-je ?<\/strong><\/h2>\n\n\n\n<p>Je suis M\u00e9gane, je suis d\u00e9coratrice et suis passionn\u00e9e par ce que je fais. J&rsquo;aime la nature mais j&rsquo;ai une peur bleue des insectes alors si vous me voyez dans une tenue bizarre comme des bottes de pluie en plein \u00e9t\u00e9 c&rsquo;est parceque je veux pas que des araign\u00e9es puissent attaquer mes chevilles et si on m&rsquo;entend crier c&rsquo;est s\u00fbrement que je me fais attaquer par une mouche.. Sinon quand je vous vois \u00e9merveill\u00e9s lors de la d\u00e9couverte de la Bulle, sachez que c&rsquo;est vous qui \u00e9merveillez ma journ\u00e9e..<\/p>\n","protected":false},"excerpt":{"rendered":"<p>Peut-on emporter les restes de son plateau brunch ? Bien s\u00fbr que oui ! Vous [&hellip;]<\/p>\n","protected":false},"author":1,"featured_media":0,"parent":0,"menu_order":0,"comment_status":"closed","ping_status":"closed","template":"","meta":{"footnotes":""},"class_list":["post-860","page","type-page","status-publish","hentry"],"yoast_head":"<!-- This site is optimized with the Yoast SEO plugin v24.3 - https:\/\/yoast.com\/wordpress\/plugins\/seo\/ -->\n<title>Foire aux questions - Bulle Or<\/title>\n<meta name=\"robots\" content=\"index, follow, max-snippet:-1, max-image-preview:large, max-video-preview:-1\" \/>\n<link rel=\"canonical\" href=\"https:\/\/bulle-d-or.fr\/index.php\/foire-aux-questions\/\" \/>\n<meta property=\"og:locale\" content=\"fr_FR\" \/>\n<meta property=\"og:type\" content=\"article\" \/>\n<meta property=\"og:title\" content=\"Foire aux questions - Bulle Or\" \/>\n<meta property=\"og:description\" content=\"Peut-on emporter les restes de son plateau brunch ? Bien s\u00fbr que oui ! Vous [&hellip;]\" \/>\n<meta property=\"og:url\" content=\"https:\/\/bulle-d-or.fr\/index.php\/foire-aux-questions\/\" \/>\n<meta property=\"og:site_name\" content=\"Bulle Or\" \/>\n<meta property=\"article:modified_time\" content=\"2024-09-29T19:36:59+00:00\" \/>\n<meta name=\"twitter:card\" content=\"summary_large_image\" \/>\n<meta name=\"twitter:label1\" content=\"Dur\u00e9e de lecture estim\u00e9e\" \/>\n\t<meta name=\"twitter:data1\" content=\"1 minute\" \/>\n<script type=\"application\/ld+json\" class=\"yoast-schema-graph\">{\"@context\":\"https:\/\/schema.org\",\"@graph\":[{\"@type\":\"WebPage\",\"@id\":\"https:\/\/bulle-d-or.fr\/index.php\/foire-aux-questions\/\",\"url\":\"https:\/\/bulle-d-or.fr\/index.php\/foire-aux-questions\/\",\"name\":\"Foire aux questions - Bulle Or\",\"isPartOf\":{\"@id\":\"https:\/\/bulle-d-or.fr\/#website\"},\"datePublished\":\"2024-05-26T18:59:08+00:00\",\"dateModified\":\"2024-09-29T19:36:59+00:00\",\"breadcrumb\":{\"@id\":\"https:\/\/bulle-d-or.fr\/index.php\/foire-aux-questions\/#breadcrumb\"},\"inLanguage\":\"fr-FR\",\"potentialAction\":[{\"@type\":\"ReadAction\",\"target\":[\"https:\/\/bulle-d-or.fr\/index.php\/foire-aux-questions\/\"]}]},{\"@type\":\"BreadcrumbList\",\"@id\":\"https:\/\/bulle-d-or.fr\/index.php\/foire-aux-questions\/#breadcrumb\",\"itemListElement\":[{\"@type\":\"ListItem\",\"position\":1,\"name\":\"Home\",\"item\":\"https:\/\/bulle-d-or.fr\/\"},{\"@type\":\"ListItem\",\"position\":2,\"name\":\"Foire aux questions\"}]},{\"@type\":\"WebSite\",\"@id\":\"https:\/\/bulle-d-or.fr\/#website\",\"url\":\"https:\/\/bulle-d-or.fr\/\",\"name\":\"Bulle Or\",\"description\":\"Activit\u00e9 insolite de Pique-Nique Chic sous Bulle Transparente dans le Gr\u00e9sivaudan pr\u00e9s de Grenoble\",\"publisher\":{\"@id\":\"https:\/\/bulle-d-or.fr\/#organization\"},\"alternateName\":\"Exp\u00e9rience de Pique-Nique Chic sous Bulle Transparente dans le Gr\u00e9sivaudan\",\"potentialAction\":[{\"@type\":\"SearchAction\",\"target\":{\"@type\":\"EntryPoint\",\"urlTemplate\":\"https:\/\/bulle-d-or.fr\/?s={search_term_string}\"},\"query-input\":{\"@type\":\"PropertyValueSpecification\",\"valueRequired\":true,\"valueName\":\"search_term_string\"}}],\"inLanguage\":\"fr-FR\"},{\"@type\":\"Organization\",\"@id\":\"https:\/\/bulle-d-or.fr\/#organization\",\"name\":\"Bulle Or\",\"url\":\"https:\/\/bulle-d-or.fr\/\",\"logo\":{\"@type\":\"ImageObject\",\"inLanguage\":\"fr-FR\",\"@id\":\"https:\/\/bulle-d-or.fr\/#\/schema\/logo\/image\/\",\"url\":\"https:\/\/bulle-d-or.fr\/wp-content\/uploads\/2024\/02\/bulle-d-or.png\",\"contentUrl\":\"https:\/\/bulle-d-or.fr\/wp-content\/uploads\/2024\/02\/bulle-d-or.png\",\"width\":927,\"height\":343,\"caption\":\"Bulle Or\"},\"image\":{\"@id\":\"https:\/\/bulle-d-or.fr\/#\/schema\/logo\/image\/\"}}]}<\/script>\n<!-- \/ Yoast SEO plugin. -->","yoast_head_json":{"title":"Foire aux questions - Bulle Or","robots":{"index":"index","follow":"follow","max-snippet":"max-snippet:-1","max-image-preview":"max-image-preview:large","max-video-preview":"max-video-preview:-1"},"canonical":"https:\/\/bulle-d-or.fr\/index.php\/foire-aux-questions\/","og_locale":"fr_FR","og_type":"article","og_title":"Foire aux questions - Bulle Or","og_description":"Peut-on emporter les restes de son plateau brunch ? Bien s\u00fbr que oui ! Vous [&hellip;]","og_url":"https:\/\/bulle-d-or.fr\/index.php\/foire-aux-questions\/","og_site_name":"Bulle Or","article_modified_time":"2024-09-29T19:36:59+00:00","twitter_card":"summary_large_image","twitter_misc":{"Dur\u00e9e de lecture estim\u00e9e":"1 minute"},"schema":{"@context":"https:\/\/schema.org","@graph":[{"@type":"WebPage","@id":"https:\/\/bulle-d-or.fr\/index.php\/foire-aux-questions\/","url":"https:\/\/bulle-d-or.fr\/index.php\/foire-aux-questions\/","name":"Foire aux questions - Bulle Or","isPartOf":{"@id":"https:\/\/bulle-d-or.fr\/#website"},"datePublished":"2024-05-26T18:59:08+00:00","dateModified":"2024-09-29T19:36:59+00:00","breadcrumb":{"@id":"https:\/\/bulle-d-or.fr\/index.php\/foire-aux-questions\/#breadcrumb"},"inLanguage":"fr-FR","potentialAction":[{"@type":"ReadAction","target":["https:\/\/bulle-d-or.fr\/index.php\/foire-aux-questions\/"]}]},{"@type":"BreadcrumbList","@id":"https:\/\/bulle-d-or.fr\/index.php\/foire-aux-questions\/#breadcrumb","itemListElement":[{"@type":"ListItem","position":1,"name":"Home","item":"https:\/\/bulle-d-or.fr\/"},{"@type":"ListItem","position":2,"name":"Foire aux questions"}]},{"@type":"WebSite","@id":"https:\/\/bulle-d-or.fr\/#website","url":"https:\/\/bulle-d-or.fr\/","name":"Bulle Or","description":"Activit\u00e9 insolite de Pique-Nique Chic sous Bulle Transparente dans le Gr\u00e9sivaudan pr\u00e9s de Grenoble","publisher":{"@id":"https:\/\/bulle-d-or.fr\/#organization"},"alternateName":"Exp\u00e9rience de Pique-Nique Chic sous Bulle Transparente dans le Gr\u00e9sivaudan","potentialAction":[{"@type":"SearchAction","target":{"@type":"EntryPoint","urlTemplate":"https:\/\/bulle-d-or.fr\/?s={search_term_string}"},"query-input":{"@type":"PropertyValueSpecification","valueRequired":true,"valueName":"search_term_string"}}],"inLanguage":"fr-FR"},{"@type":"Organization","@id":"https:\/\/bulle-d-or.fr\/#organization","name":"Bulle Or","url":"https:\/\/bulle-d-or.fr\/","logo":{"@type":"ImageObject","inLanguage":"fr-FR","@id":"https:\/\/bulle-d-or.fr\/#\/schema\/logo\/image\/","url":"https:\/\/bulle-d-or.fr\/wp-content\/uploads\/2024\/02\/bulle-d-or.png","contentUrl":"https:\/\/bulle-d-or.fr\/wp-content\/uploads\/2024\/02\/bulle-d-or.png","width":927,"height":343,"caption":"Bulle Or"},"image":{"@id":"https:\/\/bulle-d-or.fr\/#\/schema\/logo\/image\/"}}]}},"_links":{"self":[{"href":"https:\/\/bulle-d-or.fr\/index.php\/wp-json\/wp\/v2\/pages\/860"}],"collection":[{"href":"https:\/\/bulle-d-or.fr\/index.php\/wp-json\/wp\/v2\/pages"}],"about":[{"href":"https:\/\/bulle-d-or.fr\/index.php\/wp-json\/wp\/v2\/types\/page"}],"author":[{"embeddable":true,"href":"https:\/\/bulle-d-or.fr\/index.php\/wp-json\/wp\/v2\/users\/1"}],"replies":[{"embeddable":true,"href":"https:\/\/bulle-d-or.fr\/index.php\/wp-json\/wp\/v2\/comments?post=860"}],"version-history":[{"count":4,"href":"https:\/\/bulle-d-or.fr\/index.php\/wp-json\/wp\/v2\/pages\/860\/revisions"}],"predecessor-version":[{"id":1142,"href":"https:\/\/bulle-d-or.fr\/index.php\/wp-json\/wp\/v2\/pages\/860\/revisions\/1142"}],"wp:attachment":[{"href":"https:\/\/bulle-d-or.fr\/index.php\/wp-json\/wp\/v2\/media?parent=860"}],"curies":[{"name":"wp","href":"https:\/\/api.w.org\/{rel}","templated":true}]}}