{"id":897,"date":"2024-06-07T20:48:05","date_gmt":"2024-06-07T18:48:05","guid":{"rendered":"https:\/\/bulle-d-or.fr\/?page_id=897"},"modified":"2024-06-07T22:25:35","modified_gmt":"2024-06-07T20:25:35","slug":"anniversaire-enfants","status":"publish","type":"page","link":"https:\/\/bulle-d-or.fr\/index.php\/anniversaire-enfants\/","title":{"rendered":"Anniversaires enfants"},"content":{"rendered":"\n<h2 class=\"wp-block-heading\">Quels sont les avantages de choisir une bulle transparente pour l&rsquo;anniversaire de votre enfant ?<\/h2>\n\n\n\n<p>Choisir une bulle transparente pour l&rsquo;anniversaire de votre enfant pr\u00e9sente de nombreux avantages :<\/p>\n\n\n\n<ul class=\"wp-block-list\">\n<li>Anniversaire unique qui \u00e9merveillera tout le monde<\/li>\n\n\n\n<li>Le choix du th\u00e8me parmi 5 diff\u00e9rents ou sur mesure (Marvel, Princesse, Jungle, Harry Potter etc)<\/li>\n\n\n\n<li>Pas de bazar chez vous<\/li>\n\n\n\n<li>Jusqu&rsquo;\u00e0 10 enfants pour les anniversaires les plus festifs<\/li>\n\n\n\n<li>Vous n&rsquo;avez \u00e0 vous occuper de rien je suis l\u00e0 pour tout pr\u00e9parer<\/li>\n<\/ul>\n\n\n\n<figure class=\"wp-block-image aligncenter size-large\"><img loading=\"lazy\" decoding=\"async\" width=\"1024\" height=\"843\" src=\"https:\/\/bulle-d-or.fr\/wp-content\/uploads\/2024\/06\/WhatsApp-Image-2024-06-07-at-21-1-1024x843.jpg\" alt=\"\" class=\"wp-image-935\" srcset=\"https:\/\/bulle-d-or.fr\/wp-content\/uploads\/2024\/06\/WhatsApp-Image-2024-06-07-at-21-1-1024x843.jpg 1024w, https:\/\/bulle-d-or.fr\/wp-content\/uploads\/2024\/06\/WhatsApp-Image-2024-06-07-at-21-1-300x247.jpg 300w, https:\/\/bulle-d-or.fr\/wp-content\/uploads\/2024\/06\/WhatsApp-Image-2024-06-07-at-21-1-768x632.jpg 768w, https:\/\/bulle-d-or.fr\/wp-content\/uploads\/2024\/06\/WhatsApp-Image-2024-06-07-at-21-1.jpg 1080w\" sizes=\"auto, (max-width: 1024px) 100vw, 1024px\" \/><\/figure>\n\n\n\n<p><\/p>\n\n\n\n<h2 class=\"wp-block-heading\"><\/h2>\n\n\n\n<p><\/p>\n\n\n\n<h2 class=\"wp-block-heading\">Les enfants peuvent-ils d\u00e9guster leur g\u00e2teau d&rsquo;anniversaire dans la bulle ?<\/h2>\n\n\n\n<p>Absolument ! Les enfants pourront savourer le g\u00e2teau d&rsquo;anniversaire dans la bulle, entour\u00e9s de leurs amis. La Bulle peut accueillir jusqu&rsquo;\u00e0 10 enfants, offrant un environnement festif et convivial pour d\u00e9guster le g\u00e2teau et c\u00e9l\u00e9brer ensemble ce moment. <\/p>\n\n\n\n<p><\/p>\n\n\n\n<figure class=\"wp-block-image aligncenter size-large\"><img loading=\"lazy\" decoding=\"async\" width=\"576\" height=\"1024\" src=\"https:\/\/bulle-d-or.fr\/wp-content\/uploads\/2024\/06\/WhatsApp-Image-2024-06-07-at-22.16.44-576x1024.jpeg\" alt=\"\" class=\"wp-image-956\" srcset=\"https:\/\/bulle-d-or.fr\/wp-content\/uploads\/2024\/06\/WhatsApp-Image-2024-06-07-at-22.16.44-576x1024.jpeg 576w, https:\/\/bulle-d-or.fr\/wp-content\/uploads\/2024\/06\/WhatsApp-Image-2024-06-07-at-22.16.44-169x300.jpeg 169w, https:\/\/bulle-d-or.fr\/wp-content\/uploads\/2024\/06\/WhatsApp-Image-2024-06-07-at-22.16.44-768x1365.jpeg 768w, https:\/\/bulle-d-or.fr\/wp-content\/uploads\/2024\/06\/WhatsApp-Image-2024-06-07-at-22.16.44-864x1536.jpeg 864w, https:\/\/bulle-d-or.fr\/wp-content\/uploads\/2024\/06\/WhatsApp-Image-2024-06-07-at-22.16.44.jpeg 1134w\" sizes=\"auto, (max-width: 576px) 100vw, 576px\" \/><\/figure>\n\n\n\n<p><\/p>\n\n\n\n<h2 class=\"wp-block-heading\">Est-il possible d&rsquo;ajouter des options sp\u00e9ciales pour un anniversaire d&rsquo;enfant ?<\/h2>\n\n\n\n<p>Oui, je propose diverses options pour enrichir l&rsquo;exp\u00e9rience de votre enfant, telles que des arches de ballons, des activit\u00e9s sp\u00e9cifiques au th\u00e8me choisi, et des d\u00e9cors suppl\u00e9mentaires. Je m&rsquo;assure que chaque anniversaire soit unique et inoubliable.<\/p>\n\n\n\n<p><\/p>\n\n\n\n<h2 class=\"wp-block-heading\">Pourquoi choisir Bulle d&rsquo;Or pour un anniversaire d&rsquo;enfant \u00e0 Grenoble ?<\/h2>\n\n\n\n<p>Bulle d&rsquo;Or offre une exp\u00e9rience festive et s\u00e9curis\u00e9e pour les anniversaires d&rsquo;enfants. Situ\u00e9e dans des lieux pittoresques autour de Grenoble, la Bulle permet aux enfants de totalement s&rsquo;immerger dans leur univers pr\u00e9f\u00e9r\u00e9 et de s&rsquo;amuser. Cr\u00e9ez des souvenirs inoubliables pour votre enfant avec notre service personnalis\u00e9.<\/p>\n","protected":false},"excerpt":{"rendered":"<p>Quels sont les avantages de choisir une bulle transparente pour l&rsquo;anniversaire de votre enfant ? [&hellip;]<\/p>\n","protected":false},"author":1,"featured_media":0,"parent":0,"menu_order":0,"comment_status":"closed","ping_status":"closed","template":"","meta":{"footnotes":""},"class_list":["post-897","page","type-page","status-publish","hentry"],"yoast_head":"<!-- This site is optimized with the Yoast SEO plugin v27.5 - https:\/\/yoast.com\/product\/yoast-seo-wordpress\/ -->\n<title>Anniversaires enfants - Bulle Or<\/title>\n<meta name=\"robots\" content=\"index, follow, max-snippet:-1, max-image-preview:large, max-video-preview:-1\" \/>\n<link rel=\"canonical\" href=\"https:\/\/bulle-d-or.fr\/index.php\/anniversaire-enfants\/\" \/>\n<meta property=\"og:locale\" content=\"fr_FR\" \/>\n<meta property=\"og:type\" content=\"article\" \/>\n<meta property=\"og:title\" content=\"Anniversaires enfants - Bulle Or\" \/>\n<meta property=\"og:description\" content=\"Quels sont les avantages de choisir une bulle transparente pour l&rsquo;anniversaire de votre enfant ? [&hellip;]\" \/>\n<meta property=\"og:url\" content=\"https:\/\/bulle-d-or.fr\/index.php\/anniversaire-enfants\/\" \/>\n<meta property=\"og:site_name\" content=\"Bulle Or\" \/>\n<meta property=\"article:modified_time\" content=\"2024-06-07T20:25:35+00:00\" \/>\n<meta property=\"og:image\" content=\"https:\/\/bulle-d-or.fr\/wp-content\/uploads\/2024\/06\/WhatsApp-Image-2024-06-07-at-21-1.jpg\" \/>\n\t<meta property=\"og:image:width\" content=\"1080\" \/>\n\t<meta property=\"og:image:height\" content=\"889\" \/>\n\t<meta property=\"og:image:type\" content=\"image\/jpeg\" \/>\n<meta name=\"twitter:card\" content=\"summary_large_image\" \/>\n<meta name=\"twitter:label1\" content=\"Dur\u00e9e de lecture estim\u00e9e\" \/>\n\t<meta name=\"twitter:data1\" content=\"1 minute\" \/>\n<script type=\"application\/ld+json\" class=\"yoast-schema-graph\">{\"@context\":\"https:\\\/\\\/schema.org\",\"@graph\":[{\"@type\":\"WebPage\",\"@id\":\"https:\\\/\\\/bulle-d-or.fr\\\/index.php\\\/anniversaire-enfants\\\/\",\"url\":\"https:\\\/\\\/bulle-d-or.fr\\\/index.php\\\/anniversaire-enfants\\\/\",\"name\":\"Anniversaires enfants - Bulle Or\",\"isPartOf\":{\"@id\":\"https:\\\/\\\/bulle-d-or.fr\\\/#website\"},\"primaryImageOfPage\":{\"@id\":\"https:\\\/\\\/bulle-d-or.fr\\\/index.php\\\/anniversaire-enfants\\\/#primaryimage\"},\"image\":{\"@id\":\"https:\\\/\\\/bulle-d-or.fr\\\/index.php\\\/anniversaire-enfants\\\/#primaryimage\"},\"thumbnailUrl\":\"https:\\\/\\\/bulle-d-or.fr\\\/wp-content\\\/uploads\\\/2024\\\/06\\\/WhatsApp-Image-2024-06-07-at-21-1-1024x843.jpg\",\"datePublished\":\"2024-06-07T18:48:05+00:00\",\"dateModified\":\"2024-06-07T20:25:35+00:00\",\"breadcrumb\":{\"@id\":\"https:\\\/\\\/bulle-d-or.fr\\\/index.php\\\/anniversaire-enfants\\\/#breadcrumb\"},\"inLanguage\":\"fr-FR\",\"potentialAction\":[{\"@type\":\"ReadAction\",\"target\":[\"https:\\\/\\\/bulle-d-or.fr\\\/index.php\\\/anniversaire-enfants\\\/\"]}]},{\"@type\":\"ImageObject\",\"inLanguage\":\"fr-FR\",\"@id\":\"https:\\\/\\\/bulle-d-or.fr\\\/index.php\\\/anniversaire-enfants\\\/#primaryimage\",\"url\":\"https:\\\/\\\/bulle-d-or.fr\\\/wp-content\\\/uploads\\\/2024\\\/06\\\/WhatsApp-Image-2024-06-07-at-21-1.jpg\",\"contentUrl\":\"https:\\\/\\\/bulle-d-or.fr\\\/wp-content\\\/uploads\\\/2024\\\/06\\\/WhatsApp-Image-2024-06-07-at-21-1.jpg\",\"width\":1080,\"height\":889},{\"@type\":\"BreadcrumbList\",\"@id\":\"https:\\\/\\\/bulle-d-or.fr\\\/index.php\\\/anniversaire-enfants\\\/#breadcrumb\",\"itemListElement\":[{\"@type\":\"ListItem\",\"position\":1,\"name\":\"Home\",\"item\":\"https:\\\/\\\/bulle-d-or.fr\\\/\"},{\"@type\":\"ListItem\",\"position\":2,\"name\":\"Anniversaires enfants\"}]},{\"@type\":\"WebSite\",\"@id\":\"https:\\\/\\\/bulle-d-or.fr\\\/#website\",\"url\":\"https:\\\/\\\/bulle-d-or.fr\\\/\",\"name\":\"Bulle Or\",\"description\":\"Activit\u00e9 insolite de Pique-Nique Chic sous Bulle Transparente dans le Gr\u00e9sivaudan pr\u00e9s de Grenoble\",\"publisher\":{\"@id\":\"https:\\\/\\\/bulle-d-or.fr\\\/#organization\"},\"alternateName\":\"Exp\u00e9rience de Pique-Nique Chic sous Bulle Transparente dans le Gr\u00e9sivaudan\",\"potentialAction\":[{\"@type\":\"SearchAction\",\"target\":{\"@type\":\"EntryPoint\",\"urlTemplate\":\"https:\\\/\\\/bulle-d-or.fr\\\/?s={search_term_string}\"},\"query-input\":{\"@type\":\"PropertyValueSpecification\",\"valueRequired\":true,\"valueName\":\"search_term_string\"}}],\"inLanguage\":\"fr-FR\"},{\"@type\":\"Organization\",\"@id\":\"https:\\\/\\\/bulle-d-or.fr\\\/#organization\",\"name\":\"Bulle Or\",\"url\":\"https:\\\/\\\/bulle-d-or.fr\\\/\",\"logo\":{\"@type\":\"ImageObject\",\"inLanguage\":\"fr-FR\",\"@id\":\"https:\\\/\\\/bulle-d-or.fr\\\/#\\\/schema\\\/logo\\\/image\\\/\",\"url\":\"https:\\\/\\\/bulle-d-or.fr\\\/wp-content\\\/uploads\\\/2024\\\/02\\\/bulle-d-or.png\",\"contentUrl\":\"https:\\\/\\\/bulle-d-or.fr\\\/wp-content\\\/uploads\\\/2024\\\/02\\\/bulle-d-or.png\",\"width\":927,\"height\":343,\"caption\":\"Bulle Or\"},\"image\":{\"@id\":\"https:\\\/\\\/bulle-d-or.fr\\\/#\\\/schema\\\/logo\\\/image\\\/\"}}]}<\/script>\n<!-- \/ Yoast SEO plugin. -->","yoast_head_json":{"title":"Anniversaires enfants - Bulle Or","robots":{"index":"index","follow":"follow","max-snippet":"max-snippet:-1","max-image-preview":"max-image-preview:large","max-video-preview":"max-video-preview:-1"},"canonical":"https:\/\/bulle-d-or.fr\/index.php\/anniversaire-enfants\/","og_locale":"fr_FR","og_type":"article","og_title":"Anniversaires enfants - Bulle Or","og_description":"Quels sont les avantages de choisir une bulle transparente pour l&rsquo;anniversaire de votre enfant ? [&hellip;]","og_url":"https:\/\/bulle-d-or.fr\/index.php\/anniversaire-enfants\/","og_site_name":"Bulle Or","article_modified_time":"2024-06-07T20:25:35+00:00","og_image":[{"width":1080,"height":889,"url":"https:\/\/bulle-d-or.fr\/wp-content\/uploads\/2024\/06\/WhatsApp-Image-2024-06-07-at-21-1.jpg","type":"image\/jpeg"}],"twitter_card":"summary_large_image","twitter_misc":{"Dur\u00e9e de lecture estim\u00e9e":"1 minute"},"schema":{"@context":"https:\/\/schema.org","@graph":[{"@type":"WebPage","@id":"https:\/\/bulle-d-or.fr\/index.php\/anniversaire-enfants\/","url":"https:\/\/bulle-d-or.fr\/index.php\/anniversaire-enfants\/","name":"Anniversaires enfants - Bulle Or","isPartOf":{"@id":"https:\/\/bulle-d-or.fr\/#website"},"primaryImageOfPage":{"@id":"https:\/\/bulle-d-or.fr\/index.php\/anniversaire-enfants\/#primaryimage"},"image":{"@id":"https:\/\/bulle-d-or.fr\/index.php\/anniversaire-enfants\/#primaryimage"},"thumbnailUrl":"https:\/\/bulle-d-or.fr\/wp-content\/uploads\/2024\/06\/WhatsApp-Image-2024-06-07-at-21-1-1024x843.jpg","datePublished":"2024-06-07T18:48:05+00:00","dateModified":"2024-06-07T20:25:35+00:00","breadcrumb":{"@id":"https:\/\/bulle-d-or.fr\/index.php\/anniversaire-enfants\/#breadcrumb"},"inLanguage":"fr-FR","potentialAction":[{"@type":"ReadAction","target":["https:\/\/bulle-d-or.fr\/index.php\/anniversaire-enfants\/"]}]},{"@type":"ImageObject","inLanguage":"fr-FR","@id":"https:\/\/bulle-d-or.fr\/index.php\/anniversaire-enfants\/#primaryimage","url":"https:\/\/bulle-d-or.fr\/wp-content\/uploads\/2024\/06\/WhatsApp-Image-2024-06-07-at-21-1.jpg","contentUrl":"https:\/\/bulle-d-or.fr\/wp-content\/uploads\/2024\/06\/WhatsApp-Image-2024-06-07-at-21-1.jpg","width":1080,"height":889},{"@type":"BreadcrumbList","@id":"https:\/\/bulle-d-or.fr\/index.php\/anniversaire-enfants\/#breadcrumb","itemListElement":[{"@type":"ListItem","position":1,"name":"Home","item":"https:\/\/bulle-d-or.fr\/"},{"@type":"ListItem","position":2,"name":"Anniversaires enfants"}]},{"@type":"WebSite","@id":"https:\/\/bulle-d-or.fr\/#website","url":"https:\/\/bulle-d-or.fr\/","name":"Bulle Or","description":"Activit\u00e9 insolite de Pique-Nique Chic sous Bulle Transparente dans le Gr\u00e9sivaudan pr\u00e9s de Grenoble","publisher":{"@id":"https:\/\/bulle-d-or.fr\/#organization"},"alternateName":"Exp\u00e9rience de Pique-Nique Chic sous Bulle Transparente dans le Gr\u00e9sivaudan","potentialAction":[{"@type":"SearchAction","target":{"@type":"EntryPoint","urlTemplate":"https:\/\/bulle-d-or.fr\/?s={search_term_string}"},"query-input":{"@type":"PropertyValueSpecification","valueRequired":true,"valueName":"search_term_string"}}],"inLanguage":"fr-FR"},{"@type":"Organization","@id":"https:\/\/bulle-d-or.fr\/#organization","name":"Bulle Or","url":"https:\/\/bulle-d-or.fr\/","logo":{"@type":"ImageObject","inLanguage":"fr-FR","@id":"https:\/\/bulle-d-or.fr\/#\/schema\/logo\/image\/","url":"https:\/\/bulle-d-or.fr\/wp-content\/uploads\/2024\/02\/bulle-d-or.png","contentUrl":"https:\/\/bulle-d-or.fr\/wp-content\/uploads\/2024\/02\/bulle-d-or.png","width":927,"height":343,"caption":"Bulle Or"},"image":{"@id":"https:\/\/bulle-d-or.fr\/#\/schema\/logo\/image\/"}}]}},"_links":{"self":[{"href":"https:\/\/bulle-d-or.fr\/index.php\/wp-json\/wp\/v2\/pages\/897","targetHints":{"allow":["GET"]}}],"collection":[{"href":"https:\/\/bulle-d-or.fr\/index.php\/wp-json\/wp\/v2\/pages"}],"about":[{"href":"https:\/\/bulle-d-or.fr\/index.php\/wp-json\/wp\/v2\/types\/page"}],"author":[{"embeddable":true,"href":"https:\/\/bulle-d-or.fr\/index.php\/wp-json\/wp\/v2\/users\/1"}],"replies":[{"embeddable":true,"href":"https:\/\/bulle-d-or.fr\/index.php\/wp-json\/wp\/v2\/comments?post=897"}],"version-history":[{"count":7,"href":"https:\/\/bulle-d-or.fr\/index.php\/wp-json\/wp\/v2\/pages\/897\/revisions"}],"predecessor-version":[{"id":960,"href":"https:\/\/bulle-d-or.fr\/index.php\/wp-json\/wp\/v2\/pages\/897\/revisions\/960"}],"wp:attachment":[{"href":"https:\/\/bulle-d-or.fr\/index.php\/wp-json\/wp\/v2\/media?parent=897"}],"curies":[{"name":"wp","href":"https:\/\/api.w.org\/{rel}","templated":true}]}}