{"id":900,"date":"2024-06-07T20:48:51","date_gmt":"2024-06-07T18:48:51","guid":{"rendered":"https:\/\/bulle-d-or.fr\/?page_id=900"},"modified":"2025-01-28T14:09:33","modified_gmt":"2025-01-28T13:09:33","slug":"evjf","status":"publish","type":"page","link":"https:\/\/bulle-d-or.fr\/index.php\/evjf\/","title":{"rendered":"EVJF"},"content":{"rendered":"\n<h2 class=\"wp-block-heading\">Pourquoi choisir une bulle transparente pour un EVJF \u00e0 Grenoble ?<\/h2>\n\n\n\n<p>Une bulle transparente offre un cadre chic et unique pour c\u00e9l\u00e9brer un enterrement de vie de jeune fille. En pleine nature et prot\u00e9g\u00e9e des \u00e9l\u00e9ments, vous et vos amies pouvez profiter d&rsquo;une ambiance intime et m\u00e9morable pour marquer cette occasion sp\u00e9ciale.<\/p>\n\n\n\n<p><\/p>\n\n\n\n<figure class=\"wp-block-video\"><video controls src=\"https:\/\/bulle-d-or.fr\/wp-content\/uploads\/2024\/06\/WhatsApp-Video-2024-06-29-at-21.26.25.mp4\"><\/video><\/figure>\n\n\n\n<p><\/p>\n\n\n\n<h2 class=\"wp-block-heading\">Y a-t-il des options sp\u00e9ciales pour un EVJF ?<\/h2>\n\n\n\n<p>Oui, je propose diverses options pour enrichir l&rsquo;exp\u00e9rience de votre EVJF, tels que des d\u00e9cors floraux, des bougies, un magicien, des prestations de beaut\u00e9 et bien-\u00eatre comme des massages ou des ateliers de maquillage&#8230; Je m&rsquo;assure que chaque EVJF soit unique et inoubliable.<\/p>\n\n\n\n<p><\/p>\n\n\n\n<figure class=\"wp-block-image aligncenter size-large\"><img loading=\"lazy\" decoding=\"async\" width=\"974\" height=\"1024\" src=\"https:\/\/bulle-d-or.fr\/wp-content\/uploads\/2024\/06\/WhatsApp-Image-2024-06-29-at-23.07.07-974x1024.jpeg\" alt=\"\" class=\"wp-image-1030\" srcset=\"https:\/\/bulle-d-or.fr\/wp-content\/uploads\/2024\/06\/WhatsApp-Image-2024-06-29-at-23.07.07-974x1024.jpeg 974w, https:\/\/bulle-d-or.fr\/wp-content\/uploads\/2024\/06\/WhatsApp-Image-2024-06-29-at-23.07.07-285x300.jpeg 285w, https:\/\/bulle-d-or.fr\/wp-content\/uploads\/2024\/06\/WhatsApp-Image-2024-06-29-at-23.07.07-768x808.jpeg 768w, https:\/\/bulle-d-or.fr\/wp-content\/uploads\/2024\/06\/WhatsApp-Image-2024-06-29-at-23.07.07.jpeg 1141w\" sizes=\"(max-width: 974px) 100vw, 974px\" \/><\/figure>\n\n\n\n<h2 class=\"wp-block-heading\">Peut-on r\u00e9server la bulle pour une journ\u00e9e ou une soir\u00e9e enti\u00e8re ?<\/h2>\n\n\n\n<p>Oui, vous pouvez r\u00e9server la bulle pour une journ\u00e9e ou une soir\u00e9e enti\u00e8re pour profiter pleinement de votre EVJF. Cela vous permet de vous d\u00e9tendre et de c\u00e9l\u00e9brer sans vous presser, dans un cadre magique sous les \u00e9toiles ou en pleine nature. Cependant la prestation sera disponible uniquement chez l&rsquo;habitant OU si vous logez dans une maison lou\u00e9e comme les rbnb.<\/p>\n\n\n\n<p><\/p>\n\n\n\n<h2 class=\"wp-block-heading\">Pourquoi choisir Bulle d&rsquo;Or pour un EVJF \u00e0 Grenoble ?<\/h2>\n\n\n\n<p>Bulle d&rsquo;Or offre une exp\u00e9rience \u00e9l\u00e9gante et inoubliable pour les enterrements de vie de jeune fille. Situ\u00e9e dans des lieux pittoresques autour de Grenoble, les bulles transparentes permettent de c\u00e9l\u00e9brer dans un cadre enchanteur et raffin\u00e9.<\/p>\n","protected":false},"excerpt":{"rendered":"<p>Pourquoi choisir une bulle transparente pour un EVJF \u00e0 Grenoble ? Une bulle transparente offre [&hellip;]<\/p>\n","protected":false},"author":1,"featured_media":0,"parent":0,"menu_order":0,"comment_status":"closed","ping_status":"closed","template":"","meta":{"footnotes":""},"class_list":["post-900","page","type-page","status-publish","hentry"],"yoast_head":"<!-- This site is optimized with the Yoast SEO plugin v24.3 - https:\/\/yoast.com\/wordpress\/plugins\/seo\/ -->\n<title>EVJF - Bulle Or EVJF Grenoble - Activit\u00e9 insolite<\/title>\n<meta name=\"description\" content=\"Organisez un enterrement de vie de jeune fille inoubliable \u00e0 Grenoble avec Bulle d&#039;Or. Profitez d&#039;une c\u00e9l\u00e9bration unique sous une bulle transparente en pleine nature, agr\u00e9ment\u00e9e d&#039;options personnalis\u00e9es pour une exp\u00e9rience m\u00e9morable\" \/>\n<meta name=\"robots\" content=\"index, follow, max-snippet:-1, max-image-preview:large, max-video-preview:-1\" \/>\n<link rel=\"canonical\" href=\"https:\/\/bulle-d-or.fr\/index.php\/evjf\/\" \/>\n<meta property=\"og:locale\" content=\"fr_FR\" \/>\n<meta property=\"og:type\" content=\"article\" \/>\n<meta property=\"og:title\" content=\"EVJF - Bulle Or EVJF Grenoble - Activit\u00e9 insolite\" \/>\n<meta property=\"og:description\" content=\"Organisez un enterrement de vie de jeune fille inoubliable \u00e0 Grenoble avec Bulle d&#039;Or. Profitez d&#039;une c\u00e9l\u00e9bration unique sous une bulle transparente en pleine nature, agr\u00e9ment\u00e9e d&#039;options personnalis\u00e9es pour une exp\u00e9rience m\u00e9morable\" \/>\n<meta property=\"og:url\" content=\"https:\/\/bulle-d-or.fr\/index.php\/evjf\/\" \/>\n<meta property=\"og:site_name\" content=\"Bulle Or\" \/>\n<meta property=\"article:modified_time\" content=\"2025-01-28T13:09:33+00:00\" \/>\n<meta property=\"og:image\" content=\"https:\/\/bulle-d-or.fr\/wp-content\/uploads\/2024\/06\/WhatsApp-Image-2024-06-29-at-23.07.07.jpeg\" \/>\n\t<meta property=\"og:image:width\" content=\"1141\" \/>\n\t<meta property=\"og:image:height\" content=\"1200\" \/>\n\t<meta property=\"og:image:type\" content=\"image\/jpeg\" \/>\n<meta name=\"twitter:card\" content=\"summary_large_image\" \/>\n<meta name=\"twitter:label1\" content=\"Dur\u00e9e de lecture estim\u00e9e\" \/>\n\t<meta name=\"twitter:data1\" content=\"2 minutes\" \/>\n<script type=\"application\/ld+json\" class=\"yoast-schema-graph\">{\"@context\":\"https:\/\/schema.org\",\"@graph\":[{\"@type\":\"WebPage\",\"@id\":\"https:\/\/bulle-d-or.fr\/index.php\/evjf\/\",\"url\":\"https:\/\/bulle-d-or.fr\/index.php\/evjf\/\",\"name\":\"EVJF - Bulle Or EVJF Grenoble - Activit\u00e9 insolite\",\"isPartOf\":{\"@id\":\"https:\/\/bulle-d-or.fr\/#website\"},\"primaryImageOfPage\":{\"@id\":\"https:\/\/bulle-d-or.fr\/index.php\/evjf\/#primaryimage\"},\"image\":{\"@id\":\"https:\/\/bulle-d-or.fr\/index.php\/evjf\/#primaryimage\"},\"thumbnailUrl\":\"https:\/\/bulle-d-or.fr\/wp-content\/uploads\/2024\/06\/WhatsApp-Image-2024-06-29-at-23.07.07-974x1024.jpeg\",\"datePublished\":\"2024-06-07T18:48:51+00:00\",\"dateModified\":\"2025-01-28T13:09:33+00:00\",\"description\":\"Organisez un enterrement de vie de jeune fille inoubliable \u00e0 Grenoble avec Bulle d'Or. Profitez d'une c\u00e9l\u00e9bration unique sous une bulle transparente en pleine nature, agr\u00e9ment\u00e9e d'options personnalis\u00e9es pour une exp\u00e9rience m\u00e9morable\",\"breadcrumb\":{\"@id\":\"https:\/\/bulle-d-or.fr\/index.php\/evjf\/#breadcrumb\"},\"inLanguage\":\"fr-FR\",\"potentialAction\":[{\"@type\":\"ReadAction\",\"target\":[\"https:\/\/bulle-d-or.fr\/index.php\/evjf\/\"]}]},{\"@type\":\"ImageObject\",\"inLanguage\":\"fr-FR\",\"@id\":\"https:\/\/bulle-d-or.fr\/index.php\/evjf\/#primaryimage\",\"url\":\"https:\/\/bulle-d-or.fr\/wp-content\/uploads\/2024\/06\/WhatsApp-Image-2024-06-29-at-23.07.07.jpeg\",\"contentUrl\":\"https:\/\/bulle-d-or.fr\/wp-content\/uploads\/2024\/06\/WhatsApp-Image-2024-06-29-at-23.07.07.jpeg\",\"width\":1141,\"height\":1200},{\"@type\":\"BreadcrumbList\",\"@id\":\"https:\/\/bulle-d-or.fr\/index.php\/evjf\/#breadcrumb\",\"itemListElement\":[{\"@type\":\"ListItem\",\"position\":1,\"name\":\"Home\",\"item\":\"https:\/\/bulle-d-or.fr\/\"},{\"@type\":\"ListItem\",\"position\":2,\"name\":\"EVJF\"}]},{\"@type\":\"WebSite\",\"@id\":\"https:\/\/bulle-d-or.fr\/#website\",\"url\":\"https:\/\/bulle-d-or.fr\/\",\"name\":\"Bulle Or\",\"description\":\"Activit\u00e9 insolite de Pique-Nique Chic sous Bulle Transparente dans le Gr\u00e9sivaudan pr\u00e9s de Grenoble\",\"publisher\":{\"@id\":\"https:\/\/bulle-d-or.fr\/#organization\"},\"alternateName\":\"Exp\u00e9rience de Pique-Nique Chic sous Bulle Transparente dans le Gr\u00e9sivaudan\",\"potentialAction\":[{\"@type\":\"SearchAction\",\"target\":{\"@type\":\"EntryPoint\",\"urlTemplate\":\"https:\/\/bulle-d-or.fr\/?s={search_term_string}\"},\"query-input\":{\"@type\":\"PropertyValueSpecification\",\"valueRequired\":true,\"valueName\":\"search_term_string\"}}],\"inLanguage\":\"fr-FR\"},{\"@type\":\"Organization\",\"@id\":\"https:\/\/bulle-d-or.fr\/#organization\",\"name\":\"Bulle Or\",\"url\":\"https:\/\/bulle-d-or.fr\/\",\"logo\":{\"@type\":\"ImageObject\",\"inLanguage\":\"fr-FR\",\"@id\":\"https:\/\/bulle-d-or.fr\/#\/schema\/logo\/image\/\",\"url\":\"https:\/\/bulle-d-or.fr\/wp-content\/uploads\/2024\/02\/bulle-d-or.png\",\"contentUrl\":\"https:\/\/bulle-d-or.fr\/wp-content\/uploads\/2024\/02\/bulle-d-or.png\",\"width\":927,\"height\":343,\"caption\":\"Bulle Or\"},\"image\":{\"@id\":\"https:\/\/bulle-d-or.fr\/#\/schema\/logo\/image\/\"}}]}<\/script>\n<!-- \/ Yoast SEO plugin. -->","yoast_head_json":{"title":"EVJF - Bulle Or EVJF Grenoble - Activit\u00e9 insolite","description":"Organisez un enterrement de vie de jeune fille inoubliable \u00e0 Grenoble avec Bulle d'Or. Profitez d'une c\u00e9l\u00e9bration unique sous une bulle transparente en pleine nature, agr\u00e9ment\u00e9e d'options personnalis\u00e9es pour une exp\u00e9rience m\u00e9morable","robots":{"index":"index","follow":"follow","max-snippet":"max-snippet:-1","max-image-preview":"max-image-preview:large","max-video-preview":"max-video-preview:-1"},"canonical":"https:\/\/bulle-d-or.fr\/index.php\/evjf\/","og_locale":"fr_FR","og_type":"article","og_title":"EVJF - Bulle Or EVJF Grenoble - Activit\u00e9 insolite","og_description":"Organisez un enterrement de vie de jeune fille inoubliable \u00e0 Grenoble avec Bulle d'Or. Profitez d'une c\u00e9l\u00e9bration unique sous une bulle transparente en pleine nature, agr\u00e9ment\u00e9e d'options personnalis\u00e9es pour une exp\u00e9rience m\u00e9morable","og_url":"https:\/\/bulle-d-or.fr\/index.php\/evjf\/","og_site_name":"Bulle Or","article_modified_time":"2025-01-28T13:09:33+00:00","og_image":[{"width":1141,"height":1200,"url":"https:\/\/bulle-d-or.fr\/wp-content\/uploads\/2024\/06\/WhatsApp-Image-2024-06-29-at-23.07.07.jpeg","type":"image\/jpeg"}],"twitter_card":"summary_large_image","twitter_misc":{"Dur\u00e9e de lecture estim\u00e9e":"2 minutes"},"schema":{"@context":"https:\/\/schema.org","@graph":[{"@type":"WebPage","@id":"https:\/\/bulle-d-or.fr\/index.php\/evjf\/","url":"https:\/\/bulle-d-or.fr\/index.php\/evjf\/","name":"EVJF - Bulle Or EVJF Grenoble - Activit\u00e9 insolite","isPartOf":{"@id":"https:\/\/bulle-d-or.fr\/#website"},"primaryImageOfPage":{"@id":"https:\/\/bulle-d-or.fr\/index.php\/evjf\/#primaryimage"},"image":{"@id":"https:\/\/bulle-d-or.fr\/index.php\/evjf\/#primaryimage"},"thumbnailUrl":"https:\/\/bulle-d-or.fr\/wp-content\/uploads\/2024\/06\/WhatsApp-Image-2024-06-29-at-23.07.07-974x1024.jpeg","datePublished":"2024-06-07T18:48:51+00:00","dateModified":"2025-01-28T13:09:33+00:00","description":"Organisez un enterrement de vie de jeune fille inoubliable \u00e0 Grenoble avec Bulle d'Or. Profitez d'une c\u00e9l\u00e9bration unique sous une bulle transparente en pleine nature, agr\u00e9ment\u00e9e d'options personnalis\u00e9es pour une exp\u00e9rience m\u00e9morable","breadcrumb":{"@id":"https:\/\/bulle-d-or.fr\/index.php\/evjf\/#breadcrumb"},"inLanguage":"fr-FR","potentialAction":[{"@type":"ReadAction","target":["https:\/\/bulle-d-or.fr\/index.php\/evjf\/"]}]},{"@type":"ImageObject","inLanguage":"fr-FR","@id":"https:\/\/bulle-d-or.fr\/index.php\/evjf\/#primaryimage","url":"https:\/\/bulle-d-or.fr\/wp-content\/uploads\/2024\/06\/WhatsApp-Image-2024-06-29-at-23.07.07.jpeg","contentUrl":"https:\/\/bulle-d-or.fr\/wp-content\/uploads\/2024\/06\/WhatsApp-Image-2024-06-29-at-23.07.07.jpeg","width":1141,"height":1200},{"@type":"BreadcrumbList","@id":"https:\/\/bulle-d-or.fr\/index.php\/evjf\/#breadcrumb","itemListElement":[{"@type":"ListItem","position":1,"name":"Home","item":"https:\/\/bulle-d-or.fr\/"},{"@type":"ListItem","position":2,"name":"EVJF"}]},{"@type":"WebSite","@id":"https:\/\/bulle-d-or.fr\/#website","url":"https:\/\/bulle-d-or.fr\/","name":"Bulle Or","description":"Activit\u00e9 insolite de Pique-Nique Chic sous Bulle Transparente dans le Gr\u00e9sivaudan pr\u00e9s de Grenoble","publisher":{"@id":"https:\/\/bulle-d-or.fr\/#organization"},"alternateName":"Exp\u00e9rience de Pique-Nique Chic sous Bulle Transparente dans le Gr\u00e9sivaudan","potentialAction":[{"@type":"SearchAction","target":{"@type":"EntryPoint","urlTemplate":"https:\/\/bulle-d-or.fr\/?s={search_term_string}"},"query-input":{"@type":"PropertyValueSpecification","valueRequired":true,"valueName":"search_term_string"}}],"inLanguage":"fr-FR"},{"@type":"Organization","@id":"https:\/\/bulle-d-or.fr\/#organization","name":"Bulle Or","url":"https:\/\/bulle-d-or.fr\/","logo":{"@type":"ImageObject","inLanguage":"fr-FR","@id":"https:\/\/bulle-d-or.fr\/#\/schema\/logo\/image\/","url":"https:\/\/bulle-d-or.fr\/wp-content\/uploads\/2024\/02\/bulle-d-or.png","contentUrl":"https:\/\/bulle-d-or.fr\/wp-content\/uploads\/2024\/02\/bulle-d-or.png","width":927,"height":343,"caption":"Bulle Or"},"image":{"@id":"https:\/\/bulle-d-or.fr\/#\/schema\/logo\/image\/"}}]}},"_links":{"self":[{"href":"https:\/\/bulle-d-or.fr\/index.php\/wp-json\/wp\/v2\/pages\/900"}],"collection":[{"href":"https:\/\/bulle-d-or.fr\/index.php\/wp-json\/wp\/v2\/pages"}],"about":[{"href":"https:\/\/bulle-d-or.fr\/index.php\/wp-json\/wp\/v2\/types\/page"}],"author":[{"embeddable":true,"href":"https:\/\/bulle-d-or.fr\/index.php\/wp-json\/wp\/v2\/users\/1"}],"replies":[{"embeddable":true,"href":"https:\/\/bulle-d-or.fr\/index.php\/wp-json\/wp\/v2\/comments?post=900"}],"version-history":[{"count":9,"href":"https:\/\/bulle-d-or.fr\/index.php\/wp-json\/wp\/v2\/pages\/900\/revisions"}],"predecessor-version":[{"id":1201,"href":"https:\/\/bulle-d-or.fr\/index.php\/wp-json\/wp\/v2\/pages\/900\/revisions\/1201"}],"wp:attachment":[{"href":"https:\/\/bulle-d-or.fr\/index.php\/wp-json\/wp\/v2\/media?parent=900"}],"curies":[{"name":"wp","href":"https:\/\/api.w.org\/{rel}","templated":true}]}}