{"id":904,"date":"2024-06-07T20:50:03","date_gmt":"2024-06-07T18:50:03","guid":{"rendered":"https:\/\/bulle-d-or.fr\/?page_id=904"},"modified":"2024-08-14T22:13:26","modified_gmt":"2024-08-14T20:13:26","slug":"en-famille","status":"publish","type":"page","link":"https:\/\/bulle-d-or.fr\/index.php\/en-famille\/","title":{"rendered":"En famille"},"content":{"rendered":"\n<h2 class=\"wp-block-heading\">Pourquoi choisir une bulle transparente pour un moment en famille ?<\/h2>\n\n\n\n<p>Une bulle transparente offre un cadre unique et convivial pour passer du temps en famille. Entour\u00e9s par la nature et prot\u00e9g\u00e9s des \u00e9l\u00e9ments, vous pourrez vous retrouver et partager des moments m\u00e9morables ensemble, loin des distractions quotidiennes.<\/p>\n\n\n\n<figure class=\"wp-block-image aligncenter size-large\"><img loading=\"lazy\" decoding=\"async\" width=\"768\" height=\"1024\" src=\"https:\/\/bulle-d-or.fr\/wp-content\/uploads\/2024\/08\/IMG-20240709-WA0008-768x1024.jpg\" alt=\"\" class=\"wp-image-1088\" srcset=\"https:\/\/bulle-d-or.fr\/wp-content\/uploads\/2024\/08\/IMG-20240709-WA0008-768x1024.jpg 768w, https:\/\/bulle-d-or.fr\/wp-content\/uploads\/2024\/08\/IMG-20240709-WA0008-225x300.jpg 225w, https:\/\/bulle-d-or.fr\/wp-content\/uploads\/2024\/08\/IMG-20240709-WA0008-1152x1536.jpg 1152w, https:\/\/bulle-d-or.fr\/wp-content\/uploads\/2024\/08\/IMG-20240709-WA0008.jpg 1200w\" sizes=\"(max-width: 768px) 100vw, 768px\" \/><\/figure>\n\n\n\n<p><\/p>\n\n\n\n<h2 class=\"wp-block-heading\">Quelles activit\u00e9s peut-on faire en famille dans une bulle transparente ?<\/h2>\n\n\n\n<p>La bulle est l&rsquo;endroit id\u00e9al pour se retrouver autour de jeux de soci\u00e9t\u00e9, pour des pique-niques gourmands ou simplement pour profiter de la nature ensemble. J&rsquo;encourage \u00e9galement \u00e0 laisser les t\u00e9l\u00e9phones et les appareils \u00e9lectroniques de c\u00f4t\u00e9 pour une v\u00e9ritable reconnexion familiale \ud83d\ude42<\/p>\n\n\n\n<p><\/p>\n\n\n\n<h2 class=\"wp-block-heading\">Est-il possible d&rsquo;ajouter des options sp\u00e9ciales pour une sortie en famille ?<\/h2>\n\n\n\n<p>Oui, je propose diverses options pour enrichir votre exp\u00e9rience, telles que des kits de jeux de soci\u00e9t\u00e9, des activit\u00e9s de plein air, une enceinte Bluetooth&#8230;<\/p>\n\n\n\n<p><\/p>\n\n\n\n<h2 class=\"wp-block-heading\">Peut-on r\u00e9server la bulle pour une journ\u00e9e enti\u00e8re ?<\/h2>\n\n\n\n<p>Oui, vous pouvez r\u00e9server la bulle pour une journ\u00e9e enti\u00e8re pour profiter pleinement de votre sortie en famille. Cela vous permet de vous d\u00e9tendre et de passer du temps de qualit\u00e9 ensemble sans vous presser, il y a pour cela, le temps additionnel en option.<\/p>\n\n\n\n<p><\/p>\n\n\n\n<h2 class=\"wp-block-heading\">Pourquoi choisir Bulle d&rsquo;Or pour une sortie en famille \u00e0 Grenoble ?<\/h2>\n\n\n\n<p>Bulle d&rsquo;Or offre une exp\u00e9rience familiale unique et immersive. Situ\u00e9e dans des lieux pittoresques autour de Grenoble, nos bulles transparentes vous permettent de vous reconnecter avec la nature et entre vous, loin des distractions num\u00e9riques. Venez cr\u00e9er des souvenirs inoubliables en famille.<\/p>\n","protected":false},"excerpt":{"rendered":"<p>Pourquoi choisir une bulle transparente pour un moment en famille ? Une bulle transparente offre [&hellip;]<\/p>\n","protected":false},"author":1,"featured_media":0,"parent":0,"menu_order":0,"comment_status":"closed","ping_status":"closed","template":"","meta":{"footnotes":""},"class_list":["post-904","page","type-page","status-publish","hentry"],"yoast_head":"<!-- This site is optimized with the Yoast SEO plugin v24.3 - https:\/\/yoast.com\/wordpress\/plugins\/seo\/ -->\n<title>En famille - Bulle Or<\/title>\n<meta name=\"robots\" content=\"index, follow, max-snippet:-1, max-image-preview:large, max-video-preview:-1\" \/>\n<link rel=\"canonical\" href=\"https:\/\/bulle-d-or.fr\/index.php\/en-famille\/\" \/>\n<meta property=\"og:locale\" content=\"fr_FR\" \/>\n<meta property=\"og:type\" content=\"article\" \/>\n<meta property=\"og:title\" content=\"En famille - Bulle Or\" \/>\n<meta property=\"og:description\" content=\"Pourquoi choisir une bulle transparente pour un moment en famille ? Une bulle transparente offre [&hellip;]\" \/>\n<meta property=\"og:url\" content=\"https:\/\/bulle-d-or.fr\/index.php\/en-famille\/\" \/>\n<meta property=\"og:site_name\" content=\"Bulle Or\" \/>\n<meta property=\"article:modified_time\" content=\"2024-08-14T20:13:26+00:00\" \/>\n<meta property=\"og:image\" content=\"https:\/\/bulle-d-or.fr\/wp-content\/uploads\/2024\/08\/IMG-20240709-WA0008.jpg\" \/>\n\t<meta property=\"og:image:width\" content=\"1200\" \/>\n\t<meta property=\"og:image:height\" content=\"1600\" \/>\n\t<meta property=\"og:image:type\" content=\"image\/jpeg\" \/>\n<meta name=\"twitter:card\" content=\"summary_large_image\" \/>\n<meta name=\"twitter:label1\" content=\"Dur\u00e9e de lecture estim\u00e9e\" \/>\n\t<meta name=\"twitter:data1\" content=\"1 minute\" \/>\n<script type=\"application\/ld+json\" class=\"yoast-schema-graph\">{\"@context\":\"https:\/\/schema.org\",\"@graph\":[{\"@type\":\"WebPage\",\"@id\":\"https:\/\/bulle-d-or.fr\/index.php\/en-famille\/\",\"url\":\"https:\/\/bulle-d-or.fr\/index.php\/en-famille\/\",\"name\":\"En famille - Bulle Or\",\"isPartOf\":{\"@id\":\"https:\/\/bulle-d-or.fr\/#website\"},\"primaryImageOfPage\":{\"@id\":\"https:\/\/bulle-d-or.fr\/index.php\/en-famille\/#primaryimage\"},\"image\":{\"@id\":\"https:\/\/bulle-d-or.fr\/index.php\/en-famille\/#primaryimage\"},\"thumbnailUrl\":\"https:\/\/bulle-d-or.fr\/wp-content\/uploads\/2024\/08\/IMG-20240709-WA0008-768x1024.jpg\",\"datePublished\":\"2024-06-07T18:50:03+00:00\",\"dateModified\":\"2024-08-14T20:13:26+00:00\",\"breadcrumb\":{\"@id\":\"https:\/\/bulle-d-or.fr\/index.php\/en-famille\/#breadcrumb\"},\"inLanguage\":\"fr-FR\",\"potentialAction\":[{\"@type\":\"ReadAction\",\"target\":[\"https:\/\/bulle-d-or.fr\/index.php\/en-famille\/\"]}]},{\"@type\":\"ImageObject\",\"inLanguage\":\"fr-FR\",\"@id\":\"https:\/\/bulle-d-or.fr\/index.php\/en-famille\/#primaryimage\",\"url\":\"https:\/\/bulle-d-or.fr\/wp-content\/uploads\/2024\/08\/IMG-20240709-WA0008.jpg\",\"contentUrl\":\"https:\/\/bulle-d-or.fr\/wp-content\/uploads\/2024\/08\/IMG-20240709-WA0008.jpg\",\"width\":1200,\"height\":1600},{\"@type\":\"BreadcrumbList\",\"@id\":\"https:\/\/bulle-d-or.fr\/index.php\/en-famille\/#breadcrumb\",\"itemListElement\":[{\"@type\":\"ListItem\",\"position\":1,\"name\":\"Home\",\"item\":\"https:\/\/bulle-d-or.fr\/\"},{\"@type\":\"ListItem\",\"position\":2,\"name\":\"En famille\"}]},{\"@type\":\"WebSite\",\"@id\":\"https:\/\/bulle-d-or.fr\/#website\",\"url\":\"https:\/\/bulle-d-or.fr\/\",\"name\":\"Bulle Or\",\"description\":\"Activit\u00e9 insolite de Pique-Nique Chic sous Bulle Transparente dans le Gr\u00e9sivaudan pr\u00e9s de Grenoble\",\"publisher\":{\"@id\":\"https:\/\/bulle-d-or.fr\/#organization\"},\"alternateName\":\"Exp\u00e9rience de Pique-Nique Chic sous Bulle Transparente dans le Gr\u00e9sivaudan\",\"potentialAction\":[{\"@type\":\"SearchAction\",\"target\":{\"@type\":\"EntryPoint\",\"urlTemplate\":\"https:\/\/bulle-d-or.fr\/?s={search_term_string}\"},\"query-input\":{\"@type\":\"PropertyValueSpecification\",\"valueRequired\":true,\"valueName\":\"search_term_string\"}}],\"inLanguage\":\"fr-FR\"},{\"@type\":\"Organization\",\"@id\":\"https:\/\/bulle-d-or.fr\/#organization\",\"name\":\"Bulle Or\",\"url\":\"https:\/\/bulle-d-or.fr\/\",\"logo\":{\"@type\":\"ImageObject\",\"inLanguage\":\"fr-FR\",\"@id\":\"https:\/\/bulle-d-or.fr\/#\/schema\/logo\/image\/\",\"url\":\"https:\/\/bulle-d-or.fr\/wp-content\/uploads\/2024\/02\/bulle-d-or.png\",\"contentUrl\":\"https:\/\/bulle-d-or.fr\/wp-content\/uploads\/2024\/02\/bulle-d-or.png\",\"width\":927,\"height\":343,\"caption\":\"Bulle Or\"},\"image\":{\"@id\":\"https:\/\/bulle-d-or.fr\/#\/schema\/logo\/image\/\"}}]}<\/script>\n<!-- \/ Yoast SEO plugin. -->","yoast_head_json":{"title":"En famille - Bulle Or","robots":{"index":"index","follow":"follow","max-snippet":"max-snippet:-1","max-image-preview":"max-image-preview:large","max-video-preview":"max-video-preview:-1"},"canonical":"https:\/\/bulle-d-or.fr\/index.php\/en-famille\/","og_locale":"fr_FR","og_type":"article","og_title":"En famille - Bulle Or","og_description":"Pourquoi choisir une bulle transparente pour un moment en famille ? Une bulle transparente offre [&hellip;]","og_url":"https:\/\/bulle-d-or.fr\/index.php\/en-famille\/","og_site_name":"Bulle Or","article_modified_time":"2024-08-14T20:13:26+00:00","og_image":[{"width":1200,"height":1600,"url":"https:\/\/bulle-d-or.fr\/wp-content\/uploads\/2024\/08\/IMG-20240709-WA0008.jpg","type":"image\/jpeg"}],"twitter_card":"summary_large_image","twitter_misc":{"Dur\u00e9e de lecture estim\u00e9e":"1 minute"},"schema":{"@context":"https:\/\/schema.org","@graph":[{"@type":"WebPage","@id":"https:\/\/bulle-d-or.fr\/index.php\/en-famille\/","url":"https:\/\/bulle-d-or.fr\/index.php\/en-famille\/","name":"En famille - Bulle Or","isPartOf":{"@id":"https:\/\/bulle-d-or.fr\/#website"},"primaryImageOfPage":{"@id":"https:\/\/bulle-d-or.fr\/index.php\/en-famille\/#primaryimage"},"image":{"@id":"https:\/\/bulle-d-or.fr\/index.php\/en-famille\/#primaryimage"},"thumbnailUrl":"https:\/\/bulle-d-or.fr\/wp-content\/uploads\/2024\/08\/IMG-20240709-WA0008-768x1024.jpg","datePublished":"2024-06-07T18:50:03+00:00","dateModified":"2024-08-14T20:13:26+00:00","breadcrumb":{"@id":"https:\/\/bulle-d-or.fr\/index.php\/en-famille\/#breadcrumb"},"inLanguage":"fr-FR","potentialAction":[{"@type":"ReadAction","target":["https:\/\/bulle-d-or.fr\/index.php\/en-famille\/"]}]},{"@type":"ImageObject","inLanguage":"fr-FR","@id":"https:\/\/bulle-d-or.fr\/index.php\/en-famille\/#primaryimage","url":"https:\/\/bulle-d-or.fr\/wp-content\/uploads\/2024\/08\/IMG-20240709-WA0008.jpg","contentUrl":"https:\/\/bulle-d-or.fr\/wp-content\/uploads\/2024\/08\/IMG-20240709-WA0008.jpg","width":1200,"height":1600},{"@type":"BreadcrumbList","@id":"https:\/\/bulle-d-or.fr\/index.php\/en-famille\/#breadcrumb","itemListElement":[{"@type":"ListItem","position":1,"name":"Home","item":"https:\/\/bulle-d-or.fr\/"},{"@type":"ListItem","position":2,"name":"En famille"}]},{"@type":"WebSite","@id":"https:\/\/bulle-d-or.fr\/#website","url":"https:\/\/bulle-d-or.fr\/","name":"Bulle Or","description":"Activit\u00e9 insolite de Pique-Nique Chic sous Bulle Transparente dans le Gr\u00e9sivaudan pr\u00e9s de Grenoble","publisher":{"@id":"https:\/\/bulle-d-or.fr\/#organization"},"alternateName":"Exp\u00e9rience de Pique-Nique Chic sous Bulle Transparente dans le Gr\u00e9sivaudan","potentialAction":[{"@type":"SearchAction","target":{"@type":"EntryPoint","urlTemplate":"https:\/\/bulle-d-or.fr\/?s={search_term_string}"},"query-input":{"@type":"PropertyValueSpecification","valueRequired":true,"valueName":"search_term_string"}}],"inLanguage":"fr-FR"},{"@type":"Organization","@id":"https:\/\/bulle-d-or.fr\/#organization","name":"Bulle Or","url":"https:\/\/bulle-d-or.fr\/","logo":{"@type":"ImageObject","inLanguage":"fr-FR","@id":"https:\/\/bulle-d-or.fr\/#\/schema\/logo\/image\/","url":"https:\/\/bulle-d-or.fr\/wp-content\/uploads\/2024\/02\/bulle-d-or.png","contentUrl":"https:\/\/bulle-d-or.fr\/wp-content\/uploads\/2024\/02\/bulle-d-or.png","width":927,"height":343,"caption":"Bulle Or"},"image":{"@id":"https:\/\/bulle-d-or.fr\/#\/schema\/logo\/image\/"}}]}},"_links":{"self":[{"href":"https:\/\/bulle-d-or.fr\/index.php\/wp-json\/wp\/v2\/pages\/904"}],"collection":[{"href":"https:\/\/bulle-d-or.fr\/index.php\/wp-json\/wp\/v2\/pages"}],"about":[{"href":"https:\/\/bulle-d-or.fr\/index.php\/wp-json\/wp\/v2\/types\/page"}],"author":[{"embeddable":true,"href":"https:\/\/bulle-d-or.fr\/index.php\/wp-json\/wp\/v2\/users\/1"}],"replies":[{"embeddable":true,"href":"https:\/\/bulle-d-or.fr\/index.php\/wp-json\/wp\/v2\/comments?post=904"}],"version-history":[{"count":6,"href":"https:\/\/bulle-d-or.fr\/index.php\/wp-json\/wp\/v2\/pages\/904\/revisions"}],"predecessor-version":[{"id":1090,"href":"https:\/\/bulle-d-or.fr\/index.php\/wp-json\/wp\/v2\/pages\/904\/revisions\/1090"}],"wp:attachment":[{"href":"https:\/\/bulle-d-or.fr\/index.php\/wp-json\/wp\/v2\/media?parent=904"}],"curies":[{"name":"wp","href":"https:\/\/api.w.org\/{rel}","templated":true}]}}