{"id":906,"date":"2024-06-07T20:50:46","date_gmt":"2024-06-07T18:50:46","guid":{"rendered":"https:\/\/bulle-d-or.fr\/?page_id=906"},"modified":"2024-06-07T22:29:08","modified_gmt":"2024-06-07T20:29:08","slug":"anniversaires-adultes","status":"publish","type":"page","link":"https:\/\/bulle-d-or.fr\/index.php\/anniversaires-adultes\/","title":{"rendered":"Anniversaires adultes"},"content":{"rendered":"\n<h2 class=\"wp-block-heading\">Pourquoi choisir une bulle transparente pour c\u00e9l\u00e9brer un anniversaire d&rsquo;adulte ?<\/h2>\n\n\n\n<p>Une bulle transparente offre un cadre \u00e9l\u00e9gant et unique pour c\u00e9l\u00e9brer un anniversaire d&rsquo;adulte. Entour\u00e9 par la nature et prot\u00e9g\u00e9 des \u00e9l\u00e9ments, vous pourrez profiter d&rsquo;une ambiance intime et m\u00e9morable avec vos proches.<\/p>\n\n\n\n<p><\/p>\n\n\n\n<figure class=\"wp-block-image aligncenter size-large\"><img loading=\"lazy\" decoding=\"async\" width=\"1024\" height=\"764\" src=\"https:\/\/bulle-d-or.fr\/wp-content\/uploads\/2024\/06\/WhatsApp-Image-2024-06-07-at-21-1024x764.jpg\" alt=\"\" class=\"wp-image-931\" srcset=\"https:\/\/bulle-d-or.fr\/wp-content\/uploads\/2024\/06\/WhatsApp-Image-2024-06-07-at-21-1024x764.jpg 1024w, https:\/\/bulle-d-or.fr\/wp-content\/uploads\/2024\/06\/WhatsApp-Image-2024-06-07-at-21-300x224.jpg 300w, https:\/\/bulle-d-or.fr\/wp-content\/uploads\/2024\/06\/WhatsApp-Image-2024-06-07-at-21-768x573.jpg 768w, https:\/\/bulle-d-or.fr\/wp-content\/uploads\/2024\/06\/WhatsApp-Image-2024-06-07-at-21.jpg 1080w\" sizes=\"(max-width: 1024px) 100vw, 1024px\" \/><\/figure>\n\n\n\n<p><\/p>\n\n\n\n<h2 class=\"wp-block-heading\">Y a-t-il des options sp\u00e9ciales pour un anniversaire d&rsquo;adulte ?<\/h2>\n\n\n\n<p>Oui, je propose diverses options pour enrichir l&rsquo;exp\u00e9rience de votre anniversaire, telles que des d\u00e9cors floraux, musicien ou m\u00eame un photographe professionnel pour capturer chaque moment sp\u00e9cial. Je m&rsquo;assure que chaque anniversaire soit unique et inoubliable.<\/p>\n\n\n\n<p><\/p>\n\n\n\n<h2 class=\"wp-block-heading\">Peut-on r\u00e9server la bulle pour une soir\u00e9e enti\u00e8re ?<\/h2>\n\n\n\n<p>Oui, vous pouvez r\u00e9server la bulle pour une soir\u00e9e enti\u00e8re pour profiter pleinement de votre anniversaire. Cela vous permet de vous d\u00e9tendre et de c\u00e9l\u00e9brer sans vous presser, dans un cadre magique sous les \u00e9toiles. Pour une soir\u00e9e enti\u00e8re la prestation devra \u00eatre r\u00e9alis\u00e9e chez l&rsquo;habitant.<\/p>\n\n\n\n<p><\/p>\n\n\n\n<h2 class=\"wp-block-heading\"><\/h2>\n\n\n\n<p><\/p>\n\n\n\n<h2 class=\"wp-block-heading\">Pourquoi choisir Bulle d&rsquo;Or pour un anniversaire d&rsquo;adulte \u00e0 Grenoble ?<\/h2>\n\n\n\n<p>Bulle d&rsquo;Or offre une exp\u00e9rience \u00e9l\u00e9gante et inoubliable pour les anniversaires d&rsquo;adultes. Situ\u00e9e dans des lieux pittoresques autour de Grenoble, la Bulle permet de c\u00e9l\u00e9brer dans un cadre enchanteur et raffin\u00e9. Cr\u00e9ez des souvenirs m\u00e9morables avec notre service personnalis\u00e9.<\/p>\n","protected":false},"excerpt":{"rendered":"<p>Pourquoi choisir une bulle transparente pour c\u00e9l\u00e9brer un anniversaire d&rsquo;adulte ? Une bulle transparente offre [&hellip;]<\/p>\n","protected":false},"author":1,"featured_media":0,"parent":0,"menu_order":0,"comment_status":"closed","ping_status":"closed","template":"","meta":{"footnotes":""},"class_list":["post-906","page","type-page","status-publish","hentry"],"yoast_head":"<!-- This site is optimized with the Yoast SEO plugin v24.3 - https:\/\/yoast.com\/wordpress\/plugins\/seo\/ -->\n<title>Anniversaires adultes - Bulle Or<\/title>\n<meta name=\"robots\" content=\"index, follow, max-snippet:-1, max-image-preview:large, max-video-preview:-1\" \/>\n<link rel=\"canonical\" href=\"https:\/\/bulle-d-or.fr\/index.php\/anniversaires-adultes\/\" \/>\n<meta property=\"og:locale\" content=\"fr_FR\" \/>\n<meta property=\"og:type\" content=\"article\" \/>\n<meta property=\"og:title\" content=\"Anniversaires adultes - Bulle Or\" \/>\n<meta property=\"og:description\" content=\"Pourquoi choisir une bulle transparente pour c\u00e9l\u00e9brer un anniversaire d&rsquo;adulte ? Une bulle transparente offre [&hellip;]\" \/>\n<meta property=\"og:url\" content=\"https:\/\/bulle-d-or.fr\/index.php\/anniversaires-adultes\/\" \/>\n<meta property=\"og:site_name\" content=\"Bulle Or\" \/>\n<meta property=\"article:modified_time\" content=\"2024-06-07T20:29:08+00:00\" \/>\n<meta property=\"og:image\" content=\"https:\/\/bulle-d-or.fr\/wp-content\/uploads\/2024\/06\/WhatsApp-Image-2024-06-07-at-21.jpg\" \/>\n\t<meta property=\"og:image:width\" content=\"1080\" \/>\n\t<meta property=\"og:image:height\" content=\"806\" \/>\n\t<meta property=\"og:image:type\" content=\"image\/jpeg\" \/>\n<meta name=\"twitter:card\" content=\"summary_large_image\" \/>\n<meta name=\"twitter:label1\" content=\"Dur\u00e9e de lecture estim\u00e9e\" \/>\n\t<meta name=\"twitter:data1\" content=\"1 minute\" \/>\n<script type=\"application\/ld+json\" class=\"yoast-schema-graph\">{\"@context\":\"https:\/\/schema.org\",\"@graph\":[{\"@type\":\"WebPage\",\"@id\":\"https:\/\/bulle-d-or.fr\/index.php\/anniversaires-adultes\/\",\"url\":\"https:\/\/bulle-d-or.fr\/index.php\/anniversaires-adultes\/\",\"name\":\"Anniversaires adultes - Bulle Or\",\"isPartOf\":{\"@id\":\"https:\/\/bulle-d-or.fr\/#website\"},\"primaryImageOfPage\":{\"@id\":\"https:\/\/bulle-d-or.fr\/index.php\/anniversaires-adultes\/#primaryimage\"},\"image\":{\"@id\":\"https:\/\/bulle-d-or.fr\/index.php\/anniversaires-adultes\/#primaryimage\"},\"thumbnailUrl\":\"https:\/\/bulle-d-or.fr\/wp-content\/uploads\/2024\/06\/WhatsApp-Image-2024-06-07-at-21-1024x764.jpg\",\"datePublished\":\"2024-06-07T18:50:46+00:00\",\"dateModified\":\"2024-06-07T20:29:08+00:00\",\"breadcrumb\":{\"@id\":\"https:\/\/bulle-d-or.fr\/index.php\/anniversaires-adultes\/#breadcrumb\"},\"inLanguage\":\"fr-FR\",\"potentialAction\":[{\"@type\":\"ReadAction\",\"target\":[\"https:\/\/bulle-d-or.fr\/index.php\/anniversaires-adultes\/\"]}]},{\"@type\":\"ImageObject\",\"inLanguage\":\"fr-FR\",\"@id\":\"https:\/\/bulle-d-or.fr\/index.php\/anniversaires-adultes\/#primaryimage\",\"url\":\"https:\/\/bulle-d-or.fr\/wp-content\/uploads\/2024\/06\/WhatsApp-Image-2024-06-07-at-21.jpg\",\"contentUrl\":\"https:\/\/bulle-d-or.fr\/wp-content\/uploads\/2024\/06\/WhatsApp-Image-2024-06-07-at-21.jpg\",\"width\":1080,\"height\":806},{\"@type\":\"BreadcrumbList\",\"@id\":\"https:\/\/bulle-d-or.fr\/index.php\/anniversaires-adultes\/#breadcrumb\",\"itemListElement\":[{\"@type\":\"ListItem\",\"position\":1,\"name\":\"Home\",\"item\":\"https:\/\/bulle-d-or.fr\/\"},{\"@type\":\"ListItem\",\"position\":2,\"name\":\"Anniversaires adultes\"}]},{\"@type\":\"WebSite\",\"@id\":\"https:\/\/bulle-d-or.fr\/#website\",\"url\":\"https:\/\/bulle-d-or.fr\/\",\"name\":\"Bulle Or\",\"description\":\"Activit\u00e9 insolite de Pique-Nique Chic sous Bulle Transparente dans le Gr\u00e9sivaudan pr\u00e9s de Grenoble\",\"publisher\":{\"@id\":\"https:\/\/bulle-d-or.fr\/#organization\"},\"alternateName\":\"Exp\u00e9rience de Pique-Nique Chic sous Bulle Transparente dans le Gr\u00e9sivaudan\",\"potentialAction\":[{\"@type\":\"SearchAction\",\"target\":{\"@type\":\"EntryPoint\",\"urlTemplate\":\"https:\/\/bulle-d-or.fr\/?s={search_term_string}\"},\"query-input\":{\"@type\":\"PropertyValueSpecification\",\"valueRequired\":true,\"valueName\":\"search_term_string\"}}],\"inLanguage\":\"fr-FR\"},{\"@type\":\"Organization\",\"@id\":\"https:\/\/bulle-d-or.fr\/#organization\",\"name\":\"Bulle Or\",\"url\":\"https:\/\/bulle-d-or.fr\/\",\"logo\":{\"@type\":\"ImageObject\",\"inLanguage\":\"fr-FR\",\"@id\":\"https:\/\/bulle-d-or.fr\/#\/schema\/logo\/image\/\",\"url\":\"https:\/\/bulle-d-or.fr\/wp-content\/uploads\/2024\/02\/bulle-d-or.png\",\"contentUrl\":\"https:\/\/bulle-d-or.fr\/wp-content\/uploads\/2024\/02\/bulle-d-or.png\",\"width\":927,\"height\":343,\"caption\":\"Bulle Or\"},\"image\":{\"@id\":\"https:\/\/bulle-d-or.fr\/#\/schema\/logo\/image\/\"}}]}<\/script>\n<!-- \/ Yoast SEO plugin. -->","yoast_head_json":{"title":"Anniversaires adultes - Bulle Or","robots":{"index":"index","follow":"follow","max-snippet":"max-snippet:-1","max-image-preview":"max-image-preview:large","max-video-preview":"max-video-preview:-1"},"canonical":"https:\/\/bulle-d-or.fr\/index.php\/anniversaires-adultes\/","og_locale":"fr_FR","og_type":"article","og_title":"Anniversaires adultes - Bulle Or","og_description":"Pourquoi choisir une bulle transparente pour c\u00e9l\u00e9brer un anniversaire d&rsquo;adulte ? Une bulle transparente offre [&hellip;]","og_url":"https:\/\/bulle-d-or.fr\/index.php\/anniversaires-adultes\/","og_site_name":"Bulle Or","article_modified_time":"2024-06-07T20:29:08+00:00","og_image":[{"width":1080,"height":806,"url":"https:\/\/bulle-d-or.fr\/wp-content\/uploads\/2024\/06\/WhatsApp-Image-2024-06-07-at-21.jpg","type":"image\/jpeg"}],"twitter_card":"summary_large_image","twitter_misc":{"Dur\u00e9e de lecture estim\u00e9e":"1 minute"},"schema":{"@context":"https:\/\/schema.org","@graph":[{"@type":"WebPage","@id":"https:\/\/bulle-d-or.fr\/index.php\/anniversaires-adultes\/","url":"https:\/\/bulle-d-or.fr\/index.php\/anniversaires-adultes\/","name":"Anniversaires adultes - Bulle Or","isPartOf":{"@id":"https:\/\/bulle-d-or.fr\/#website"},"primaryImageOfPage":{"@id":"https:\/\/bulle-d-or.fr\/index.php\/anniversaires-adultes\/#primaryimage"},"image":{"@id":"https:\/\/bulle-d-or.fr\/index.php\/anniversaires-adultes\/#primaryimage"},"thumbnailUrl":"https:\/\/bulle-d-or.fr\/wp-content\/uploads\/2024\/06\/WhatsApp-Image-2024-06-07-at-21-1024x764.jpg","datePublished":"2024-06-07T18:50:46+00:00","dateModified":"2024-06-07T20:29:08+00:00","breadcrumb":{"@id":"https:\/\/bulle-d-or.fr\/index.php\/anniversaires-adultes\/#breadcrumb"},"inLanguage":"fr-FR","potentialAction":[{"@type":"ReadAction","target":["https:\/\/bulle-d-or.fr\/index.php\/anniversaires-adultes\/"]}]},{"@type":"ImageObject","inLanguage":"fr-FR","@id":"https:\/\/bulle-d-or.fr\/index.php\/anniversaires-adultes\/#primaryimage","url":"https:\/\/bulle-d-or.fr\/wp-content\/uploads\/2024\/06\/WhatsApp-Image-2024-06-07-at-21.jpg","contentUrl":"https:\/\/bulle-d-or.fr\/wp-content\/uploads\/2024\/06\/WhatsApp-Image-2024-06-07-at-21.jpg","width":1080,"height":806},{"@type":"BreadcrumbList","@id":"https:\/\/bulle-d-or.fr\/index.php\/anniversaires-adultes\/#breadcrumb","itemListElement":[{"@type":"ListItem","position":1,"name":"Home","item":"https:\/\/bulle-d-or.fr\/"},{"@type":"ListItem","position":2,"name":"Anniversaires adultes"}]},{"@type":"WebSite","@id":"https:\/\/bulle-d-or.fr\/#website","url":"https:\/\/bulle-d-or.fr\/","name":"Bulle Or","description":"Activit\u00e9 insolite de Pique-Nique Chic sous Bulle Transparente dans le Gr\u00e9sivaudan pr\u00e9s de Grenoble","publisher":{"@id":"https:\/\/bulle-d-or.fr\/#organization"},"alternateName":"Exp\u00e9rience de Pique-Nique Chic sous Bulle Transparente dans le Gr\u00e9sivaudan","potentialAction":[{"@type":"SearchAction","target":{"@type":"EntryPoint","urlTemplate":"https:\/\/bulle-d-or.fr\/?s={search_term_string}"},"query-input":{"@type":"PropertyValueSpecification","valueRequired":true,"valueName":"search_term_string"}}],"inLanguage":"fr-FR"},{"@type":"Organization","@id":"https:\/\/bulle-d-or.fr\/#organization","name":"Bulle Or","url":"https:\/\/bulle-d-or.fr\/","logo":{"@type":"ImageObject","inLanguage":"fr-FR","@id":"https:\/\/bulle-d-or.fr\/#\/schema\/logo\/image\/","url":"https:\/\/bulle-d-or.fr\/wp-content\/uploads\/2024\/02\/bulle-d-or.png","contentUrl":"https:\/\/bulle-d-or.fr\/wp-content\/uploads\/2024\/02\/bulle-d-or.png","width":927,"height":343,"caption":"Bulle Or"},"image":{"@id":"https:\/\/bulle-d-or.fr\/#\/schema\/logo\/image\/"}}]}},"_links":{"self":[{"href":"https:\/\/bulle-d-or.fr\/index.php\/wp-json\/wp\/v2\/pages\/906"}],"collection":[{"href":"https:\/\/bulle-d-or.fr\/index.php\/wp-json\/wp\/v2\/pages"}],"about":[{"href":"https:\/\/bulle-d-or.fr\/index.php\/wp-json\/wp\/v2\/types\/page"}],"author":[{"embeddable":true,"href":"https:\/\/bulle-d-or.fr\/index.php\/wp-json\/wp\/v2\/users\/1"}],"replies":[{"embeddable":true,"href":"https:\/\/bulle-d-or.fr\/index.php\/wp-json\/wp\/v2\/comments?post=906"}],"version-history":[{"count":6,"href":"https:\/\/bulle-d-or.fr\/index.php\/wp-json\/wp\/v2\/pages\/906\/revisions"}],"predecessor-version":[{"id":962,"href":"https:\/\/bulle-d-or.fr\/index.php\/wp-json\/wp\/v2\/pages\/906\/revisions\/962"}],"wp:attachment":[{"href":"https:\/\/bulle-d-or.fr\/index.php\/wp-json\/wp\/v2\/media?parent=906"}],"curies":[{"name":"wp","href":"https:\/\/api.w.org\/{rel}","templated":true}]}}